{"id":865,"date":"2023-12-06T00:29:29","date_gmt":"2023-12-05T21:29:29","guid":{"rendered":"https:\/\/xn--duyapyaynlar-84be.com\/?page_id=865"},"modified":"2024-01-02T02:42:45","modified_gmt":"2024-01-01T23:42:45","slug":"unutulmayan-ahiska","status":"publish","type":"page","link":"https:\/\/xn--duyapyaynlar-84be.com\/?page_id=865","title":{"rendered":"Unutulmayan Ah\u0131ska"},"content":{"rendered":"\t\t<div data-elementor-type=\"wp-page\" data-elementor-id=\"865\" class=\"elementor elementor-865\">\n\t\t\t\t<div class=\"elementor-element elementor-element-0945a17 e-flex e-con-boxed e-con e-parent\" data-id=\"0945a17\" data-element_type=\"container\" data-settings=\"{&quot;content_width&quot;:&quot;boxed&quot;}\" data-core-v316-plus=\"true\">\n\t\t\t\t\t<div class=\"e-con-inner\">\n\t\t\t\t<div class=\"elementor-element elementor-element-301a63f elementor-widget elementor-widget-heading\" data-id=\"301a63f\" data-element_type=\"widget\" data-widget_type=\"heading.default\">\n\t\t\t\t<div class=\"elementor-widget-container\">\n\t\t\t<style>\/*! elementor - v3.19.0 - 28-02-2024 *\/\n.elementor-heading-title{padding:0;margin:0;line-height:1}.elementor-widget-heading .elementor-heading-title[class*=elementor-size-]>a{color:inherit;font-size:inherit;line-height:inherit}.elementor-widget-heading .elementor-heading-title.elementor-size-small{font-size:15px}.elementor-widget-heading .elementor-heading-title.elementor-size-medium{font-size:19px}.elementor-widget-heading .elementor-heading-title.elementor-size-large{font-size:29px}.elementor-widget-heading .elementor-heading-title.elementor-size-xl{font-size:39px}.elementor-widget-heading .elementor-heading-title.elementor-size-xxl{font-size:59px}<\/style><h2 class=\"elementor-heading-title elementor-size-default\">Unutulmayan Ah\u0131ska\n\n<\/h2>\t\t<\/div>\n\t\t\t\t<\/div>\n\t\t\t\t\t<\/div>\n\t\t\t\t<\/div>\n\t\t<div class=\"elementor-element elementor-element-2aa3b49 e-con-full e-flex e-con e-parent\" data-id=\"2aa3b49\" data-element_type=\"container\" data-settings=\"{&quot;content_width&quot;:&quot;full&quot;,&quot;background_background&quot;:&quot;classic&quot;}\" data-core-v316-plus=\"true\">\n\t\t<div class=\"elementor-element elementor-element-07a416f e-con-full e-flex e-con e-child\" data-id=\"07a416f\" data-element_type=\"container\" data-settings=\"{&quot;content_width&quot;:&quot;full&quot;}\">\n\t\t\t\t<div class=\"elementor-element elementor-element-be41f52 elementor-widget elementor-widget-image\" data-id=\"be41f52\" data-element_type=\"widget\" data-widget_type=\"image.default\">\n\t\t\t\t<div class=\"elementor-widget-container\">\n\t\t\t<style>\/*! elementor - v3.19.0 - 28-02-2024 *\/\n.elementor-widget-image{text-align:center}.elementor-widget-image a{display:inline-block}.elementor-widget-image a img[src$=\".svg\"]{width:48px}.elementor-widget-image img{vertical-align:middle;display:inline-block}<\/style>\t\t\t\t\t\t\t\t\t\t<img fetchpriority=\"high\" decoding=\"async\" width=\"217\" height=\"300\" src=\"https:\/\/xn--duyapyaynlar-84be.com\/wp-content\/uploads\/2023\/12\/Picture7-217x300.png\" class=\"attachment-medium size-medium wp-image-1155\" alt=\"\" srcset=\"https:\/\/xn--duyapyaynlar-84be.com\/wp-content\/uploads\/2023\/12\/Picture7-217x300.png 217w, https:\/\/xn--duyapyaynlar-84be.com\/wp-content\/uploads\/2023\/12\/Picture7.png 508w\" sizes=\"(max-width: 217px) 100vw, 217px\" \/>\t\t\t\t\t\t\t\t\t\t\t\t\t<\/div>\n\t\t\t\t<\/div>\n\t\t\t\t<\/div>\n\t\t<div class=\"elementor-element elementor-element-4455a3f e-con-full e-flex e-con e-child\" data-id=\"4455a3f\" data-element_type=\"container\" data-settings=\"{&quot;content_width&quot;:&quot;full&quot;}\">\n\t\t\t\t<div class=\"elementor-element elementor-element-64bdb33 elementor-widget elementor-widget-text-editor\" data-id=\"64bdb33\" data-element_type=\"widget\" data-widget_type=\"text-editor.default\">\n\t\t\t\t<div class=\"elementor-widget-container\">\n\t\t\t<style>\/*! elementor - v3.19.0 - 28-02-2024 *\/\n.elementor-widget-text-editor.elementor-drop-cap-view-stacked .elementor-drop-cap{background-color:#69727d;color:#fff}.elementor-widget-text-editor.elementor-drop-cap-view-framed .elementor-drop-cap{color:#69727d;border:3px solid;background-color:transparent}.elementor-widget-text-editor:not(.elementor-drop-cap-view-default) .elementor-drop-cap{margin-top:8px}.elementor-widget-text-editor:not(.elementor-drop-cap-view-default) .elementor-drop-cap-letter{width:1em;height:1em}.elementor-widget-text-editor .elementor-drop-cap{float:left;text-align:center;line-height:1;font-size:50px}.elementor-widget-text-editor .elementor-drop-cap-letter{display:inline-block}<\/style>\t\t\t\t<h4><strong><span style=\"font-style: inherit; text-align: var(--text-align); background-color: var(--ast-global-color-4); color: var(--ast-global-color-3);\">Hal\u00fbk Harun DUMAN-<b>Furkan <\/b><b>Abir<\/b><b>-Hiranur Baylan Aslan-Elif Buse Ay-Melike Selcan Bat\u0131r-Derya \u00c7etin<\/b><\/span><\/strong><\/h4>\n<p><b>\u0130stanbul: DUYAP Medya Yay\u0131nc\u0131l\u0131k, 2023, (<\/b><b>Piya<\/b><b> Matbaas\u0131)<\/b><\/p>\n<p><b>295 s. + Resim.<\/b><\/p>\n<p><b>VATANINI kim, neden terk eder? \u0130nsan do\u011fdu\u011fu, b\u00fcy\u00fcd\u00fc\u011f\u00fc, an\u0131lar\u0131n\u0131n yer ald\u0131\u011f\u0131 ata topraklar\u0131ndan neden ayr\u0131l\u0131r? Bu ayr\u0131l\u0131\u015f\u0131n sebepleri nelerdir? Bu zorunlu s\u00fcrg\u00fcne sebep olanlar kimlerdir? S\u00fcrg\u00fcnler s\u0131ras\u0131nda ne t\u00fcr ac\u0131lar, trajediler, yaralanmalar ve \u00f6l\u00fcmler ya\u015fanm\u0131\u015ft\u0131r?..<\/b><\/p>\n<p><b>Bu ve buna benzer sorular soruldu\u011funda akla gelecek topluluklardan biri, belki de ilki Ah\u0131ska T\u00fcrkleridir. Ya\u015fad\u0131klar\u0131 cennet co\u011frafyay\u0131 1828-1829 Osmanl\u0131-Rus Sava\u015f\u0131\u2019ndan sonra kaybetmeye ba\u015flayan Ah\u0131skal\u0131lar, tarihin en mazlum insanlar\u0131d\u0131r. Dilleriyle, dinleriyle, gelenek ve g\u00f6renekleriyle T\u00fcrk\u00fcn ve T\u00fcrkl\u00fc\u011f\u00fcn \u00f6z evlad\u0131 olan Ah\u0131skal\u0131lar\u0131n ya\u015fad\u0131klar\u0131, b\u0131rak\u0131n kitaplar\u0131, ansiklopediler dolduracak, belgeseller ve filmler yap\u0131lacak kadar geni\u015ftir.<\/b><\/p>\n<p><b>2020 y\u0131l\u0131 doktora dersi \u00f6\u011frencileri ile haz\u0131rlad\u0131\u011f\u0131m\u0131z bu \u00e7al\u0131\u015fmada Ah\u0131ska konusu; tarihi, co\u011frafi, siyasi ve k\u00fclt\u00fcrel a\u00e7\u0131lardan ele al\u0131nd\u0131.<\/b><\/p>\n<blockquote>(Sipari\u015f vermek i\u00e7in 0532 722 23 94, sisterduman@yahoo.com.tr)<\/blockquote>\t\t\t\t\t\t<\/div>\n\t\t\t\t<\/div>\n\t\t\t\t<\/div>\n\t\t\t\t<\/div>\n\t\t\t\t<\/div>\n\t\t","protected":false},"excerpt":{"rendered":"<p>Unutulmayan Ah\u0131ska Hal\u00fbk Harun DUMAN-Furkan Abir-Hiranur Baylan Aslan-Elif Buse Ay-Melike Selcan Bat\u0131r-Derya \u00c7etin \u0130stanbul: DUYAP Medya Yay\u0131nc\u0131l\u0131k, 2023, (Piya Matbaas\u0131) 295 s. + Resim. VATANINI kim, neden terk eder? \u0130nsan do\u011fdu\u011fu, b\u00fcy\u00fcd\u00fc\u011f\u00fc, an\u0131lar\u0131n\u0131n yer ald\u0131\u011f\u0131 ata topraklar\u0131ndan neden ayr\u0131l\u0131r? Bu ayr\u0131l\u0131\u015f\u0131n sebepleri nelerdir? Bu zorunlu s\u00fcrg\u00fcne sebep olanlar kimlerdir? S\u00fcrg\u00fcnler s\u0131ras\u0131nda ne t\u00fcr ac\u0131lar, trajediler, &hellip;<\/p>\n<p class=\"read-more\"> <a class=\"\" href=\"https:\/\/xn--duyapyaynlar-84be.com\/?page_id=865\"> <span class=\"screen-reader-text\">Unutulmayan Ah\u0131ska<\/span> Devam\u0131 &raquo;<\/a><\/p>\n","protected":false},"author":1,"featured_media":0,"parent":0,"menu_order":0,"comment_status":"closed","ping_status":"closed","template":"","meta":{"om_disable_all_campaigns":false,"_monsterinsights_skip_tracking":false,"_monsterinsights_sitenote_active":false,"_monsterinsights_sitenote_note":"","_monsterinsights_sitenote_category":0,"site-sidebar-layout":"no-sidebar","site-content-layout":"page-builder","ast-site-content-layout":"full-width-container","site-content-style":"default","site-sidebar-style":"default","ast-global-header-display":"","ast-banner-title-visibility":"","ast-main-header-display":"","ast-hfb-above-header-display":"","ast-hfb-below-header-display":"","ast-hfb-mobile-header-display":"","site-post-title":"disabled","ast-breadcrumbs-content":"","ast-featured-img":"disabled","footer-sml-layout":"","theme-transparent-header-meta":"","adv-header-id-meta":"","stick-header-meta":"","header-above-stick-meta":"","header-main-stick-meta":"","header-below-stick-meta":"","astra-migrate-meta-layouts":"","ast-page-background-enabled":"default","ast-page-background-meta":{"desktop":{"background-color":"","background-image":"","background-repeat":"repeat","background-position":"center center","background-size":"auto","background-attachment":"scroll","background-type":"","background-media":"","overlay-type":"","overlay-color":"","overlay-gradient":""},"tablet":{"background-color":"","background-image":"","background-repeat":"repeat","background-position":"center center","background-size":"auto","background-attachment":"scroll","background-type":"","background-media":"","overlay-type":"","overlay-color":"","overlay-gradient":""},"mobile":{"background-color":"","background-image":"","background-repeat":"repeat","background-position":"center center","background-size":"auto","background-attachment":"scroll","background-type":"","background-media":"","overlay-type":"","overlay-color":"","overlay-gradient":""}},"ast-content-background-meta":{"desktop":{"background-color":"var(--ast-global-color-5)","background-image":"","background-repeat":"repeat","background-position":"center center","background-size":"auto","background-attachment":"scroll","background-type":"","background-media":"","overlay-type":"","overlay-color":"","overlay-gradient":""},"tablet":{"background-color":"var(--ast-global-color-5)","background-image":"","background-repeat":"repeat","background-position":"center center","background-size":"auto","background-attachment":"scroll","background-type":"","background-media":"","overlay-type":"","overlay-color":"","overlay-gradient":""},"mobile":{"background-color":"var(--ast-global-color-5)","background-image":"","background-repeat":"repeat","background-position":"center center","background-size":"auto","background-attachment":"scroll","background-type":"","background-media":"","overlay-type":"","overlay-color":"","overlay-gradient":""}},"footnotes":""},"aioseo_notices":[],"_links":{"self":[{"href":"https:\/\/xn--duyapyaynlar-84be.com\/index.php?rest_route=\/wp\/v2\/pages\/865"}],"collection":[{"href":"https:\/\/xn--duyapyaynlar-84be.com\/index.php?rest_route=\/wp\/v2\/pages"}],"about":[{"href":"https:\/\/xn--duyapyaynlar-84be.com\/index.php?rest_route=\/wp\/v2\/types\/page"}],"author":[{"embeddable":true,"href":"https:\/\/xn--duyapyaynlar-84be.com\/index.php?rest_route=\/wp\/v2\/users\/1"}],"replies":[{"embeddable":true,"href":"https:\/\/xn--duyapyaynlar-84be.com\/index.php?rest_route=%2Fwp%2Fv2%2Fcomments&post=865"}],"version-history":[{"count":28,"href":"https:\/\/xn--duyapyaynlar-84be.com\/index.php?rest_route=\/wp\/v2\/pages\/865\/revisions"}],"predecessor-version":[{"id":2047,"href":"https:\/\/xn--duyapyaynlar-84be.com\/index.php?rest_route=\/wp\/v2\/pages\/865\/revisions\/2047"}],"wp:attachment":[{"href":"https:\/\/xn--duyapyaynlar-84be.com\/index.php?rest_route=%2Fwp%2Fv2%2Fmedia&parent=865"}],"curies":[{"name":"wp","href":"https:\/\/api.w.org\/{rel}","templated":true}]}}