{"id":844,"date":"2023-12-06T00:27:53","date_gmt":"2023-12-05T21:27:53","guid":{"rendered":"https:\/\/xn--duyapyaynlar-84be.com\/?page_id=844"},"modified":"2024-01-02T02:42:39","modified_gmt":"2024-01-01T23:42:39","slug":"sanatta-gorsel-dilin-olusumu-ve-sorunlarina-dair","status":"publish","type":"page","link":"https:\/\/xn--duyapyaynlar-84be.com\/?page_id=844","title":{"rendered":"SANATTA G\u00d6RSEL D\u0130L\u0130N OLU\u015eUMU VE SORUNLARINA DA\u0130R"},"content":{"rendered":"\t\t<div data-elementor-type=\"wp-page\" data-elementor-id=\"844\" class=\"elementor elementor-844\">\n\t\t\t\t<div class=\"elementor-element elementor-element-cf5e97f e-flex e-con-boxed e-con e-parent\" data-id=\"cf5e97f\" data-element_type=\"container\" data-settings=\"{&quot;content_width&quot;:&quot;boxed&quot;}\" data-core-v316-plus=\"true\">\n\t\t\t\t\t<div class=\"e-con-inner\">\n\t\t\t\t<div class=\"elementor-element elementor-element-91a58cd elementor-widget elementor-widget-heading\" data-id=\"91a58cd\" data-element_type=\"widget\" data-widget_type=\"heading.default\">\n\t\t\t\t<div class=\"elementor-widget-container\">\n\t\t\t<style>\/*! elementor - v3.19.0 - 28-02-2024 *\/\n.elementor-heading-title{padding:0;margin:0;line-height:1}.elementor-widget-heading .elementor-heading-title[class*=elementor-size-]>a{color:inherit;font-size:inherit;line-height:inherit}.elementor-widget-heading .elementor-heading-title.elementor-size-small{font-size:15px}.elementor-widget-heading .elementor-heading-title.elementor-size-medium{font-size:19px}.elementor-widget-heading .elementor-heading-title.elementor-size-large{font-size:29px}.elementor-widget-heading .elementor-heading-title.elementor-size-xl{font-size:39px}.elementor-widget-heading .elementor-heading-title.elementor-size-xxl{font-size:59px}<\/style><h2 class=\"elementor-heading-title elementor-size-default\">Sanatta G\u00f6rsel Dilin Olu\u015fumu ve Sorunlar\u0131na Dair\n<\/h2>\t\t<\/div>\n\t\t\t\t<\/div>\n\t\t\t\t\t<\/div>\n\t\t\t\t<\/div>\n\t\t<div class=\"elementor-element elementor-element-6579ded e-con-full e-flex e-con e-parent\" data-id=\"6579ded\" data-element_type=\"container\" data-settings=\"{&quot;content_width&quot;:&quot;full&quot;,&quot;background_background&quot;:&quot;classic&quot;}\" data-core-v316-plus=\"true\">\n\t\t<div class=\"elementor-element elementor-element-b45aca9 e-con-full e-flex e-con e-child\" data-id=\"b45aca9\" data-element_type=\"container\" data-settings=\"{&quot;content_width&quot;:&quot;full&quot;}\">\n\t\t\t\t<div class=\"elementor-element elementor-element-e025246 elementor-widget elementor-widget-image\" data-id=\"e025246\" data-element_type=\"widget\" data-widget_type=\"image.default\">\n\t\t\t\t<div class=\"elementor-widget-container\">\n\t\t\t<style>\/*! elementor - v3.19.0 - 28-02-2024 *\/\n.elementor-widget-image{text-align:center}.elementor-widget-image a{display:inline-block}.elementor-widget-image a img[src$=\".svg\"]{width:48px}.elementor-widget-image img{vertical-align:middle;display:inline-block}<\/style>\t\t\t\t\t\t\t\t\t\t<img fetchpriority=\"high\" decoding=\"async\" width=\"226\" height=\"300\" src=\"https:\/\/xn--duyapyaynlar-84be.com\/wp-content\/uploads\/2023\/12\/Picture5-226x300.png\" class=\"attachment-medium size-medium wp-image-1153\" alt=\"\" srcset=\"https:\/\/xn--duyapyaynlar-84be.com\/wp-content\/uploads\/2023\/12\/Picture5-226x300.png 226w, https:\/\/xn--duyapyaynlar-84be.com\/wp-content\/uploads\/2023\/12\/Picture5.png 498w\" sizes=\"(max-width: 226px) 100vw, 226px\" \/>\t\t\t\t\t\t\t\t\t\t\t\t\t<\/div>\n\t\t\t\t<\/div>\n\t\t\t\t<\/div>\n\t\t<div class=\"elementor-element elementor-element-66cbd66 e-con-full e-flex e-con e-child\" data-id=\"66cbd66\" data-element_type=\"container\" data-settings=\"{&quot;content_width&quot;:&quot;full&quot;}\">\n\t\t\t\t<div class=\"elementor-element elementor-element-63de1bc elementor-widget elementor-widget-text-editor\" data-id=\"63de1bc\" data-element_type=\"widget\" data-widget_type=\"text-editor.default\">\n\t\t\t\t<div class=\"elementor-widget-container\">\n\t\t\t<style>\/*! elementor - v3.19.0 - 28-02-2024 *\/\n.elementor-widget-text-editor.elementor-drop-cap-view-stacked .elementor-drop-cap{background-color:#69727d;color:#fff}.elementor-widget-text-editor.elementor-drop-cap-view-framed .elementor-drop-cap{color:#69727d;border:3px solid;background-color:transparent}.elementor-widget-text-editor:not(.elementor-drop-cap-view-default) .elementor-drop-cap{margin-top:8px}.elementor-widget-text-editor:not(.elementor-drop-cap-view-default) .elementor-drop-cap-letter{width:1em;height:1em}.elementor-widget-text-editor .elementor-drop-cap{float:left;text-align:center;line-height:1;font-size:50px}.elementor-widget-text-editor .elementor-drop-cap-letter{display:inline-block}<\/style>\t\t\t\t<h4><strong><span style=\"font-style: inherit; text-align: var(--text-align); background-color: var(--ast-global-color-4); color: var(--ast-global-color-3);\">Devabil Kara<br><\/span><\/strong><\/h4>\n<p><b>\u0130stanbul: DUYAP Medya Yay\u0131nc\u0131l\u0131k, 2023, (<\/b><b>Piya<\/b><b> Matbaas\u0131)<\/b><\/p>\n<p><b>247 s. + Resim.<\/b><\/p>\n<p><b>Sanat ile di\u011fer akademik disiplinler aras\u0131ndaki etkile\u015fim, disiplinler aras\u0131 zenginlik ve geli\u015fme kayna\u011f\u0131 olarak i\u015flev g\u00f6rmekte olup, bu etkile\u015fim arac\u0131l\u0131\u011f\u0131yla hem alanlar\u0131n bilgi birikimi art\u0131rarak anlay\u0131\u015flar\u0131n\u0131 derinle\u015ftirmekte \u00f6nemli bir rol oynamaktad\u0131r. \u00d6zellikle arkeoloji ve sanat aras\u0131ndaki tarihsel ve g\u00fcncel ili\u015fki, disiplinlerin birbirlerine olan etkile\u015fimin bir \u00f6rne\u011fini sunmaktad\u0131r. <\/b><\/p>\n<p><b>Sanat yap\u0131t\u0131 olarak ortaya konulan bi\u00e7im ve yap\u0131n\u0131n yo\u011funla\u015fma, bellek, ritim, esin vb. temel \u00f6gelerin de \u00f6tesinde sanat\u00e7\u0131n\u0131n b\u00fct\u00fcn v\u00fccuduyla derinle\u015fmesi, d\u00fc\u015f\u00fcnmeye ba\u015flamas\u0131, o ana kadar \u00f6z\u00fcmlenen k\u00fclt\u00fcrel birikimleri eyleme ge\u00e7irilmesi gerekir. Ya\u015famsal etkiyle ba\u015flayan bu eylem yeniden \u00fcretimle zorunlu bir ba\u011flant\u0131 kurar. Eylem yarat\u0131c\u0131n\u0131n ve \u00e7evrenin s\u0131n\u0131rlar\u0131n\u0131 a\u015farak evrensel bir b\u00fct\u00fcnl\u00fc\u011fe var\u0131lmas\u0131, ba\u015far\u0131y\u0131 ortaya koyar.<\/b><\/p>\n<p><b>Bu kitapta alg\u0131lama ve sanat aras\u0131ndaki ili\u015fkinin anla\u015f\u0131lmas\u0131na y\u00f6nelik i\u00e7erikler ile sanat e\u011fitimi, gelece\u011fin sanat\u0131na dair tart\u0131\u015fmalar ve de\u011ferlendirmeler bir araya getirilerek sunulmu\u015ftur. Bu i\u00e7erikler, makale ve sergi yaz\u0131s\u0131 formatlar\u0131ndaki metinlerin birbirini takip eden bir d\u00fczenlemeyle yan yana, ard\u0131\u015f\u0131k ve i\u00e7 i\u00e7e olarak sunulmu\u015ftur.<\/b><\/p>\n<blockquote>(Sipari\u015f vermek i\u00e7in 0532 722 23 94, sisterduman@yahoo.com.tr)<\/blockquote>\t\t\t\t\t\t<\/div>\n\t\t\t\t<\/div>\n\t\t\t\t<\/div>\n\t\t\t\t<\/div>\n\t\t\t\t<\/div>\n\t\t","protected":false},"excerpt":{"rendered":"<p>Sanatta G\u00f6rsel Dilin Olu\u015fumu ve Sorunlar\u0131na Dair Devabil Kara \u0130stanbul: DUYAP Medya Yay\u0131nc\u0131l\u0131k, 2023, (Piya Matbaas\u0131) 247 s. + Resim. Sanat ile di\u011fer akademik disiplinler aras\u0131ndaki etkile\u015fim, disiplinler aras\u0131 zenginlik ve geli\u015fme kayna\u011f\u0131 olarak i\u015flev g\u00f6rmekte olup, bu etkile\u015fim arac\u0131l\u0131\u011f\u0131yla hem alanlar\u0131n bilgi birikimi art\u0131rarak anlay\u0131\u015flar\u0131n\u0131 derinle\u015ftirmekte \u00f6nemli bir rol oynamaktad\u0131r. \u00d6zellikle arkeoloji ve sanat &hellip;<\/p>\n<p class=\"read-more\"> <a class=\"\" href=\"https:\/\/xn--duyapyaynlar-84be.com\/?page_id=844\"> <span class=\"screen-reader-text\">SANATTA G\u00d6RSEL D\u0130L\u0130N OLU\u015eUMU VE SORUNLARINA DA\u0130R<\/span> Devam\u0131 &raquo;<\/a><\/p>\n","protected":false},"author":1,"featured_media":0,"parent":0,"menu_order":0,"comment_status":"closed","ping_status":"closed","template":"","meta":{"om_disable_all_campaigns":false,"_monsterinsights_skip_tracking":false,"_monsterinsights_sitenote_active":false,"_monsterinsights_sitenote_note":"","_monsterinsights_sitenote_category":0,"site-sidebar-layout":"no-sidebar","site-content-layout":"page-builder","ast-site-content-layout":"full-width-container","site-content-style":"default","site-sidebar-style":"default","ast-global-header-display":"","ast-banner-title-visibility":"","ast-main-header-display":"","ast-hfb-above-header-display":"","ast-hfb-below-header-display":"","ast-hfb-mobile-header-display":"","site-post-title":"disabled","ast-breadcrumbs-content":"","ast-featured-img":"disabled","footer-sml-layout":"","theme-transparent-header-meta":"","adv-header-id-meta":"","stick-header-meta":"","header-above-stick-meta":"","header-main-stick-meta":"","header-below-stick-meta":"","astra-migrate-meta-layouts":"","ast-page-background-enabled":"default","ast-page-background-meta":{"desktop":{"background-color":"","background-image":"","background-repeat":"repeat","background-position":"center center","background-size":"auto","background-attachment":"scroll","background-type":"","background-media":"","overlay-type":"","overlay-color":"","overlay-gradient":""},"tablet":{"background-color":"","background-image":"","background-repeat":"repeat","background-position":"center center","background-size":"auto","background-attachment":"scroll","background-type":"","background-media":"","overlay-type":"","overlay-color":"","overlay-gradient":""},"mobile":{"background-color":"","background-image":"","background-repeat":"repeat","background-position":"center center","background-size":"auto","background-attachment":"scroll","background-type":"","background-media":"","overlay-type":"","overlay-color":"","overlay-gradient":""}},"ast-content-background-meta":{"desktop":{"background-color":"var(--ast-global-color-5)","background-image":"","background-repeat":"repeat","background-position":"center center","background-size":"auto","background-attachment":"scroll","background-type":"","background-media":"","overlay-type":"","overlay-color":"","overlay-gradient":""},"tablet":{"background-color":"var(--ast-global-color-5)","background-image":"","background-repeat":"repeat","background-position":"center center","background-size":"auto","background-attachment":"scroll","background-type":"","background-media":"","overlay-type":"","overlay-color":"","overlay-gradient":""},"mobile":{"background-color":"var(--ast-global-color-5)","background-image":"","background-repeat":"repeat","background-position":"center center","background-size":"auto","background-attachment":"scroll","background-type":"","background-media":"","overlay-type":"","overlay-color":"","overlay-gradient":""}},"footnotes":""},"aioseo_notices":[],"_links":{"self":[{"href":"https:\/\/xn--duyapyaynlar-84be.com\/index.php?rest_route=\/wp\/v2\/pages\/844"}],"collection":[{"href":"https:\/\/xn--duyapyaynlar-84be.com\/index.php?rest_route=\/wp\/v2\/pages"}],"about":[{"href":"https:\/\/xn--duyapyaynlar-84be.com\/index.php?rest_route=\/wp\/v2\/types\/page"}],"author":[{"embeddable":true,"href":"https:\/\/xn--duyapyaynlar-84be.com\/index.php?rest_route=\/wp\/v2\/users\/1"}],"replies":[{"embeddable":true,"href":"https:\/\/xn--duyapyaynlar-84be.com\/index.php?rest_route=%2Fwp%2Fv2%2Fcomments&post=844"}],"version-history":[{"count":31,"href":"https:\/\/xn--duyapyaynlar-84be.com\/index.php?rest_route=\/wp\/v2\/pages\/844\/revisions"}],"predecessor-version":[{"id":2044,"href":"https:\/\/xn--duyapyaynlar-84be.com\/index.php?rest_route=\/wp\/v2\/pages\/844\/revisions\/2044"}],"wp:attachment":[{"href":"https:\/\/xn--duyapyaynlar-84be.com\/index.php?rest_route=%2Fwp%2Fv2%2Fmedia&parent=844"}],"curies":[{"name":"wp","href":"https:\/\/api.w.org\/{rel}","templated":true}]}}