{"id":843,"date":"2023-12-06T00:27:53","date_gmt":"2023-12-05T21:27:53","guid":{"rendered":"https:\/\/xn--duyapyaynlar-84be.com\/?page_id=843"},"modified":"2024-01-02T02:37:41","modified_gmt":"2024-01-01T23:37:41","slug":"metin-cozumleme-yontemleri-tanzimat-donemi","status":"publish","type":"page","link":"https:\/\/xn--duyapyaynlar-84be.com\/?page_id=843","title":{"rendered":"MET\u0130N \u00c7\u00d6Z\u00dcMLEME Y\u00d6NTEMLER\u0130-TANZ\u0130MAT D\u00d6NEM\u0130"},"content":{"rendered":"\t\t<div data-elementor-type=\"wp-page\" data-elementor-id=\"843\" class=\"elementor elementor-843\">\n\t\t\t\t<div class=\"elementor-element elementor-element-bb5e7a0 e-flex e-con-boxed e-con e-parent\" data-id=\"bb5e7a0\" data-element_type=\"container\" data-settings=\"{&quot;content_width&quot;:&quot;boxed&quot;}\" data-core-v316-plus=\"true\">\n\t\t\t\t\t<div class=\"e-con-inner\">\n\t\t\t\t<div class=\"elementor-element elementor-element-e6be1fd elementor-widget elementor-widget-heading\" data-id=\"e6be1fd\" data-element_type=\"widget\" data-widget_type=\"heading.default\">\n\t\t\t\t<div class=\"elementor-widget-container\">\n\t\t\t<style>\/*! elementor - v3.19.0 - 28-02-2024 *\/\n.elementor-heading-title{padding:0;margin:0;line-height:1}.elementor-widget-heading .elementor-heading-title[class*=elementor-size-]>a{color:inherit;font-size:inherit;line-height:inherit}.elementor-widget-heading .elementor-heading-title.elementor-size-small{font-size:15px}.elementor-widget-heading .elementor-heading-title.elementor-size-medium{font-size:19px}.elementor-widget-heading .elementor-heading-title.elementor-size-large{font-size:29px}.elementor-widget-heading .elementor-heading-title.elementor-size-xl{font-size:39px}.elementor-widget-heading .elementor-heading-title.elementor-size-xxl{font-size:59px}<\/style><h2 class=\"elementor-heading-title elementor-size-default\">Metin \u00c7\u00f6z\u00fcmleme Y\u00f6ntemleri-Tanzimat D\u00f6nemi\n<\/h2>\t\t<\/div>\n\t\t\t\t<\/div>\n\t\t\t\t\t<\/div>\n\t\t\t\t<\/div>\n\t\t<div class=\"elementor-element elementor-element-be6f726 e-con-full e-flex e-con e-parent\" data-id=\"be6f726\" data-element_type=\"container\" data-settings=\"{&quot;content_width&quot;:&quot;full&quot;,&quot;background_background&quot;:&quot;classic&quot;}\" data-core-v316-plus=\"true\">\n\t\t<div class=\"elementor-element elementor-element-381e13d e-con-full e-flex e-con e-child\" data-id=\"381e13d\" data-element_type=\"container\" data-settings=\"{&quot;content_width&quot;:&quot;full&quot;}\">\n\t\t\t\t<div class=\"elementor-element elementor-element-ae64625 elementor-widget elementor-widget-image\" data-id=\"ae64625\" data-element_type=\"widget\" data-widget_type=\"image.default\">\n\t\t\t\t<div class=\"elementor-widget-container\">\n\t\t\t<style>\/*! elementor - v3.19.0 - 28-02-2024 *\/\n.elementor-widget-image{text-align:center}.elementor-widget-image a{display:inline-block}.elementor-widget-image a img[src$=\".svg\"]{width:48px}.elementor-widget-image img{vertical-align:middle;display:inline-block}<\/style>\t\t\t\t\t\t\t\t\t\t<img fetchpriority=\"high\" decoding=\"async\" width=\"214\" height=\"300\" src=\"https:\/\/xn--duyapyaynlar-84be.com\/wp-content\/uploads\/2023\/12\/Picture4-214x300.png\" class=\"attachment-medium size-medium wp-image-968\" alt=\"\" srcset=\"https:\/\/xn--duyapyaynlar-84be.com\/wp-content\/uploads\/2023\/12\/Picture4-214x300.png 214w, https:\/\/xn--duyapyaynlar-84be.com\/wp-content\/uploads\/2023\/12\/Picture4.png 514w\" sizes=\"(max-width: 214px) 100vw, 214px\" \/>\t\t\t\t\t\t\t\t\t\t\t\t\t<\/div>\n\t\t\t\t<\/div>\n\t\t\t\t<\/div>\n\t\t<div class=\"elementor-element elementor-element-bd730c5 e-con-full e-flex e-con e-child\" data-id=\"bd730c5\" data-element_type=\"container\" data-settings=\"{&quot;content_width&quot;:&quot;full&quot;}\">\n\t\t\t\t<div class=\"elementor-element elementor-element-568cd88 elementor-widget elementor-widget-text-editor\" data-id=\"568cd88\" data-element_type=\"widget\" data-widget_type=\"text-editor.default\">\n\t\t\t\t<div class=\"elementor-widget-container\">\n\t\t\t<style>\/*! elementor - v3.19.0 - 28-02-2024 *\/\n.elementor-widget-text-editor.elementor-drop-cap-view-stacked .elementor-drop-cap{background-color:#69727d;color:#fff}.elementor-widget-text-editor.elementor-drop-cap-view-framed .elementor-drop-cap{color:#69727d;border:3px solid;background-color:transparent}.elementor-widget-text-editor:not(.elementor-drop-cap-view-default) .elementor-drop-cap{margin-top:8px}.elementor-widget-text-editor:not(.elementor-drop-cap-view-default) .elementor-drop-cap-letter{width:1em;height:1em}.elementor-widget-text-editor .elementor-drop-cap{float:left;text-align:center;line-height:1;font-size:50px}.elementor-widget-text-editor .elementor-drop-cap-letter{display:inline-block}<\/style>\t\t\t\t<h4><strong><span style=\"font-style: inherit; text-align: var(--text-align); background-color: var(--ast-global-color-4); color: var(--ast-global-color-3);\">Hal\u00fbk Harun DUMAN<\/span><\/strong><\/h4>\n<p><b>\u0130stanbul: DUYAP, 2000, (Vira Matbaas\u0131)<\/b><\/p>\n<p><b>344 s. +<\/b> <b>Resim ; 20 cm<\/b><\/p>\n<p><b>Metinleri do\u011fru anlama, sat\u0131r aralar\u0131nda yatan incelikleri ortaya \u00e7\u0131karma konusunda metin \u00e7\u00f6z\u00fcmleme y\u00f6ntemleri \u00f6nemli ip u\u00e7lar\u0131 sa\u011flar. Bu kitapta 1839 y\u0131l\u0131nda il\u00e2n edilen Tanzimat Ferman\u0131\u2019ndan ba\u015flayarak o d\u00f6nemde bas\u0131nda \u00e7\u0131kan yaz\u0131lar, \u015fiirler, \u00f6yk\u00fc ve belli ba\u015fl\u0131 romanlar\u0131n sistematik \u00e7\u00f6z\u00fcmlemesi yap\u0131lmaktad\u0131r. Tanzimat Ferman\u0131 ba\u015fta olmak \u00fczere bu d\u00f6nemde yay\u0131nlanmaya ba\u015flayan Terc\u00fcman-\u0131 Ahval (1860) ve <\/b><b>Tasfir<\/b><b>-i Efkar (1862) gazetelerinin mukaddimeleri incelenmektedir. Ayr\u0131ca d\u00f6nemin \u015fiirlerinden ve tiyatro eserlerinden \u00f6rnek incelemeler yap\u0131lmaktad\u0131r. Tanzimat d\u00f6neminde yay\u0131mlanan ve d\u00f6nemin ruhunu yans\u0131tan \u015fu metinler \u00e7\u00f6z\u00fcmlenmektedir:<\/b><\/p>\n<p><b>Nabiz\u00e2de<\/b><b> Naz\u0131m, Karabibik, \u015eemseddin Sami, Taa\u015f\u015fuk-\u0131 Talat ve <\/b><b>F\u0131tnat<\/b><b>, Nam\u0131k Kemal, \u0130ntibah, Ahmet Mithat, <\/b><b>Felat\u00fbn<\/b><b> Bey ile Rak\u0131m Efendi, <\/b><b>Samipa\u015faz\u00e2de<\/b><b> Sezai, Serg\u00fcze\u015ft, <\/b><b>Recaiz\u00e2de<\/b><b> Mahmut Ekrem, Araba Sevdas\u0131, <\/b><b>Mizanc\u0131<\/b><b> Murat, Turfanda m\u0131 Turfa m\u0131?<\/b><\/p>\n<blockquote>(Sipari\u015f vermek i\u00e7in 0532 722 23 94, sisterduman@yahoo.com.tr)<\/blockquote>\t\t\t\t\t\t<\/div>\n\t\t\t\t<\/div>\n\t\t\t\t<\/div>\n\t\t\t\t<\/div>\n\t\t\t\t<\/div>\n\t\t","protected":false},"excerpt":{"rendered":"<p>Metin \u00c7\u00f6z\u00fcmleme Y\u00f6ntemleri-Tanzimat D\u00f6nemi Hal\u00fbk Harun DUMAN \u0130stanbul: DUYAP, 2000, (Vira Matbaas\u0131) 344 s. + Resim ; 20 cm Metinleri do\u011fru anlama, sat\u0131r aralar\u0131nda yatan incelikleri ortaya \u00e7\u0131karma konusunda metin \u00e7\u00f6z\u00fcmleme y\u00f6ntemleri \u00f6nemli ip u\u00e7lar\u0131 sa\u011flar. Bu kitapta 1839 y\u0131l\u0131nda il\u00e2n edilen Tanzimat Ferman\u0131\u2019ndan ba\u015flayarak o d\u00f6nemde bas\u0131nda \u00e7\u0131kan yaz\u0131lar, \u015fiirler, \u00f6yk\u00fc ve belli ba\u015fl\u0131 &hellip;<\/p>\n<p class=\"read-more\"> <a class=\"\" href=\"https:\/\/xn--duyapyaynlar-84be.com\/?page_id=843\"> <span class=\"screen-reader-text\">MET\u0130N \u00c7\u00d6Z\u00dcMLEME Y\u00d6NTEMLER\u0130-TANZ\u0130MAT D\u00d6NEM\u0130<\/span> Devam\u0131 &raquo;<\/a><\/p>\n","protected":false},"author":1,"featured_media":0,"parent":0,"menu_order":0,"comment_status":"closed","ping_status":"closed","template":"","meta":{"om_disable_all_campaigns":false,"_monsterinsights_skip_tracking":false,"_monsterinsights_sitenote_active":false,"_monsterinsights_sitenote_note":"","_monsterinsights_sitenote_category":0,"site-sidebar-layout":"no-sidebar","site-content-layout":"page-builder","ast-site-content-layout":"full-width-container","site-content-style":"default","site-sidebar-style":"default","ast-global-header-display":"","ast-banner-title-visibility":"","ast-main-header-display":"","ast-hfb-above-header-display":"","ast-hfb-below-header-display":"","ast-hfb-mobile-header-display":"","site-post-title":"disabled","ast-breadcrumbs-content":"","ast-featured-img":"disabled","footer-sml-layout":"","theme-transparent-header-meta":"","adv-header-id-meta":"","stick-header-meta":"","header-above-stick-meta":"","header-main-stick-meta":"","header-below-stick-meta":"","astra-migrate-meta-layouts":"","ast-page-background-enabled":"default","ast-page-background-meta":{"desktop":{"background-color":"","background-image":"","background-repeat":"repeat","background-position":"center center","background-size":"auto","background-attachment":"scroll","background-type":"","background-media":"","overlay-type":"","overlay-color":"","overlay-gradient":""},"tablet":{"background-color":"","background-image":"","background-repeat":"repeat","background-position":"center center","background-size":"auto","background-attachment":"scroll","background-type":"","background-media":"","overlay-type":"","overlay-color":"","overlay-gradient":""},"mobile":{"background-color":"","background-image":"","background-repeat":"repeat","background-position":"center center","background-size":"auto","background-attachment":"scroll","background-type":"","background-media":"","overlay-type":"","overlay-color":"","overlay-gradient":""}},"ast-content-background-meta":{"desktop":{"background-color":"var(--ast-global-color-5)","background-image":"","background-repeat":"repeat","background-position":"center center","background-size":"auto","background-attachment":"scroll","background-type":"","background-media":"","overlay-type":"","overlay-color":"","overlay-gradient":""},"tablet":{"background-color":"var(--ast-global-color-5)","background-image":"","background-repeat":"repeat","background-position":"center center","background-size":"auto","background-attachment":"scroll","background-type":"","background-media":"","overlay-type":"","overlay-color":"","overlay-gradient":""},"mobile":{"background-color":"var(--ast-global-color-5)","background-image":"","background-repeat":"repeat","background-position":"center center","background-size":"auto","background-attachment":"scroll","background-type":"","background-media":"","overlay-type":"","overlay-color":"","overlay-gradient":""}},"footnotes":""},"aioseo_notices":[],"_links":{"self":[{"href":"https:\/\/xn--duyapyaynlar-84be.com\/index.php?rest_route=\/wp\/v2\/pages\/843"}],"collection":[{"href":"https:\/\/xn--duyapyaynlar-84be.com\/index.php?rest_route=\/wp\/v2\/pages"}],"about":[{"href":"https:\/\/xn--duyapyaynlar-84be.com\/index.php?rest_route=\/wp\/v2\/types\/page"}],"author":[{"embeddable":true,"href":"https:\/\/xn--duyapyaynlar-84be.com\/index.php?rest_route=\/wp\/v2\/users\/1"}],"replies":[{"embeddable":true,"href":"https:\/\/xn--duyapyaynlar-84be.com\/index.php?rest_route=%2Fwp%2Fv2%2Fcomments&post=843"}],"version-history":[{"count":31,"href":"https:\/\/xn--duyapyaynlar-84be.com\/index.php?rest_route=\/wp\/v2\/pages\/843\/revisions"}],"predecessor-version":[{"id":2034,"href":"https:\/\/xn--duyapyaynlar-84be.com\/index.php?rest_route=\/wp\/v2\/pages\/843\/revisions\/2034"}],"wp:attachment":[{"href":"https:\/\/xn--duyapyaynlar-84be.com\/index.php?rest_route=%2Fwp%2Fv2%2Fmedia&parent=843"}],"curies":[{"name":"wp","href":"https:\/\/api.w.org\/{rel}","templated":true}]}}