{"id":842,"date":"2023-12-06T00:27:53","date_gmt":"2023-12-05T21:27:53","guid":{"rendered":"https:\/\/xn--duyapyaynlar-84be.com\/?page_id=842"},"modified":"2024-01-02T02:30:24","modified_gmt":"2024-01-01T23:30:24","slug":"gulen-dadas","status":"publish","type":"page","link":"https:\/\/xn--duyapyaynlar-84be.com\/?page_id=842","title":{"rendered":"G\u00fclen Dada\u015f"},"content":{"rendered":"\t\t<div data-elementor-type=\"wp-page\" data-elementor-id=\"842\" class=\"elementor elementor-842\">\n\t\t\t\t<div class=\"elementor-element elementor-element-ff5fcf8 e-flex e-con-boxed e-con e-parent\" data-id=\"ff5fcf8\" data-element_type=\"container\" data-settings=\"{&quot;content_width&quot;:&quot;boxed&quot;}\" data-core-v316-plus=\"true\">\n\t\t\t\t\t<div class=\"e-con-inner\">\n\t\t\t\t<div class=\"elementor-element elementor-element-758ece7 elementor-widget elementor-widget-heading\" data-id=\"758ece7\" data-element_type=\"widget\" data-widget_type=\"heading.default\">\n\t\t\t\t<div class=\"elementor-widget-container\">\n\t\t\t<style>\/*! elementor - v3.19.0 - 28-02-2024 *\/\n.elementor-heading-title{padding:0;margin:0;line-height:1}.elementor-widget-heading .elementor-heading-title[class*=elementor-size-]>a{color:inherit;font-size:inherit;line-height:inherit}.elementor-widget-heading .elementor-heading-title.elementor-size-small{font-size:15px}.elementor-widget-heading .elementor-heading-title.elementor-size-medium{font-size:19px}.elementor-widget-heading .elementor-heading-title.elementor-size-large{font-size:29px}.elementor-widget-heading .elementor-heading-title.elementor-size-xl{font-size:39px}.elementor-widget-heading .elementor-heading-title.elementor-size-xxl{font-size:59px}<\/style><h2 class=\"elementor-heading-title elementor-size-default\">G\u00fclen Dada\u015f<\/h2>\t\t<\/div>\n\t\t\t\t<\/div>\n\t\t\t\t\t<\/div>\n\t\t\t\t<\/div>\n\t\t<div class=\"elementor-element elementor-element-b942709 e-con-full e-flex e-con e-parent\" data-id=\"b942709\" data-element_type=\"container\" data-settings=\"{&quot;content_width&quot;:&quot;full&quot;,&quot;background_background&quot;:&quot;classic&quot;}\" data-core-v316-plus=\"true\">\n\t\t<div class=\"elementor-element elementor-element-555d70d e-con-full e-flex e-con e-child\" data-id=\"555d70d\" data-element_type=\"container\" data-settings=\"{&quot;content_width&quot;:&quot;full&quot;}\">\n\t\t\t\t<div class=\"elementor-element elementor-element-c772565 elementor-widget elementor-widget-image\" data-id=\"c772565\" data-element_type=\"widget\" data-widget_type=\"image.default\">\n\t\t\t\t<div class=\"elementor-widget-container\">\n\t\t\t<style>\/*! elementor - v3.19.0 - 28-02-2024 *\/\n.elementor-widget-image{text-align:center}.elementor-widget-image a{display:inline-block}.elementor-widget-image a img[src$=\".svg\"]{width:48px}.elementor-widget-image img{vertical-align:middle;display:inline-block}<\/style>\t\t\t\t\t\t\t\t\t\t<img fetchpriority=\"high\" decoding=\"async\" width=\"208\" height=\"300\" src=\"https:\/\/xn--duyapyaynlar-84be.com\/wp-content\/uploads\/2023\/12\/Picture3-208x300.jpg\" class=\"attachment-medium size-medium wp-image-964\" alt=\"\" srcset=\"https:\/\/xn--duyapyaynlar-84be.com\/wp-content\/uploads\/2023\/12\/Picture3-208x300.jpg 208w, https:\/\/xn--duyapyaynlar-84be.com\/wp-content\/uploads\/2023\/12\/Picture3.jpg 464w\" sizes=\"(max-width: 208px) 100vw, 208px\" \/>\t\t\t\t\t\t\t\t\t\t\t\t\t<\/div>\n\t\t\t\t<\/div>\n\t\t\t\t<\/div>\n\t\t<div class=\"elementor-element elementor-element-599bd39 e-con-full e-flex e-con e-child\" data-id=\"599bd39\" data-element_type=\"container\" data-settings=\"{&quot;content_width&quot;:&quot;full&quot;}\">\n\t\t\t\t<div class=\"elementor-element elementor-element-8cbbc42 elementor-widget elementor-widget-text-editor\" data-id=\"8cbbc42\" data-element_type=\"widget\" data-widget_type=\"text-editor.default\">\n\t\t\t\t<div class=\"elementor-widget-container\">\n\t\t\t<style>\/*! elementor - v3.19.0 - 28-02-2024 *\/\n.elementor-widget-text-editor.elementor-drop-cap-view-stacked .elementor-drop-cap{background-color:#69727d;color:#fff}.elementor-widget-text-editor.elementor-drop-cap-view-framed .elementor-drop-cap{color:#69727d;border:3px solid;background-color:transparent}.elementor-widget-text-editor:not(.elementor-drop-cap-view-default) .elementor-drop-cap{margin-top:8px}.elementor-widget-text-editor:not(.elementor-drop-cap-view-default) .elementor-drop-cap-letter{width:1em;height:1em}.elementor-widget-text-editor .elementor-drop-cap{float:left;text-align:center;line-height:1;font-size:50px}.elementor-widget-text-editor .elementor-drop-cap-letter{display:inline-block}<\/style>\t\t\t\t<h4><strong><span style=\"font-style: inherit; text-align: var(--text-align); background-color: var(--ast-global-color-4); color: var(--ast-global-color-3);\">Hal\u00fbk Harun DUMAN<\/span><\/strong><\/h4><p><b>ISBN : 9758493019<\/b><\/p><p><b>Yay\u0131n Bilgisi :<\/b> <b>\u0130stanbul: DUYAP Yay\u0131nlar\u0131, 2000, (Vira Matbaas\u0131)<\/b><\/p><p><b>344 s. +<\/b> <b>Resim ; 20 cm<\/b><\/p><p><b>Erzurum <\/b><b>jeo<\/b><b>-stratejik konumunun yan\u0131 s\u0131ra s\u00f6zl\u00fc T\u00fcrk k\u00fclt\u00fcr\u00fcn\u00fcn de ba\u015fkentlerinden biridir. T\u00fcrk\u00fcler, halk hikayeleri, maniler, destanlar bu \u015fehirde hayat bulmu\u015f ve y\u00fcz y\u0131llarca dilden dile s\u00f6ylene gelmi\u015ftir. B\u00fct\u00fcn bu zenginliklerin yan\u0131nda Erzurum Mizah y\u00f6n\u00fc ile de g\u00fc\u00e7l\u00fc bir birikime sahiptir. DUYAP Yay\u0131nlar\u0131 aras\u0131nda \u00e7\u0131kan G\u00fclen Dada\u015f kitab\u0131nda Erzurum halk\u0131n\u0131n mizahi zenginli\u011fi konu edilmektedir. Mizahi \u015fiirler, t\u00fcrk\u00fcler, beddualar, ilgin\u00e7 s\u00f6zler kitapta yer almaktad\u0131r. Resul Erta\u015f taraf\u0131ndan haz\u0131rlanan birbirinden ilgin\u00e7 karikat\u00fcrlerle de kitaba g\u00f6rsel bir zenginlik kat\u0131lmaktad\u0131r. Kitap arka planda Erzurum ve Anadolu insan\u0131n\u0131 mizah g\u00fcc\u00fcne yans\u0131tan \u00f6nemli bir \u00e7al\u0131\u015fmad\u0131r.<\/b><\/p><blockquote><p>(Sipari\u015f vermek i\u00e7in 0532 722 23 94, sisterduman@yahoo.com.tr)<\/p><\/blockquote>\t\t\t\t\t\t<\/div>\n\t\t\t\t<\/div>\n\t\t\t\t<\/div>\n\t\t\t\t<\/div>\n\t\t\t\t<\/div>\n\t\t","protected":false},"excerpt":{"rendered":"<p>G\u00fclen Dada\u015f Hal\u00fbk Harun DUMAN ISBN : 9758493019 Yay\u0131n Bilgisi : \u0130stanbul: DUYAP Yay\u0131nlar\u0131, 2000, (Vira Matbaas\u0131) 344 s. + Resim ; 20 cm Erzurum jeo-stratejik konumunun yan\u0131 s\u0131ra s\u00f6zl\u00fc T\u00fcrk k\u00fclt\u00fcr\u00fcn\u00fcn de ba\u015fkentlerinden biridir. T\u00fcrk\u00fcler, halk hikayeleri, maniler, destanlar bu \u015fehirde hayat bulmu\u015f ve y\u00fcz y\u0131llarca dilden dile s\u00f6ylene gelmi\u015ftir. B\u00fct\u00fcn bu zenginliklerin yan\u0131nda &hellip;<\/p>\n<p class=\"read-more\"> <a class=\"\" href=\"https:\/\/xn--duyapyaynlar-84be.com\/?page_id=842\"> <span class=\"screen-reader-text\">G\u00fclen Dada\u015f<\/span> Devam\u0131 &raquo;<\/a><\/p>\n","protected":false},"author":1,"featured_media":0,"parent":0,"menu_order":0,"comment_status":"closed","ping_status":"closed","template":"","meta":{"om_disable_all_campaigns":false,"_monsterinsights_skip_tracking":false,"_monsterinsights_sitenote_active":false,"_monsterinsights_sitenote_note":"","_monsterinsights_sitenote_category":0,"site-sidebar-layout":"no-sidebar","site-content-layout":"page-builder","ast-site-content-layout":"full-width-container","site-content-style":"default","site-sidebar-style":"default","ast-global-header-display":"","ast-banner-title-visibility":"","ast-main-header-display":"","ast-hfb-above-header-display":"","ast-hfb-below-header-display":"","ast-hfb-mobile-header-display":"","site-post-title":"disabled","ast-breadcrumbs-content":"","ast-featured-img":"disabled","footer-sml-layout":"","theme-transparent-header-meta":"","adv-header-id-meta":"","stick-header-meta":"","header-above-stick-meta":"","header-main-stick-meta":"","header-below-stick-meta":"","astra-migrate-meta-layouts":"","ast-page-background-enabled":"default","ast-page-background-meta":{"desktop":{"background-color":"","background-image":"","background-repeat":"repeat","background-position":"center center","background-size":"auto","background-attachment":"scroll","background-type":"","background-media":"","overlay-type":"","overlay-color":"","overlay-gradient":""},"tablet":{"background-color":"","background-image":"","background-repeat":"repeat","background-position":"center center","background-size":"auto","background-attachment":"scroll","background-type":"","background-media":"","overlay-type":"","overlay-color":"","overlay-gradient":""},"mobile":{"background-color":"","background-image":"","background-repeat":"repeat","background-position":"center center","background-size":"auto","background-attachment":"scroll","background-type":"","background-media":"","overlay-type":"","overlay-color":"","overlay-gradient":""}},"ast-content-background-meta":{"desktop":{"background-color":"var(--ast-global-color-5)","background-image":"","background-repeat":"repeat","background-position":"center center","background-size":"auto","background-attachment":"scroll","background-type":"","background-media":"","overlay-type":"","overlay-color":"","overlay-gradient":""},"tablet":{"background-color":"var(--ast-global-color-5)","background-image":"","background-repeat":"repeat","background-position":"center center","background-size":"auto","background-attachment":"scroll","background-type":"","background-media":"","overlay-type":"","overlay-color":"","overlay-gradient":""},"mobile":{"background-color":"var(--ast-global-color-5)","background-image":"","background-repeat":"repeat","background-position":"center center","background-size":"auto","background-attachment":"scroll","background-type":"","background-media":"","overlay-type":"","overlay-color":"","overlay-gradient":""}},"footnotes":""},"aioseo_notices":[],"_links":{"self":[{"href":"https:\/\/xn--duyapyaynlar-84be.com\/index.php?rest_route=\/wp\/v2\/pages\/842"}],"collection":[{"href":"https:\/\/xn--duyapyaynlar-84be.com\/index.php?rest_route=\/wp\/v2\/pages"}],"about":[{"href":"https:\/\/xn--duyapyaynlar-84be.com\/index.php?rest_route=\/wp\/v2\/types\/page"}],"author":[{"embeddable":true,"href":"https:\/\/xn--duyapyaynlar-84be.com\/index.php?rest_route=\/wp\/v2\/users\/1"}],"replies":[{"embeddable":true,"href":"https:\/\/xn--duyapyaynlar-84be.com\/index.php?rest_route=%2Fwp%2Fv2%2Fcomments&post=842"}],"version-history":[{"count":34,"href":"https:\/\/xn--duyapyaynlar-84be.com\/index.php?rest_route=\/wp\/v2\/pages\/842\/revisions"}],"predecessor-version":[{"id":2018,"href":"https:\/\/xn--duyapyaynlar-84be.com\/index.php?rest_route=\/wp\/v2\/pages\/842\/revisions\/2018"}],"wp:attachment":[{"href":"https:\/\/xn--duyapyaynlar-84be.com\/index.php?rest_route=%2Fwp%2Fv2%2Fmedia&parent=842"}],"curies":[{"name":"wp","href":"https:\/\/api.w.org\/{rel}","templated":true}]}}