{"id":840,"date":"2023-12-06T00:27:53","date_gmt":"2023-12-05T21:27:53","guid":{"rendered":"https:\/\/xn--duyapyaynlar-84be.com\/?page_id=840"},"modified":"2024-01-02T02:37:10","modified_gmt":"2024-01-01T23:37:10","slug":"erzurum-basin-yayin-tarihi-1867-1997","status":"publish","type":"page","link":"https:\/\/xn--duyapyaynlar-84be.com\/?page_id=840","title":{"rendered":"Erzurum Bas\u0131n-Yay\u0131n tarihi, (1867-1997)"},"content":{"rendered":"\t\t<div data-elementor-type=\"wp-page\" data-elementor-id=\"840\" class=\"elementor elementor-840\">\n\t\t\t\t<div class=\"elementor-element elementor-element-34a884e e-flex e-con-boxed e-con e-parent\" data-id=\"34a884e\" data-element_type=\"container\" data-settings=\"{&quot;content_width&quot;:&quot;boxed&quot;}\" data-core-v316-plus=\"true\">\n\t\t\t\t\t<div class=\"e-con-inner\">\n\t\t\t\t<div class=\"elementor-element elementor-element-931110f elementor-widget elementor-widget-heading\" data-id=\"931110f\" data-element_type=\"widget\" data-widget_type=\"heading.default\">\n\t\t\t\t<div class=\"elementor-widget-container\">\n\t\t\t<style>\/*! elementor - v3.19.0 - 28-02-2024 *\/\n.elementor-heading-title{padding:0;margin:0;line-height:1}.elementor-widget-heading .elementor-heading-title[class*=elementor-size-]>a{color:inherit;font-size:inherit;line-height:inherit}.elementor-widget-heading .elementor-heading-title.elementor-size-small{font-size:15px}.elementor-widget-heading .elementor-heading-title.elementor-size-medium{font-size:19px}.elementor-widget-heading .elementor-heading-title.elementor-size-large{font-size:29px}.elementor-widget-heading .elementor-heading-title.elementor-size-xl{font-size:39px}.elementor-widget-heading .elementor-heading-title.elementor-size-xxl{font-size:59px}<\/style><h2 class=\"elementor-heading-title elementor-size-default\">Erzurum Bas\u0131n-Yay\u0131n Tarihi, (1867-1997)\n<\/h2>\t\t<\/div>\n\t\t\t\t<\/div>\n\t\t\t\t\t<\/div>\n\t\t\t\t<\/div>\n\t\t<div class=\"elementor-element elementor-element-e01c610 e-con-full e-flex e-con e-parent\" data-id=\"e01c610\" data-element_type=\"container\" data-settings=\"{&quot;content_width&quot;:&quot;full&quot;,&quot;background_background&quot;:&quot;classic&quot;}\" data-core-v316-plus=\"true\">\n\t\t<div class=\"elementor-element elementor-element-a34404c e-con-full e-flex e-con e-child\" data-id=\"a34404c\" data-element_type=\"container\" data-settings=\"{&quot;content_width&quot;:&quot;full&quot;}\">\n\t\t\t\t<div class=\"elementor-element elementor-element-019c728 elementor-widget__width-initial elementor-widget elementor-widget-image\" data-id=\"019c728\" data-element_type=\"widget\" data-widget_type=\"image.default\">\n\t\t\t\t<div class=\"elementor-widget-container\">\n\t\t\t<style>\/*! elementor - v3.19.0 - 28-02-2024 *\/\n.elementor-widget-image{text-align:center}.elementor-widget-image a{display:inline-block}.elementor-widget-image a img[src$=\".svg\"]{width:48px}.elementor-widget-image img{vertical-align:middle;display:inline-block}<\/style>\t\t\t\t\t\t\t\t\t\t<img fetchpriority=\"high\" decoding=\"async\" width=\"209\" height=\"300\" src=\"https:\/\/xn--duyapyaynlar-84be.com\/wp-content\/uploads\/2023\/12\/Picture1-209x300.jpg\" class=\"attachment-medium size-medium wp-image-955\" alt=\"\" srcset=\"https:\/\/xn--duyapyaynlar-84be.com\/wp-content\/uploads\/2023\/12\/Picture1-209x300.jpg 209w, https:\/\/xn--duyapyaynlar-84be.com\/wp-content\/uploads\/2023\/12\/Picture1-713x1024.jpg 713w, https:\/\/xn--duyapyaynlar-84be.com\/wp-content\/uploads\/2023\/12\/Picture1-768x1103.jpg 768w, https:\/\/xn--duyapyaynlar-84be.com\/wp-content\/uploads\/2023\/12\/Picture1.jpg 879w\" sizes=\"(max-width: 209px) 100vw, 209px\" \/>\t\t\t\t\t\t\t\t\t\t\t\t\t<\/div>\n\t\t\t\t<\/div>\n\t\t\t\t<\/div>\n\t\t<div class=\"elementor-element elementor-element-e9c3429 e-con-full e-flex e-con e-child\" data-id=\"e9c3429\" data-element_type=\"container\" data-settings=\"{&quot;content_width&quot;:&quot;full&quot;}\">\n\t\t\t\t<div class=\"elementor-element elementor-element-b141beb elementor-widget elementor-widget-text-editor\" data-id=\"b141beb\" data-element_type=\"widget\" data-widget_type=\"text-editor.default\">\n\t\t\t\t<div class=\"elementor-widget-container\">\n\t\t\t<style>\/*! elementor - v3.19.0 - 28-02-2024 *\/\n.elementor-widget-text-editor.elementor-drop-cap-view-stacked .elementor-drop-cap{background-color:#69727d;color:#fff}.elementor-widget-text-editor.elementor-drop-cap-view-framed .elementor-drop-cap{color:#69727d;border:3px solid;background-color:transparent}.elementor-widget-text-editor:not(.elementor-drop-cap-view-default) .elementor-drop-cap{margin-top:8px}.elementor-widget-text-editor:not(.elementor-drop-cap-view-default) .elementor-drop-cap-letter{width:1em;height:1em}.elementor-widget-text-editor .elementor-drop-cap{float:left;text-align:center;line-height:1;font-size:50px}.elementor-widget-text-editor .elementor-drop-cap-letter{display:inline-block}<\/style>\t\t\t\t<h4><strong><span style=\"font-style: inherit; text-align: var(--text-align); background-color: var(--ast-global-color-4); color: var(--ast-global-color-3);\">Hal\u00fbk Harun DUMAN<\/span><\/strong><\/h4>\n<p><b>\u0130stanbul: DUYAP Yay\u0131nlar\u0131, 2000, (Vira Matbaas\u0131)<\/b><\/p>\n<p><b>430 s. +<\/b> <b>Resimli ; 24 cm<\/b><\/p>\n<p><b>Osmanl\u0131 D\u00f6neminde T\u00fcrk\u00e7e bas\u0131n-yay\u0131n hayat\u0131n\u0131n Anadolu\u2019da ba\u015flad\u0131\u011f\u0131 ilk \u015fehir Erzurum\u2019dur. 1865 y\u0131l\u0131nda kurulan Erzurum Vilayet Matbaas\u0131nda resmi evraklar d\u0131\u015f\u0131nda <\/b><b>Env\u00e2r<\/b><b>-\u0131 <\/b><b>\u015earkiyye<\/b><b> (Do\u011funun Nurlar\u0131) ad\u0131 verilen ilk ta\u015fra gazetesi yay\u0131mlan\u0131r. Bu ara\u015ft\u0131rmada Erzurum bas\u0131n hayat\u0131n\u0131n 130 y\u0131ll\u0131k dilimi ele al\u0131nmakta ve ayr\u0131nt\u0131l\u0131 olarak incelenmektedir. Erzurum Bas\u0131n-Yay\u0131n Tarihi ayn\u0131 zamanda Anadolu\u2019da T\u00fcrk\u00e7e bas\u0131n\u0131n da ba\u015flang\u0131\u00e7 d\u00f6nemini olu\u015fturmas\u0131 a\u00e7\u0131s\u0131ndan son derce \u00f6nemlidir.&nbsp; S\u00f6z konusu \u00e7al\u0131\u015fma alan\u0131nda ilk ve tek ayr\u0131nt\u0131l\u0131, bilimsel ve akademik \u00e7al\u0131\u015fmad\u0131r. Son derce ilgi \u00e7ekici g\u00f6zlem ve de\u011ferlendirmeleri i\u00e7eren \u00e7al\u0131\u015fmada zaman zaman foto\u011fraflar kullan\u0131larak g\u00f6rsel bir zenginlik sunulmu\u015ftur. S\u0131vama karton cilt olarak haz\u0131rlanan \u00e7al\u0131\u015fma yay\u0131nevinin ilk prestij \u00fcr\u00fcn\u00fc olarak raflardaki yerini alm\u0131\u015f ve bilim aleminin dikkatini \u00e7ekmi\u015ftir.<\/b><\/p>\n<p><b>(*Bask\u0131s\u0131 t\u00fckenmi\u015ftir)<\/b><\/p>\n<blockquote>(Sipari\u015f vermek i\u00e7in 0532 722 23 94, sisterduman@yahoo.com.tr)<\/blockquote>\t\t\t\t\t\t<\/div>\n\t\t\t\t<\/div>\n\t\t\t\t<\/div>\n\t\t\t\t<\/div>\n\t\t\t\t<\/div>\n\t\t","protected":false},"excerpt":{"rendered":"<p>Erzurum Bas\u0131n-Yay\u0131n Tarihi, (1867-1997) Hal\u00fbk Harun DUMAN \u0130stanbul: DUYAP Yay\u0131nlar\u0131, 2000, (Vira Matbaas\u0131) 430 s. + Resimli ; 24 cm Osmanl\u0131 D\u00f6neminde T\u00fcrk\u00e7e bas\u0131n-yay\u0131n hayat\u0131n\u0131n Anadolu\u2019da ba\u015flad\u0131\u011f\u0131 ilk \u015fehir Erzurum\u2019dur. 1865 y\u0131l\u0131nda kurulan Erzurum Vilayet Matbaas\u0131nda resmi evraklar d\u0131\u015f\u0131nda Env\u00e2r-\u0131 \u015earkiyye (Do\u011funun Nurlar\u0131) ad\u0131 verilen ilk ta\u015fra gazetesi yay\u0131mlan\u0131r. Bu ara\u015ft\u0131rmada Erzurum bas\u0131n hayat\u0131n\u0131n 130 &hellip;<\/p>\n<p class=\"read-more\"> <a class=\"\" href=\"https:\/\/xn--duyapyaynlar-84be.com\/?page_id=840\"> <span class=\"screen-reader-text\">Erzurum Bas\u0131n-Yay\u0131n tarihi, (1867-1997)<\/span> Devam\u0131 &raquo;<\/a><\/p>\n","protected":false},"author":1,"featured_media":0,"parent":0,"menu_order":0,"comment_status":"closed","ping_status":"closed","template":"","meta":{"om_disable_all_campaigns":false,"_monsterinsights_skip_tracking":false,"_monsterinsights_sitenote_active":false,"_monsterinsights_sitenote_note":"","_monsterinsights_sitenote_category":0,"site-sidebar-layout":"no-sidebar","site-content-layout":"page-builder","ast-site-content-layout":"full-width-container","site-content-style":"default","site-sidebar-style":"default","ast-global-header-display":"","ast-banner-title-visibility":"","ast-main-header-display":"","ast-hfb-above-header-display":"","ast-hfb-below-header-display":"","ast-hfb-mobile-header-display":"","site-post-title":"disabled","ast-breadcrumbs-content":"","ast-featured-img":"disabled","footer-sml-layout":"","theme-transparent-header-meta":"","adv-header-id-meta":"","stick-header-meta":"","header-above-stick-meta":"","header-main-stick-meta":"","header-below-stick-meta":"","astra-migrate-meta-layouts":"","ast-page-background-enabled":"default","ast-page-background-meta":{"desktop":{"background-color":"","background-image":"","background-repeat":"repeat","background-position":"center center","background-size":"auto","background-attachment":"scroll","background-type":"","background-media":"","overlay-type":"","overlay-color":"","overlay-gradient":""},"tablet":{"background-color":"","background-image":"","background-repeat":"repeat","background-position":"center center","background-size":"auto","background-attachment":"scroll","background-type":"","background-media":"","overlay-type":"","overlay-color":"","overlay-gradient":""},"mobile":{"background-color":"","background-image":"","background-repeat":"repeat","background-position":"center center","background-size":"auto","background-attachment":"scroll","background-type":"","background-media":"","overlay-type":"","overlay-color":"","overlay-gradient":""}},"ast-content-background-meta":{"desktop":{"background-color":"var(--ast-global-color-5)","background-image":"","background-repeat":"repeat","background-position":"center center","background-size":"auto","background-attachment":"scroll","background-type":"","background-media":"","overlay-type":"","overlay-color":"","overlay-gradient":""},"tablet":{"background-color":"var(--ast-global-color-5)","background-image":"","background-repeat":"repeat","background-position":"center center","background-size":"auto","background-attachment":"scroll","background-type":"","background-media":"","overlay-type":"","overlay-color":"","overlay-gradient":""},"mobile":{"background-color":"var(--ast-global-color-5)","background-image":"","background-repeat":"repeat","background-position":"center center","background-size":"auto","background-attachment":"scroll","background-type":"","background-media":"","overlay-type":"","overlay-color":"","overlay-gradient":""}},"footnotes":""},"aioseo_notices":[],"_links":{"self":[{"href":"https:\/\/xn--duyapyaynlar-84be.com\/index.php?rest_route=\/wp\/v2\/pages\/840"}],"collection":[{"href":"https:\/\/xn--duyapyaynlar-84be.com\/index.php?rest_route=\/wp\/v2\/pages"}],"about":[{"href":"https:\/\/xn--duyapyaynlar-84be.com\/index.php?rest_route=\/wp\/v2\/types\/page"}],"author":[{"embeddable":true,"href":"https:\/\/xn--duyapyaynlar-84be.com\/index.php?rest_route=\/wp\/v2\/users\/1"}],"replies":[{"embeddable":true,"href":"https:\/\/xn--duyapyaynlar-84be.com\/index.php?rest_route=%2Fwp%2Fv2%2Fcomments&post=840"}],"version-history":[{"count":40,"href":"https:\/\/xn--duyapyaynlar-84be.com\/index.php?rest_route=\/wp\/v2\/pages\/840\/revisions"}],"predecessor-version":[{"id":2031,"href":"https:\/\/xn--duyapyaynlar-84be.com\/index.php?rest_route=\/wp\/v2\/pages\/840\/revisions\/2031"}],"wp:attachment":[{"href":"https:\/\/xn--duyapyaynlar-84be.com\/index.php?rest_route=%2Fwp%2Fv2%2Fmedia&parent=840"}],"curies":[{"name":"wp","href":"https:\/\/api.w.org\/{rel}","templated":true}]}}