{"id":2380,"date":"2025-12-21T18:46:09","date_gmt":"2025-12-21T15:46:09","guid":{"rendered":"https:\/\/xn--duyapyaynlar-84be.com\/?page_id=2380"},"modified":"2025-12-21T20:21:27","modified_gmt":"2025-12-21T17:21:27","slug":"aciklamali-anilar-ansiklopedisi","status":"publish","type":"page","link":"https:\/\/xn--duyapyaynlar-84be.com\/?page_id=2380","title":{"rendered":"A\u00e7\u0131klamal\u0131 An\u0131lar Ansiklopedisi"},"content":{"rendered":"\t\t<div data-elementor-type=\"wp-page\" data-elementor-id=\"2380\" class=\"elementor elementor-2380\">\n\t\t\t\t<div class=\"elementor-element elementor-element-55019aa e-flex e-con-boxed e-con e-parent\" data-id=\"55019aa\" data-element_type=\"container\" data-settings=\"{&quot;content_width&quot;:&quot;boxed&quot;}\" data-core-v316-plus=\"true\">\n\t\t\t\t\t<div class=\"e-con-inner\">\n\t\t\t\t<div class=\"elementor-element elementor-element-2a6a5b0 elementor-widget elementor-widget-heading\" data-id=\"2a6a5b0\" data-element_type=\"widget\" data-widget_type=\"heading.default\">\n\t\t\t\t<div class=\"elementor-widget-container\">\n\t\t\t<style>\/*! elementor - v3.19.0 - 28-02-2024 *\/\n.elementor-heading-title{padding:0;margin:0;line-height:1}.elementor-widget-heading .elementor-heading-title[class*=elementor-size-]>a{color:inherit;font-size:inherit;line-height:inherit}.elementor-widget-heading .elementor-heading-title.elementor-size-small{font-size:15px}.elementor-widget-heading .elementor-heading-title.elementor-size-medium{font-size:19px}.elementor-widget-heading .elementor-heading-title.elementor-size-large{font-size:29px}.elementor-widget-heading .elementor-heading-title.elementor-size-xl{font-size:39px}.elementor-widget-heading .elementor-heading-title.elementor-size-xxl{font-size:59px}<\/style><h2 class=\"elementor-heading-title elementor-size-default\">A\u00e7\u0131klamal\u0131 An\u0131lar Ansiklopedisi<\/h2>\t\t<\/div>\n\t\t\t\t<\/div>\n\t\t\t\t\t<\/div>\n\t\t\t\t<\/div>\n\t\t<div class=\"elementor-element elementor-element-5a0b6b1 e-flex e-con-boxed e-con e-parent\" data-id=\"5a0b6b1\" data-element_type=\"container\" data-settings=\"{&quot;content_width&quot;:&quot;boxed&quot;}\" data-core-v316-plus=\"true\">\n\t\t\t\t\t<div class=\"e-con-inner\">\n\t\t<div class=\"elementor-element elementor-element-c569656 e-con-full e-flex e-con e-child\" data-id=\"c569656\" data-element_type=\"container\" data-settings=\"{&quot;content_width&quot;:&quot;full&quot;}\">\n\t\t\t\t<div class=\"elementor-element elementor-element-062739b elementor-widget elementor-widget-image\" data-id=\"062739b\" data-element_type=\"widget\" data-widget_type=\"image.default\">\n\t\t\t\t<div class=\"elementor-widget-container\">\n\t\t\t<style>\/*! elementor - v3.19.0 - 28-02-2024 *\/\n.elementor-widget-image{text-align:center}.elementor-widget-image a{display:inline-block}.elementor-widget-image a img[src$=\".svg\"]{width:48px}.elementor-widget-image img{vertical-align:middle;display:inline-block}<\/style>\t\t\t\t\t\t\t\t\t\t<img fetchpriority=\"high\" decoding=\"async\" width=\"232\" height=\"300\" src=\"https:\/\/xn--duyapyaynlar-84be.com\/wp-content\/uploads\/2025\/12\/Ekran-Resmi-2025-12-21-19.41.58-232x300.png\" class=\"attachment-medium size-medium wp-image-2431\" alt=\"\" srcset=\"https:\/\/xn--duyapyaynlar-84be.com\/wp-content\/uploads\/2025\/12\/Ekran-Resmi-2025-12-21-19.41.58-232x300.png 232w, https:\/\/xn--duyapyaynlar-84be.com\/wp-content\/uploads\/2025\/12\/Ekran-Resmi-2025-12-21-19.41.58.png 362w\" sizes=\"(max-width: 232px) 100vw, 232px\" \/>\t\t\t\t\t\t\t\t\t\t\t\t\t<\/div>\n\t\t\t\t<\/div>\n\t\t\t\t<\/div>\n\t\t<div class=\"elementor-element elementor-element-a831fe6 e-con-full e-flex e-con e-child\" data-id=\"a831fe6\" data-element_type=\"container\" data-settings=\"{&quot;content_width&quot;:&quot;full&quot;}\">\n\t\t\t\t<div class=\"elementor-element elementor-element-4ad1df5 elementor-widget elementor-widget-text-editor\" data-id=\"4ad1df5\" data-element_type=\"widget\" data-widget_type=\"text-editor.default\">\n\t\t\t\t<div class=\"elementor-widget-container\">\n\t\t\t<style>\/*! elementor - v3.19.0 - 28-02-2024 *\/\n.elementor-widget-text-editor.elementor-drop-cap-view-stacked .elementor-drop-cap{background-color:#69727d;color:#fff}.elementor-widget-text-editor.elementor-drop-cap-view-framed .elementor-drop-cap{color:#69727d;border:3px solid;background-color:transparent}.elementor-widget-text-editor:not(.elementor-drop-cap-view-default) .elementor-drop-cap{margin-top:8px}.elementor-widget-text-editor:not(.elementor-drop-cap-view-default) .elementor-drop-cap-letter{width:1em;height:1em}.elementor-widget-text-editor .elementor-drop-cap{float:left;text-align:center;line-height:1;font-size:50px}.elementor-widget-text-editor .elementor-drop-cap-letter{display:inline-block}<\/style>\t\t\t\t<h4><strong><span style=\"font-style: inherit; text-align: var(--text-align); background-color: var(--ast-global-color-4); color: var(--ast-global-color-3);\">Hal\u00fbk Harun DUMAN<\/span><\/strong><\/h4>\n<div>\n<h4><span style=\"color: #757575;\"><b>Hasan ULUCUTSOY<\/b><\/span><\/h4>\n<\/div>\n<div>\n<div><b>\u0130stanbul: DUYAP Yay\u0131nlar\u0131, 2025 (E\u011fiten Matbaac\u0131l\u0131k)<\/b><\/div>\n<div><b>704 sayfa (Tek renk)<\/b><\/div>\n<div><b>ISBN: 978-975-8493-22-7<\/b><\/div>\n<div><br><\/div>\n<div>&nbsp;<b style=\"font-size: 1rem;\">A\u00c7IKLAMALI ANILAR ANSK\u0130KLOPED\u0130S\u0130, T\u00fcrk\u00e7e yay\u0131nlanm\u0131\u015f an\u0131 kitaplar\u0131n\u0131n veya tefrika edilmi\u015f an\u0131lar\u0131n sistematik tan\u0131t\u0131m\u0131ndan meydana gelen bibliyografik bir \u00e7al\u0131\u015fmad\u0131r. Temel amac\u0131, sosyal bilimler alan\u0131nda yap\u0131lacak ara\u015ft\u0131rmalar i\u00e7in bir referans kitab\u0131 olu\u015fturmakt\u0131r. Ayr\u0131ca, zengin an\u0131 edebiyat\u0131 hakk\u0131nda geni\u015f bilgi vermek ve ara\u015ft\u0131rmac\u0131lara yard\u0131mc\u0131 olabilmektir. Ara\u015ft\u0131rmada Azerbaycan ve Kuzey K\u0131br\u0131s T\u00fcrk Cumhuriyeti ba\u015fta olmak \u00fczere T\u00fcrk d\u00fcnyas\u0131 an\u0131lar\u0131 da kendisine yer bulmaktad\u0131r. Ayr\u0131ca T\u00fcrk\u00e7e olarak kaleme al\u0131nmasa da baz\u0131 \u00f6nemli T\u00fcrk \u015fahsiyetlerine ili\u015fkin birtak\u0131m yabanc\u0131 an\u0131lara da yer verilmektedir. Keza k\u00f6ken bak\u0131m\u0131ndan Osmanl\u0131 az\u0131nl\u0131klar\u0131ndan olup T\u00fcrkiye d\u0131\u015f\u0131na g\u00f6\u00e7m\u00fc\u015f ki\u015filerin veya yurtd\u0131\u015f\u0131nda ya\u015famas\u0131 dolay\u0131s\u0131yla an\u0131lar\u0131n\u0131 T\u00fcrk\u00e7e d\u0131\u015f\u0131 bir dilde kaleme alm\u0131\u015f T\u00fcrklerin eserleri de \u00e7al\u0131\u015fmam\u0131z b\u00fcnyesinde yer almaktad\u0131r.<\/b><\/div>\n<div><b style=\"font-size: 1rem;\">&nbsp;<\/b><\/div>\n<div><b>Giri\u015f d\u0131\u015f\u0131nda \u00fc\u00e7 ana b\u00f6l\u00fcme ayr\u0131lan \u00e7al\u0131\u015fman\u0131n ba\u015f\u0131nda, an\u0131 t\u00fcr\u00fcyle ilgili yap\u0131lan de\u011ferlendirmeler ana hatlar\u0131yla ele al\u0131nd\u0131. Bunun yan\u0131 s\u0131ra, an\u0131lar\u0131n tarih ara\u015ft\u0131rmalar\u0131nda kaynak olarak kullan\u0131l\u0131p kullan\u0131lmayaca\u011f\u0131yla ilgili yorumlar irdelendi. \u201cEdebiyat Bilimi A\u00e7\u0131s\u0131ndan An\u0131lar\u201d ba\u015fl\u0131\u011f\u0131n\u0131 ta\u015f\u0131yan birinci b\u00f6l\u00fcmde, an\u0131 t\u00fcr\u00fcn\u00fcn \u00f6zellikleri ve geli\u015fim s\u00fcreci incelendi. Bilhassa T\u00fcrk an\u0131 edebiyat\u0131nda \u00f6ne \u00e7\u0131kan eserlerin d\u00f6nemler i\u00e7indeki yeri vurguland\u0131. Ara\u015ft\u0131rmam\u0131z\u0131n ikinci b\u00f6l\u00fcm\u00fc ise \u201cAn\u0131lar\u0131n S\u0131n\u0131fland\u0131r\u0131lmas\u0131\u201d ba\u015fl\u0131\u011f\u0131n\u0131 ta\u015f\u0131maktad\u0131r. Bu b\u00f6l\u00fcmde an\u0131lar yap\u0131, i\u00e7erik ve meslek gruplar\u0131na g\u00f6re ayr\u0131ld\u0131. Ayr\u0131ca, incelemede esas al\u0131nacak hususlara dikkat \u00e7ekilerek, an\u0131lar\u0131n \u00f6nemi ve de\u011feri \u00fczerinde duruldu.<\/b><\/div>\n<div><b>&nbsp;<\/b><\/div>\n<div><b>Ansiklopedinin as\u0131l merkezini olu\u015fturan \u00fc\u00e7\u00fcnc\u00fc b\u00f6l\u00fcm sistematik tan\u0131t\u0131mlara ayr\u0131ld\u0131. Bu b\u00f6l\u00fcmde, an\u0131 yazarlar\u0131 soyadlar\u0131na g\u00f6re alfabetik olarak ele al\u0131n\u0131p, ard\u0131ndan yazd\u0131klar\u0131 eserin bibliyografik k\u00fcnyesi verilmektedir. Daha sonra, yazar\u0131n \u00f6zge\u00e7mi\u015fine k\u0131saca temas edilmekte ve an\u0131 kitab\u0131n\u0131n tan\u0131t\u0131m\u0131 yap\u0131lmaktad\u0131r. An\u0131lar\u0131n \u00f6ns\u00f6z ve i\u00e7indekiler k\u0131sm\u0131ndan yararlanarak eser hakk\u0131ndaki bilgiler zenginle\u015ftirilmekte; varsa eserin farkl\u0131 bas\u0131mlar\u0131 burada g\u00f6sterilmektedir. Ayr\u0131ca gerekli ise ilgili yazar\u0131n an\u0131 t\u00fcr\u00fcnden baz\u0131 eserlerinin bibliyografik k\u00fcnyeleri de verilmektedir. Tan\u0131t\u0131m\u0131n son k\u0131sm\u0131nda, an\u0131lar\u0131n hangi a\u00e7\u0131dan \u00f6nemli oldu\u011fu Anahtar Kavramlar (AK) \u015feklinde vurgulanmaktad\u0131r. Ara\u015ft\u0131rmam\u0131z\u0131n en sonunda yer alan \u201cDizin\u201d k\u0131sm\u0131nda ise \u00e7al\u0131\u015fmada ge\u00e7en \u00f6nemli ki\u015fi ve yer adlar\u0131 ile anahtar kavramlar listelenmi\u015ftir. \u015e\u00fcphesiz ki, medeni insanlar arkalar\u0131nda unutulmaz eserler b\u0131rakan insanlard\u0131r. Sizden sonra gelenlerin, ya\u015fad\u0131klar\u0131n\u0131z\u0131 \u00f6\u011frenmelerini istiyorsan\u0131z, l\u00fctfen an\u0131lar\u0131n\u0131z\u0131 yaz\u0131n\u0131z.<\/b><\/div>\n<\/div>\n<div>&nbsp;<\/div>\n<blockquote>\n<p>(Sipari\u015f vermek i\u00e7in 0532 722 23 94, sisterduman@yahoo.com.tr)<\/p>\n<\/blockquote>\t\t\t\t\t\t<\/div>\n\t\t\t\t<\/div>\n\t\t\t\t<\/div>\n\t\t\t\t\t<\/div>\n\t\t\t\t<\/div>\n\t\t\t\t<\/div>\n\t\t","protected":false},"excerpt":{"rendered":"<p>A\u00e7\u0131klamal\u0131 An\u0131lar Ansiklopedisi Hal\u00fbk Harun DUMAN Hasan ULUCUTSOY \u0130stanbul: DUYAP Yay\u0131nlar\u0131, 2025 (E\u011fiten Matbaac\u0131l\u0131k) 704 sayfa (Tek renk) ISBN: 978-975-8493-22-7 &nbsp;A\u00c7IKLAMALI ANILAR ANSK\u0130KLOPED\u0130S\u0130, T\u00fcrk\u00e7e yay\u0131nlanm\u0131\u015f an\u0131 kitaplar\u0131n\u0131n veya tefrika edilmi\u015f an\u0131lar\u0131n sistematik tan\u0131t\u0131m\u0131ndan meydana gelen bibliyografik bir \u00e7al\u0131\u015fmad\u0131r. Temel amac\u0131, sosyal bilimler alan\u0131nda yap\u0131lacak ara\u015ft\u0131rmalar i\u00e7in bir referans kitab\u0131 olu\u015fturmakt\u0131r. Ayr\u0131ca, zengin an\u0131 edebiyat\u0131 hakk\u0131nda &hellip;<\/p>\n<p class=\"read-more\"> <a class=\"\" href=\"https:\/\/xn--duyapyaynlar-84be.com\/?page_id=2380\"> <span class=\"screen-reader-text\">A\u00e7\u0131klamal\u0131 An\u0131lar Ansiklopedisi<\/span> Devam\u0131 &raquo;<\/a><\/p>\n","protected":false},"author":1,"featured_media":0,"parent":0,"menu_order":0,"comment_status":"closed","ping_status":"closed","template":"","meta":{"om_disable_all_campaigns":false,"_monsterinsights_skip_tracking":false,"_monsterinsights_sitenote_active":false,"_monsterinsights_sitenote_note":"","_monsterinsights_sitenote_category":0,"site-sidebar-layout":"no-sidebar","site-content-layout":"page-builder","ast-site-content-layout":"full-width-container","site-content-style":"default","site-sidebar-style":"default","ast-global-header-display":"","ast-banner-title-visibility":"","ast-main-header-display":"","ast-hfb-above-header-display":"","ast-hfb-below-header-display":"","ast-hfb-mobile-header-display":"","site-post-title":"disabled","ast-breadcrumbs-content":"","ast-featured-img":"disabled","footer-sml-layout":"","theme-transparent-header-meta":"","adv-header-id-meta":"","stick-header-meta":"","header-above-stick-meta":"","header-main-stick-meta":"","header-below-stick-meta":"","astra-migrate-meta-layouts":"set","ast-page-background-enabled":"default","ast-page-background-meta":{"desktop":{"background-color":"","background-image":"","background-repeat":"repeat","background-position":"center center","background-size":"auto","background-attachment":"scroll","background-type":"","background-media":"","overlay-type":"","overlay-color":"","overlay-gradient":""},"tablet":{"background-color":"","background-image":"","background-repeat":"repeat","background-position":"center center","background-size":"auto","background-attachment":"scroll","background-type":"","background-media":"","overlay-type":"","overlay-color":"","overlay-gradient":""},"mobile":{"background-color":"","background-image":"","background-repeat":"repeat","background-position":"center center","background-size":"auto","background-attachment":"scroll","background-type":"","background-media":"","overlay-type":"","overlay-color":"","overlay-gradient":""}},"ast-content-background-meta":{"desktop":{"background-color":"var(--ast-global-color-5)","background-image":"","background-repeat":"repeat","background-position":"center center","background-size":"auto","background-attachment":"scroll","background-type":"","background-media":"","overlay-type":"","overlay-color":"","overlay-gradient":""},"tablet":{"background-color":"var(--ast-global-color-5)","background-image":"","background-repeat":"repeat","background-position":"center center","background-size":"auto","background-attachment":"scroll","background-type":"","background-media":"","overlay-type":"","overlay-color":"","overlay-gradient":""},"mobile":{"background-color":"var(--ast-global-color-5)","background-image":"","background-repeat":"repeat","background-position":"center center","background-size":"auto","background-attachment":"scroll","background-type":"","background-media":"","overlay-type":"","overlay-color":"","overlay-gradient":""}},"footnotes":""},"aioseo_notices":[],"_links":{"self":[{"href":"https:\/\/xn--duyapyaynlar-84be.com\/index.php?rest_route=\/wp\/v2\/pages\/2380"}],"collection":[{"href":"https:\/\/xn--duyapyaynlar-84be.com\/index.php?rest_route=\/wp\/v2\/pages"}],"about":[{"href":"https:\/\/xn--duyapyaynlar-84be.com\/index.php?rest_route=\/wp\/v2\/types\/page"}],"author":[{"embeddable":true,"href":"https:\/\/xn--duyapyaynlar-84be.com\/index.php?rest_route=\/wp\/v2\/users\/1"}],"replies":[{"embeddable":true,"href":"https:\/\/xn--duyapyaynlar-84be.com\/index.php?rest_route=%2Fwp%2Fv2%2Fcomments&post=2380"}],"version-history":[{"count":13,"href":"https:\/\/xn--duyapyaynlar-84be.com\/index.php?rest_route=\/wp\/v2\/pages\/2380\/revisions"}],"predecessor-version":[{"id":2440,"href":"https:\/\/xn--duyapyaynlar-84be.com\/index.php?rest_route=\/wp\/v2\/pages\/2380\/revisions\/2440"}],"wp:attachment":[{"href":"https:\/\/xn--duyapyaynlar-84be.com\/index.php?rest_route=%2Fwp%2Fv2%2Fmedia&parent=2380"}],"curies":[{"name":"wp","href":"https:\/\/api.w.org\/{rel}","templated":true}]}}