{"id":2378,"date":"2025-12-21T18:45:34","date_gmt":"2025-12-21T15:45:34","guid":{"rendered":"https:\/\/xn--duyapyaynlar-84be.com\/?page_id=2378"},"modified":"2025-12-21T20:26:43","modified_gmt":"2025-12-21T17:26:43","slug":"cagdas-edebiyat-kavram-ve-kuramlari","status":"publish","type":"page","link":"https:\/\/xn--duyapyaynlar-84be.com\/?page_id=2378","title":{"rendered":"\u00c7a\u011fda\u015f Edebiyat Kavram ve Kuramlar\u0131"},"content":{"rendered":"\t\t<div data-elementor-type=\"wp-page\" data-elementor-id=\"2378\" class=\"elementor elementor-2378\">\n\t\t\t\t<div class=\"elementor-element elementor-element-ba0065a e-flex e-con-boxed e-con e-parent\" data-id=\"ba0065a\" data-element_type=\"container\" data-settings=\"{&quot;content_width&quot;:&quot;boxed&quot;}\" data-core-v316-plus=\"true\">\n\t\t\t\t\t<div class=\"e-con-inner\">\n\t\t\t\t<div class=\"elementor-element elementor-element-bd301d9 elementor-widget elementor-widget-heading\" data-id=\"bd301d9\" data-element_type=\"widget\" data-widget_type=\"heading.default\">\n\t\t\t\t<div class=\"elementor-widget-container\">\n\t\t\t<style>\/*! elementor - v3.19.0 - 28-02-2024 *\/\n.elementor-heading-title{padding:0;margin:0;line-height:1}.elementor-widget-heading .elementor-heading-title[class*=elementor-size-]>a{color:inherit;font-size:inherit;line-height:inherit}.elementor-widget-heading .elementor-heading-title.elementor-size-small{font-size:15px}.elementor-widget-heading .elementor-heading-title.elementor-size-medium{font-size:19px}.elementor-widget-heading .elementor-heading-title.elementor-size-large{font-size:29px}.elementor-widget-heading .elementor-heading-title.elementor-size-xl{font-size:39px}.elementor-widget-heading .elementor-heading-title.elementor-size-xxl{font-size:59px}<\/style><h2 class=\"elementor-heading-title elementor-size-default\">\u00c7a\u011fda\u015f Edebiyat Kavram ve Kuramlar\u0131<\/h2>\t\t<\/div>\n\t\t\t\t<\/div>\n\t\t\t\t\t<\/div>\n\t\t\t\t<\/div>\n\t\t<div class=\"elementor-element elementor-element-a5fdfba e-flex e-con-boxed e-con e-parent\" data-id=\"a5fdfba\" data-element_type=\"container\" data-settings=\"{&quot;content_width&quot;:&quot;boxed&quot;}\" data-core-v316-plus=\"true\">\n\t\t\t\t\t<div class=\"e-con-inner\">\n\t\t<div class=\"elementor-element elementor-element-550f149 e-con-full e-flex e-con e-child\" data-id=\"550f149\" data-element_type=\"container\" data-settings=\"{&quot;content_width&quot;:&quot;full&quot;}\">\n\t\t\t\t<div class=\"elementor-element elementor-element-5aa4e9f elementor-widget elementor-widget-image\" data-id=\"5aa4e9f\" data-element_type=\"widget\" data-widget_type=\"image.default\">\n\t\t\t\t<div class=\"elementor-widget-container\">\n\t\t\t<style>\/*! elementor - v3.19.0 - 28-02-2024 *\/\n.elementor-widget-image{text-align:center}.elementor-widget-image a{display:inline-block}.elementor-widget-image a img[src$=\".svg\"]{width:48px}.elementor-widget-image img{vertical-align:middle;display:inline-block}<\/style>\t\t\t\t\t\t\t\t\t\t<img fetchpriority=\"high\" decoding=\"async\" width=\"237\" height=\"300\" src=\"https:\/\/xn--duyapyaynlar-84be.com\/wp-content\/uploads\/2025\/12\/Cagdas-Edebiyat-Kavram-ve-Kuramlari-237x300.png\" class=\"attachment-medium size-medium wp-image-2401\" alt=\"\" srcset=\"https:\/\/xn--duyapyaynlar-84be.com\/wp-content\/uploads\/2025\/12\/Cagdas-Edebiyat-Kavram-ve-Kuramlari-237x300.png 237w, https:\/\/xn--duyapyaynlar-84be.com\/wp-content\/uploads\/2025\/12\/Cagdas-Edebiyat-Kavram-ve-Kuramlari.png 622w\" sizes=\"(max-width: 237px) 100vw, 237px\" \/>\t\t\t\t\t\t\t\t\t\t\t\t\t<\/div>\n\t\t\t\t<\/div>\n\t\t\t\t<\/div>\n\t\t<div class=\"elementor-element elementor-element-3552a18 e-con-full e-flex e-con e-child\" data-id=\"3552a18\" data-element_type=\"container\" data-settings=\"{&quot;content_width&quot;:&quot;full&quot;}\">\n\t\t\t\t<div class=\"elementor-element elementor-element-b5b5330 elementor-widget elementor-widget-text-editor\" data-id=\"b5b5330\" data-element_type=\"widget\" data-widget_type=\"text-editor.default\">\n\t\t\t\t<div class=\"elementor-widget-container\">\n\t\t\t<style>\/*! elementor - v3.19.0 - 28-02-2024 *\/\n.elementor-widget-text-editor.elementor-drop-cap-view-stacked .elementor-drop-cap{background-color:#69727d;color:#fff}.elementor-widget-text-editor.elementor-drop-cap-view-framed .elementor-drop-cap{color:#69727d;border:3px solid;background-color:transparent}.elementor-widget-text-editor:not(.elementor-drop-cap-view-default) .elementor-drop-cap{margin-top:8px}.elementor-widget-text-editor:not(.elementor-drop-cap-view-default) .elementor-drop-cap-letter{width:1em;height:1em}.elementor-widget-text-editor .elementor-drop-cap{float:left;text-align:center;line-height:1;font-size:50px}.elementor-widget-text-editor .elementor-drop-cap-letter{display:inline-block}<\/style>\t\t\t\t<h4><strong><span style=\"font-style: inherit; text-align: var(--text-align); background-color: var(--ast-global-color-4); color: var(--ast-global-color-3);\">Hal\u00fbk Harun DUMAN<\/span><\/strong><\/h4>\n<div>\n<h4><strong><span style=\"font-style: inherit; text-align: var(--text-align); background-color: var(--ast-global-color-4); color: var(--ast-global-color-3);\">Furkan AB\u0130R<\/span><\/strong><\/h4>\n<\/div>\n<div><b style=\"font-style: inherit;\">\u0130stanbul: DUYAP Yay\u0131nlar\u0131, 2025 (E\u011fiten Matbaac\u0131l\u0131k)<\/b><\/div>\n<p><b>285 sayfa (Tek renk)<\/b><\/p>\n<p><b>ISBN: 978-975-8493-21-0<\/b><\/p>\n<p><b style=\"font-style: inherit;\"><br><\/b><\/p>\n<p><b style=\"font-style: inherit;\">EDEB\u0130YAT TEMEL OLARAK dili kulland\u0131\u011f\u0131 i\u00e7in sosyal bir olgu \u015feklinde kar\u015f\u0131m\u0131za \u00e7\u0131kar. Bu vas\u0131tayla edebiyat geni\u015f \u00f6l\u00e7\u00fcde hayat\u0131 temsil eder. Hayat yeni ba\u015ftan \u201cedebiyat evreni\u201d i\u00e7inde yorumlan\u0131r, de\u011fi\u015ftirilir ve geli\u015ftirilir. Hatta \u00e7o\u011fu zaman hayat\u0131 oldu\u011fu gibi de\u011fil de taklidini yaparak yans\u0131t\u0131r ve yeniden kurgular. Bu kurgu, ger\u00e7ek veya kurgusal hayat\u0131n s\u0131n\u0131rlar\u0131 i\u00e7inde farkl\u0131 boyutlara ula\u015f\u0131r. Ak\u0131l ve alg\u0131lar\u0131m\u0131z ger\u00e7ek hayat\u0131n s\u0131n\u0131rlar\u0131 i\u00e7inde dola\u015f\u0131rken edebiyat hayal \u00e2leminin sonsuzlu\u011fu i\u00e7inde bir yarat\u0131m s\u00fcreci \u015feklinde geli\u015fir. Ger\u00e7ek hayatta uzun saatler alabilecek bir yolculuk, hayal \u00e2leminde g\u00f6z a\u00e7\u0131p kapay\u0131ncaya kadar ger\u00e7ekle\u015fir. Bu nedenle edeb\u00ee eserler kendi d\u00f6nemlerinin sosyal olaylar\u0131n\u0131n yans\u0131d\u0131\u011f\u0131 \u00fcr\u00fcnler olman\u0131n \u00f6tesinde b\u00fct\u00fcn insanl\u0131\u011f\u0131n ruhunun \u00f6z\u00fc konumuna ge\u00e7er.<\/b><\/p>\n<p><b>Bu kitapta \u00c7a\u011fda\u015f Edebiyat Bilimi\u2019nde kullan\u0131lan kavram ve kuramlar\u0131n a\u00e7\u0131klamalar\u0131n\u0131 alfabetik s\u0131rayla bulacaks\u0131n\u0131z. Edebiyat biliminde kullan\u0131lan kavram ve kuramlar do\u011fal olarak bizim bu kitapta verdiklerimizden \u00e7ok daha fazlad\u0131r. Zira edebiyat bilimi zaman i\u00e7inde geli\u015fmekte, yeni kavram ve kuramlarla s\u0131n\u0131rlar\u0131n\u0131 geni\u015fletmektedir. A\u00e7\u0131klanan kavramlar\u0131n kar\u015f\u0131lar\u0131na parantez i\u00e7inde \u00f6zg\u00fcn bi\u00e7imleri verildi. Baz\u0131lar\u0131na k\u0131sa \u00f6rnekler eklendi, baz\u0131lar\u0131n\u0131n da farkl\u0131 anlamlar\u0131na yer verildi. Kavramlardan bir k\u0131sm\u0131na T\u00fcrk\u00e7e isimler \u00f6nerilirken dilimize yerle\u015fmi\u015f olan kavramlar de\u011fi\u015ftirilmedi. A\u00e7\u0131klamalar anla\u015f\u0131lmay\u0131 g\u00fc\u00e7le\u015ftirmemek i\u00e7in \u00e7ok uzun tutulmad\u0131. Vurgulanmas\u0131 gereken yerler siyah dizildi veya t\u0131rnak i\u00e7inde g\u00f6sterilmi\u015ftir.&nbsp;<\/b><\/p>\n<p><b>&nbsp;<\/b><\/p>\n<blockquote>\n<p>(Sipari\u015f vermek i\u00e7in 0532 722 23 94, sisterduman@yahoo.com.tr)<\/p>\n<\/blockquote>\t\t\t\t\t\t<\/div>\n\t\t\t\t<\/div>\n\t\t\t\t<\/div>\n\t\t\t\t\t<\/div>\n\t\t\t\t<\/div>\n\t\t\t\t<\/div>\n\t\t","protected":false},"excerpt":{"rendered":"<p>\u00c7a\u011fda\u015f Edebiyat Kavram ve Kuramlar\u0131 Hal\u00fbk Harun DUMAN Furkan AB\u0130R \u0130stanbul: DUYAP Yay\u0131nlar\u0131, 2025 (E\u011fiten Matbaac\u0131l\u0131k) 285 sayfa (Tek renk) ISBN: 978-975-8493-21-0 EDEB\u0130YAT TEMEL OLARAK dili kulland\u0131\u011f\u0131 i\u00e7in sosyal bir olgu \u015feklinde kar\u015f\u0131m\u0131za \u00e7\u0131kar. Bu vas\u0131tayla edebiyat geni\u015f \u00f6l\u00e7\u00fcde hayat\u0131 temsil eder. Hayat yeni ba\u015ftan \u201cedebiyat evreni\u201d i\u00e7inde yorumlan\u0131r, de\u011fi\u015ftirilir ve geli\u015ftirilir. Hatta \u00e7o\u011fu zaman &hellip;<\/p>\n<p class=\"read-more\"> <a class=\"\" href=\"https:\/\/xn--duyapyaynlar-84be.com\/?page_id=2378\"> <span class=\"screen-reader-text\">\u00c7a\u011fda\u015f Edebiyat Kavram ve Kuramlar\u0131<\/span> Devam\u0131 &raquo;<\/a><\/p>\n","protected":false},"author":1,"featured_media":0,"parent":0,"menu_order":0,"comment_status":"closed","ping_status":"closed","template":"","meta":{"om_disable_all_campaigns":false,"_monsterinsights_skip_tracking":false,"_monsterinsights_sitenote_active":false,"_monsterinsights_sitenote_note":"","_monsterinsights_sitenote_category":0,"site-sidebar-layout":"no-sidebar","site-content-layout":"page-builder","ast-site-content-layout":"full-width-container","site-content-style":"default","site-sidebar-style":"default","ast-global-header-display":"","ast-banner-title-visibility":"","ast-main-header-display":"","ast-hfb-above-header-display":"","ast-hfb-below-header-display":"","ast-hfb-mobile-header-display":"","site-post-title":"disabled","ast-breadcrumbs-content":"","ast-featured-img":"disabled","footer-sml-layout":"","theme-transparent-header-meta":"","adv-header-id-meta":"","stick-header-meta":"","header-above-stick-meta":"","header-main-stick-meta":"","header-below-stick-meta":"","astra-migrate-meta-layouts":"set","ast-page-background-enabled":"default","ast-page-background-meta":{"desktop":{"background-color":"","background-image":"","background-repeat":"repeat","background-position":"center center","background-size":"auto","background-attachment":"scroll","background-type":"","background-media":"","overlay-type":"","overlay-color":"","overlay-gradient":""},"tablet":{"background-color":"","background-image":"","background-repeat":"repeat","background-position":"center center","background-size":"auto","background-attachment":"scroll","background-type":"","background-media":"","overlay-type":"","overlay-color":"","overlay-gradient":""},"mobile":{"background-color":"","background-image":"","background-repeat":"repeat","background-position":"center center","background-size":"auto","background-attachment":"scroll","background-type":"","background-media":"","overlay-type":"","overlay-color":"","overlay-gradient":""}},"ast-content-background-meta":{"desktop":{"background-color":"var(--ast-global-color-5)","background-image":"","background-repeat":"repeat","background-position":"center center","background-size":"auto","background-attachment":"scroll","background-type":"","background-media":"","overlay-type":"","overlay-color":"","overlay-gradient":""},"tablet":{"background-color":"var(--ast-global-color-5)","background-image":"","background-repeat":"repeat","background-position":"center center","background-size":"auto","background-attachment":"scroll","background-type":"","background-media":"","overlay-type":"","overlay-color":"","overlay-gradient":""},"mobile":{"background-color":"var(--ast-global-color-5)","background-image":"","background-repeat":"repeat","background-position":"center center","background-size":"auto","background-attachment":"scroll","background-type":"","background-media":"","overlay-type":"","overlay-color":"","overlay-gradient":""}},"footnotes":""},"aioseo_notices":[],"_links":{"self":[{"href":"https:\/\/xn--duyapyaynlar-84be.com\/index.php?rest_route=\/wp\/v2\/pages\/2378"}],"collection":[{"href":"https:\/\/xn--duyapyaynlar-84be.com\/index.php?rest_route=\/wp\/v2\/pages"}],"about":[{"href":"https:\/\/xn--duyapyaynlar-84be.com\/index.php?rest_route=\/wp\/v2\/types\/page"}],"author":[{"embeddable":true,"href":"https:\/\/xn--duyapyaynlar-84be.com\/index.php?rest_route=\/wp\/v2\/users\/1"}],"replies":[{"embeddable":true,"href":"https:\/\/xn--duyapyaynlar-84be.com\/index.php?rest_route=%2Fwp%2Fv2%2Fcomments&post=2378"}],"version-history":[{"count":10,"href":"https:\/\/xn--duyapyaynlar-84be.com\/index.php?rest_route=\/wp\/v2\/pages\/2378\/revisions"}],"predecessor-version":[{"id":2449,"href":"https:\/\/xn--duyapyaynlar-84be.com\/index.php?rest_route=\/wp\/v2\/pages\/2378\/revisions\/2449"}],"wp:attachment":[{"href":"https:\/\/xn--duyapyaynlar-84be.com\/index.php?rest_route=%2Fwp%2Fv2%2Fmedia&parent=2378"}],"curies":[{"name":"wp","href":"https:\/\/api.w.org\/{rel}","templated":true}]}}