{"id":2376,"date":"2025-12-21T18:44:41","date_gmt":"2025-12-21T15:44:41","guid":{"rendered":"https:\/\/xn--duyapyaynlar-84be.com\/?page_id=2376"},"modified":"2025-12-21T20:22:01","modified_gmt":"2025-12-21T17:22:01","slug":"bogazicinin-siiri","status":"publish","type":"page","link":"https:\/\/xn--duyapyaynlar-84be.com\/?page_id=2376","title":{"rendered":"Bo\u011fazi\u00e7i&#8217;nin \u015eiiri"},"content":{"rendered":"\t\t<div data-elementor-type=\"wp-page\" data-elementor-id=\"2376\" class=\"elementor elementor-2376\">\n\t\t\t\t<div class=\"elementor-element elementor-element-dcc1fda e-flex e-con-boxed e-con e-parent\" data-id=\"dcc1fda\" data-element_type=\"container\" data-settings=\"{&quot;content_width&quot;:&quot;boxed&quot;}\" data-core-v316-plus=\"true\">\n\t\t\t\t\t<div class=\"e-con-inner\">\n\t\t\t\t<div class=\"elementor-element elementor-element-91c7b85 elementor-widget elementor-widget-heading\" data-id=\"91c7b85\" data-element_type=\"widget\" data-widget_type=\"heading.default\">\n\t\t\t\t<div class=\"elementor-widget-container\">\n\t\t\t<style>\/*! elementor - v3.19.0 - 28-02-2024 *\/\n.elementor-heading-title{padding:0;margin:0;line-height:1}.elementor-widget-heading .elementor-heading-title[class*=elementor-size-]>a{color:inherit;font-size:inherit;line-height:inherit}.elementor-widget-heading .elementor-heading-title.elementor-size-small{font-size:15px}.elementor-widget-heading .elementor-heading-title.elementor-size-medium{font-size:19px}.elementor-widget-heading .elementor-heading-title.elementor-size-large{font-size:29px}.elementor-widget-heading .elementor-heading-title.elementor-size-xl{font-size:39px}.elementor-widget-heading .elementor-heading-title.elementor-size-xxl{font-size:59px}<\/style><h2 class=\"elementor-heading-title elementor-size-default\">Bo\u011fazi\u00e7i'nin \u015eiiri: Fenerler, Semtler, Yal\u0131lar<\/h2>\t\t<\/div>\n\t\t\t\t<\/div>\n\t\t\t\t\t<\/div>\n\t\t\t\t<\/div>\n\t\t<div class=\"elementor-element elementor-element-6aa5bd3 e-flex e-con-boxed e-con e-parent\" data-id=\"6aa5bd3\" data-element_type=\"container\" data-settings=\"{&quot;content_width&quot;:&quot;boxed&quot;}\" data-core-v316-plus=\"true\">\n\t\t\t\t\t<div class=\"e-con-inner\">\n\t\t<div class=\"elementor-element elementor-element-b2fd189 e-con-full e-flex e-con e-child\" data-id=\"b2fd189\" data-element_type=\"container\" data-settings=\"{&quot;content_width&quot;:&quot;full&quot;}\">\n\t\t\t\t<div class=\"elementor-element elementor-element-cf3f292 elementor-widget elementor-widget-image\" data-id=\"cf3f292\" data-element_type=\"widget\" data-widget_type=\"image.default\">\n\t\t\t\t<div class=\"elementor-widget-container\">\n\t\t\t<style>\/*! elementor - v3.19.0 - 28-02-2024 *\/\n.elementor-widget-image{text-align:center}.elementor-widget-image a{display:inline-block}.elementor-widget-image a img[src$=\".svg\"]{width:48px}.elementor-widget-image img{vertical-align:middle;display:inline-block}<\/style>\t\t\t\t\t\t\t\t\t\t<img fetchpriority=\"high\" decoding=\"async\" width=\"216\" height=\"300\" src=\"https:\/\/xn--duyapyaynlar-84be.com\/wp-content\/uploads\/2025\/12\/Bogazicinin-Siiri-216x300.png\" class=\"attachment-medium size-medium wp-image-2396\" alt=\"\" srcset=\"https:\/\/xn--duyapyaynlar-84be.com\/wp-content\/uploads\/2025\/12\/Bogazicinin-Siiri-216x300.png 216w, https:\/\/xn--duyapyaynlar-84be.com\/wp-content\/uploads\/2025\/12\/Bogazicinin-Siiri.png 588w\" sizes=\"(max-width: 216px) 100vw, 216px\" \/>\t\t\t\t\t\t\t\t\t\t\t\t\t<\/div>\n\t\t\t\t<\/div>\n\t\t\t\t<\/div>\n\t\t<div class=\"elementor-element elementor-element-15573d9 e-con-full e-flex e-con e-child\" data-id=\"15573d9\" data-element_type=\"container\" data-settings=\"{&quot;content_width&quot;:&quot;full&quot;}\">\n\t\t\t\t<div class=\"elementor-element elementor-element-2d9dec5 elementor-widget elementor-widget-text-editor\" data-id=\"2d9dec5\" data-element_type=\"widget\" data-widget_type=\"text-editor.default\">\n\t\t\t\t<div class=\"elementor-widget-container\">\n\t\t\t<style>\/*! elementor - v3.19.0 - 28-02-2024 *\/\n.elementor-widget-text-editor.elementor-drop-cap-view-stacked .elementor-drop-cap{background-color:#69727d;color:#fff}.elementor-widget-text-editor.elementor-drop-cap-view-framed .elementor-drop-cap{color:#69727d;border:3px solid;background-color:transparent}.elementor-widget-text-editor:not(.elementor-drop-cap-view-default) .elementor-drop-cap{margin-top:8px}.elementor-widget-text-editor:not(.elementor-drop-cap-view-default) .elementor-drop-cap-letter{width:1em;height:1em}.elementor-widget-text-editor .elementor-drop-cap{float:left;text-align:center;line-height:1;font-size:50px}.elementor-widget-text-editor .elementor-drop-cap-letter{display:inline-block}<\/style>\t\t\t\t<h4><strong><span style=\"font-style: inherit; text-align: var(--text-align); background-color: var(--ast-global-color-4); color: var(--ast-global-color-3);\">Hal\u00fbk Harun DUMAN<\/span><\/strong><\/h4>\n<p><b style=\"font-style: inherit;\">\u0130stanbul: DUYAP Yay\u0131nlar\u0131, 2025 (E\u011fiten Matbaac\u0131l\u0131k)<\/b><\/p>\n<p><b>473 sayfa-Renkli<\/b><\/p>\n<p><b>ISBN: 978-975-8493-23-4<\/b><\/p>\n<p><b style=\"font-style: inherit;\"><br><\/b><\/p><p><b style=\"font-style: inherit;\">E\u015eS\u0130Z, BENZERS\u0130Z, MUHTE\u015eEM s\u0131fatlar\u0131n\u0131 d\u00fcnya \u00fczerinde tam anlam\u0131yla hak eden \u015fehirlerin ba\u015f\u0131nda \u0130stanbul gelir diyerek s\u00f6ze ba\u015flasak bu h\u00fckm\u00fcm\u00fczde yan\u0131lm\u0131\u015f say\u0131lmay\u0131z. Stratejik konumu, do\u011fal g\u00fczellikleri, tarihsel ge\u00e7mi\u015fi, ta\u015f\u0131d\u0131\u011f\u0131 k\u00fclt\u00fcrel miras ve zenginlikler onu farkl\u0131 ve de\u011ferli k\u0131lan ba\u015fl\u0131ca \u00f6zelliklerdir. \u0130mparatorluklara ba\u015fkentlik yapan \u0130stanbul, d\u00fcnya \u00fczerindeki b\u00fct\u00fcn milletlerin g\u0131pta ile -\u00e7o\u011fu zaman da k\u0131skanarak- bakt\u0131\u011f\u0131 \u015fehirlerin ba\u015f\u0131nda gelir. Bu nedenle, kurulu\u015fundan beri farkl\u0131 milletler \u0130stanbul\u2019a farkl\u0131 isimler verir ve ona sahip olmak isterler. \u0130stanbul\u2019un de\u011ferini ve \u00f6nemini artt\u0131ran g\u00fczelliklerin ba\u015f\u0131nda \u015f\u00fcphesiz Bo\u011fazi\u00e7i gelir. Bo\u011fazi\u00e7i, g\u00fczel bir gelinin ak-pak g\u00f6\u011fs\u00fcn\u00fc s\u00fcsleyen bir gerdanl\u0131k gibidir. \u0130nciler, elmaslar, p\u0131rlantalar, yakutlardan daha de\u011ferli Bo\u011fazi\u00e7i, \u0130stanbul\u2019un s\u00fcs\u00fcne s\u00fcs, g\u00fczelli\u011fine g\u00fczellik katar.<\/b><\/p>\n<p><b style=\"font-style: inherit;\">Bo\u011fazi\u00e7i do\u011fal g\u00fczelliklerinin yan\u0131 s\u0131ra Anadolu ve Balkanlarda kurulan devletlerin \u00e2deta b\u00fct\u00fcn alt ve \u00fcst yap\u0131s\u0131n\u0131 belirleyen ayr\u0131cal\u0131kl\u0131 bir mek\u00e2n olur. Bu nedenle Bo\u011fazi\u00e7i\u2019ni Tanp\u0131nar gibi yaln\u0131zca transit bir suyolu veya do\u011fa harikas\u0131 bir g\u00fczellik olarak g\u00f6rmek yanl\u0131\u015ft\u0131r. Mek\u00e2n\u0131n ruhu bo\u011fazda farkl\u0131 \u015fekilde kendini g\u00f6sterir. Bo\u011faza h\u00e2kim olan \u00fclkeye h\u00e2kim olur dersek yan\u0131lm\u0131\u015f say\u0131lmay\u0131z. 600 y\u0131l h\u00fck\u00fcm s\u00fcren Osmanl\u0131 \u0130mparatorlu\u011fu\u2019nun batmas\u0131nda Bo\u011fazda oturan bankerlerin b\u00fcy\u00fck pay\u0131 vard\u0131r. Buna ra\u011fmen \u0130stanbul deyince akla ilk gelen Bo\u011fazi\u00e7i\u2019nin o emsalsiz g\u00fczelli\u011fi olur. Birbirini zincirleme olarak b\u00fct\u00fcnleyen ili\u015fki d\u00fcnyada ba\u015fka hi\u00e7bir \u015fehirde g\u00f6r\u00fclmez. \u0130stanbul ve Bo\u011fazi\u00e7i\u2019nin cezbedici g\u00fczellikleri, hakk\u0131nda y\u00fczlerce hatta binlerce kitap yaz\u0131l\u0131r. Bu kitaplar\u0131n say\u0131s\u0131 o kadar fazlad\u0131r ki yaln\u0131zca \u0130stanbul\u2019la ilgili yay\u0131nlardan olu\u015fan k\u00fct\u00fcphaneler kurulmas\u0131na yol a\u00e7ar. K\u00fct\u00fcphanelerdeki yay\u0131nlar\u0131n tamam\u0131 bir araya gelse yine de \u0130stanbul\u2019u anlatmaya yetmeyecektir. Onun i\u00e7in \u0130stanbul ve Bo\u011fazi\u00e7i ile ilgili daha \u00e7ok kitap yay\u0131mlanacak ve daha \u00e7ok s\u00f6z s\u00f6ylenecektir.<\/b><\/p>\n<p><b style=\"font-style: inherit;\">Kitab\u0131m\u0131z giri\u015ften sonra gelen \u00fc\u00e7 b\u00f6l\u00fcmden olu\u015fmaktad\u0131r. Giri\u015f k\u0131sm\u0131nda \u0130stanbul\u2019un k\u0131sa tarihine yer verildi ve zaman i\u00e7inde ya\u015fanan de\u011fi\u015fimler \u00fczerinde duruldu. Birinci b\u00f6l\u00fcmde Ah\u0131rkap\u0131 Feneri\u2019nden ba\u015flay\u0131p Rumeli Feneri\u2019ne kadar uzanan Avrupa yakas\u0131ndaki bo\u011faza k\u0131y\u0131s\u0131 olan semtler teker teker ele al\u0131nd\u0131. S\u00f6z konusu semtlerin tarihi ve \u00f6nemine de\u011finildi, ard\u0131ndan o semtle ilgili \u015fiirlere yer verildi. Buna benzer bir yakla\u015f\u0131m ikinci b\u00f6l\u00fcmde Anadolu yakas\u0131 i\u00e7in uyguland\u0131. Bu sefer de Anadolu Feneri ile Fenerbah\u00e7e Feneri aras\u0131nda kalan semtler anlat\u0131ld\u0131. B\u00fct\u00fcn bu semtlerde \u00f6ne \u00e7\u0131kan simgesel yal\u0131lar ve k\u00f6\u015fkler k\u0131saca tan\u0131t\u0131ld\u0131. \u00dc\u00e7\u00fcnc\u00fc b\u00f6l\u00fcmde ise Prens Adalar\u0131 olarak da bilinen \u0130stanbul adalar\u0131na yer verildi. Bu b\u00f6l\u00fcmde; Burgaz, B\u00fcy\u00fckada, K\u0131nal\u0131, Ka\u015f\u0131k Adas\u0131, Heybeliada, Sedef Adas\u0131, Sivri Ada, Tav\u015fan Adas\u0131, Yass\u0131 Ada\u2019y\u0131 i\u015fleyen \u015fiirler ele al\u0131nd\u0131. Bo\u011fazi\u00e7i\u2019nin de\u011ferine de\u011fer katan semtler ve adalar\u0131n birbirinden g\u00fczel hik\u00e2yelerine de\u011finildi.<\/b><\/p>\n<p><b style=\"font-style: inherit;\"><br><\/b><\/p>\n<blockquote>\n<p>(Sipari\u015f vermek i\u00e7in 0532 722 23 94, sisterduman@yahoo.com.tr)<\/p>\n<\/blockquote>\t\t\t\t\t\t<\/div>\n\t\t\t\t<\/div>\n\t\t\t\t<\/div>\n\t\t\t\t\t<\/div>\n\t\t\t\t<\/div>\n\t\t\t\t<\/div>\n\t\t","protected":false},"excerpt":{"rendered":"<p>Bo\u011fazi\u00e7i&#8217;nin \u015eiiri: Fenerler, Semtler, Yal\u0131lar Hal\u00fbk Harun DUMAN \u0130stanbul: DUYAP Yay\u0131nlar\u0131, 2025 (E\u011fiten Matbaac\u0131l\u0131k) 473 sayfa-Renkli ISBN: 978-975-8493-23-4 E\u015eS\u0130Z, BENZERS\u0130Z, MUHTE\u015eEM s\u0131fatlar\u0131n\u0131 d\u00fcnya \u00fczerinde tam anlam\u0131yla hak eden \u015fehirlerin ba\u015f\u0131nda \u0130stanbul gelir diyerek s\u00f6ze ba\u015flasak bu h\u00fckm\u00fcm\u00fczde yan\u0131lm\u0131\u015f say\u0131lmay\u0131z. Stratejik konumu, do\u011fal g\u00fczellikleri, tarihsel ge\u00e7mi\u015fi, ta\u015f\u0131d\u0131\u011f\u0131 k\u00fclt\u00fcrel miras ve zenginlikler onu farkl\u0131 ve de\u011ferli k\u0131lan &hellip;<\/p>\n<p class=\"read-more\"> <a class=\"\" href=\"https:\/\/xn--duyapyaynlar-84be.com\/?page_id=2376\"> <span class=\"screen-reader-text\">Bo\u011fazi\u00e7i&#8217;nin \u015eiiri<\/span> Devam\u0131 &raquo;<\/a><\/p>\n","protected":false},"author":1,"featured_media":0,"parent":0,"menu_order":0,"comment_status":"closed","ping_status":"closed","template":"","meta":{"om_disable_all_campaigns":false,"_monsterinsights_skip_tracking":false,"_monsterinsights_sitenote_active":false,"_monsterinsights_sitenote_note":"","_monsterinsights_sitenote_category":0,"site-sidebar-layout":"no-sidebar","site-content-layout":"page-builder","ast-site-content-layout":"full-width-container","site-content-style":"default","site-sidebar-style":"default","ast-global-header-display":"","ast-banner-title-visibility":"","ast-main-header-display":"","ast-hfb-above-header-display":"","ast-hfb-below-header-display":"","ast-hfb-mobile-header-display":"","site-post-title":"disabled","ast-breadcrumbs-content":"","ast-featured-img":"disabled","footer-sml-layout":"","theme-transparent-header-meta":"","adv-header-id-meta":"","stick-header-meta":"","header-above-stick-meta":"","header-main-stick-meta":"","header-below-stick-meta":"","astra-migrate-meta-layouts":"set","ast-page-background-enabled":"default","ast-page-background-meta":{"desktop":{"background-color":"","background-image":"","background-repeat":"repeat","background-position":"center center","background-size":"auto","background-attachment":"scroll","background-type":"","background-media":"","overlay-type":"","overlay-color":"","overlay-gradient":""},"tablet":{"background-color":"","background-image":"","background-repeat":"repeat","background-position":"center center","background-size":"auto","background-attachment":"scroll","background-type":"","background-media":"","overlay-type":"","overlay-color":"","overlay-gradient":""},"mobile":{"background-color":"","background-image":"","background-repeat":"repeat","background-position":"center center","background-size":"auto","background-attachment":"scroll","background-type":"","background-media":"","overlay-type":"","overlay-color":"","overlay-gradient":""}},"ast-content-background-meta":{"desktop":{"background-color":"var(--ast-global-color-5)","background-image":"","background-repeat":"repeat","background-position":"center center","background-size":"auto","background-attachment":"scroll","background-type":"","background-media":"","overlay-type":"","overlay-color":"","overlay-gradient":""},"tablet":{"background-color":"var(--ast-global-color-5)","background-image":"","background-repeat":"repeat","background-position":"center center","background-size":"auto","background-attachment":"scroll","background-type":"","background-media":"","overlay-type":"","overlay-color":"","overlay-gradient":""},"mobile":{"background-color":"var(--ast-global-color-5)","background-image":"","background-repeat":"repeat","background-position":"center center","background-size":"auto","background-attachment":"scroll","background-type":"","background-media":"","overlay-type":"","overlay-color":"","overlay-gradient":""}},"footnotes":""},"aioseo_notices":[],"_links":{"self":[{"href":"https:\/\/xn--duyapyaynlar-84be.com\/index.php?rest_route=\/wp\/v2\/pages\/2376"}],"collection":[{"href":"https:\/\/xn--duyapyaynlar-84be.com\/index.php?rest_route=\/wp\/v2\/pages"}],"about":[{"href":"https:\/\/xn--duyapyaynlar-84be.com\/index.php?rest_route=\/wp\/v2\/types\/page"}],"author":[{"embeddable":true,"href":"https:\/\/xn--duyapyaynlar-84be.com\/index.php?rest_route=\/wp\/v2\/users\/1"}],"replies":[{"embeddable":true,"href":"https:\/\/xn--duyapyaynlar-84be.com\/index.php?rest_route=%2Fwp%2Fv2%2Fcomments&post=2376"}],"version-history":[{"count":13,"href":"https:\/\/xn--duyapyaynlar-84be.com\/index.php?rest_route=\/wp\/v2\/pages\/2376\/revisions"}],"predecessor-version":[{"id":2443,"href":"https:\/\/xn--duyapyaynlar-84be.com\/index.php?rest_route=\/wp\/v2\/pages\/2376\/revisions\/2443"}],"wp:attachment":[{"href":"https:\/\/xn--duyapyaynlar-84be.com\/index.php?rest_route=%2Fwp%2Fv2%2Fmedia&parent=2376"}],"curies":[{"name":"wp","href":"https:\/\/api.w.org\/{rel}","templated":true}]}}