{"id":2312,"date":"2025-02-18T00:03:25","date_gmt":"2025-02-17T21:03:25","guid":{"rendered":"https:\/\/xn--duyapyaynlar-84be.com\/?page_id=2312"},"modified":"2025-02-18T00:07:12","modified_gmt":"2025-02-17T21:07:12","slug":"multeci-sevda-roman","status":"publish","type":"page","link":"https:\/\/xn--duyapyaynlar-84be.com\/?page_id=2312","title":{"rendered":"M\u00fclteci Sevda (Roman)"},"content":{"rendered":"\t\t<div data-elementor-type=\"wp-page\" data-elementor-id=\"2312\" class=\"elementor elementor-2312\">\n\t\t\t\t<div class=\"elementor-element elementor-element-73bcf45 e-flex e-con-boxed e-con e-parent\" data-id=\"73bcf45\" data-element_type=\"container\" data-settings=\"{&quot;content_width&quot;:&quot;boxed&quot;}\" data-core-v316-plus=\"true\">\n\t\t\t\t\t<div class=\"e-con-inner\">\n\t\t\t\t<div class=\"elementor-element elementor-element-d2b8176 elementor-widget elementor-widget-heading\" data-id=\"d2b8176\" data-element_type=\"widget\" data-widget_type=\"heading.default\">\n\t\t\t\t<div class=\"elementor-widget-container\">\n\t\t\t<style>\/*! elementor - v3.19.0 - 28-02-2024 *\/\n.elementor-heading-title{padding:0;margin:0;line-height:1}.elementor-widget-heading .elementor-heading-title[class*=elementor-size-]>a{color:inherit;font-size:inherit;line-height:inherit}.elementor-widget-heading .elementor-heading-title.elementor-size-small{font-size:15px}.elementor-widget-heading .elementor-heading-title.elementor-size-medium{font-size:19px}.elementor-widget-heading .elementor-heading-title.elementor-size-large{font-size:29px}.elementor-widget-heading .elementor-heading-title.elementor-size-xl{font-size:39px}.elementor-widget-heading .elementor-heading-title.elementor-size-xxl{font-size:59px}<\/style><h2 class=\"elementor-heading-title elementor-size-default\">M\u00fclteci Sevda (Roman)\n<\/h2>\t\t<\/div>\n\t\t\t\t<\/div>\n\t\t\t\t\t<\/div>\n\t\t\t\t<\/div>\n\t\t<div class=\"elementor-element elementor-element-e3cebb1 e-con-full e-flex e-con e-parent\" data-id=\"e3cebb1\" data-element_type=\"container\" data-settings=\"{&quot;content_width&quot;:&quot;full&quot;,&quot;background_background&quot;:&quot;classic&quot;}\" data-core-v316-plus=\"true\">\n\t\t<div class=\"elementor-element elementor-element-6afdf52 e-con-full e-flex e-con e-child\" data-id=\"6afdf52\" data-element_type=\"container\" data-settings=\"{&quot;content_width&quot;:&quot;full&quot;}\">\n\t\t\t\t<div class=\"elementor-element elementor-element-c510b89 elementor-widget elementor-widget-image\" data-id=\"c510b89\" data-element_type=\"widget\" data-widget_type=\"image.default\">\n\t\t\t\t<div class=\"elementor-widget-container\">\n\t\t\t<style>\/*! elementor - v3.19.0 - 28-02-2024 *\/\n.elementor-widget-image{text-align:center}.elementor-widget-image a{display:inline-block}.elementor-widget-image a img[src$=\".svg\"]{width:48px}.elementor-widget-image img{vertical-align:middle;display:inline-block}<\/style>\t\t\t\t\t\t\t\t\t\t<img fetchpriority=\"high\" decoding=\"async\" width=\"209\" height=\"300\" src=\"https:\/\/xn--duyapyaynlar-84be.com\/wp-content\/uploads\/2025\/02\/multecisevdasi-209x300.png\" class=\"attachment-medium size-medium wp-image-2317\" alt=\"\" srcset=\"https:\/\/xn--duyapyaynlar-84be.com\/wp-content\/uploads\/2025\/02\/multecisevdasi-209x300.png 209w, https:\/\/xn--duyapyaynlar-84be.com\/wp-content\/uploads\/2025\/02\/multecisevdasi.png 338w\" sizes=\"(max-width: 209px) 100vw, 209px\" \/>\t\t\t\t\t\t\t\t\t\t\t\t\t<\/div>\n\t\t\t\t<\/div>\n\t\t\t\t<\/div>\n\t\t<div class=\"elementor-element elementor-element-53a83bf e-con-full e-flex e-con e-child\" data-id=\"53a83bf\" data-element_type=\"container\" data-settings=\"{&quot;content_width&quot;:&quot;full&quot;}\">\n\t\t\t\t<div class=\"elementor-element elementor-element-e4a916e elementor-widget elementor-widget-text-editor\" data-id=\"e4a916e\" data-element_type=\"widget\" data-widget_type=\"text-editor.default\">\n\t\t\t\t<div class=\"elementor-widget-container\">\n\t\t\t<style>\/*! elementor - v3.19.0 - 28-02-2024 *\/\n.elementor-widget-text-editor.elementor-drop-cap-view-stacked .elementor-drop-cap{background-color:#69727d;color:#fff}.elementor-widget-text-editor.elementor-drop-cap-view-framed .elementor-drop-cap{color:#69727d;border:3px solid;background-color:transparent}.elementor-widget-text-editor:not(.elementor-drop-cap-view-default) .elementor-drop-cap{margin-top:8px}.elementor-widget-text-editor:not(.elementor-drop-cap-view-default) .elementor-drop-cap-letter{width:1em;height:1em}.elementor-widget-text-editor .elementor-drop-cap{float:left;text-align:center;line-height:1;font-size:50px}.elementor-widget-text-editor .elementor-drop-cap-letter{display:inline-block}<\/style>\t\t\t\t<h5><strong>Mustafa AKG\u00dcL<\/strong><\/h5><p>\u0130stanbul: DUYAP Yay\u0131nlar\u0131, 2025<\/p><p>(E\u011fiten Matbaac\u0131l\u0131k)<\/p><p>253 sayfa<\/p><p>ISBN: 978-975-8493-19-7<\/p><p>Okuyaca\u011f\u0131n\u0131z sat\u0131rlar sizleri sarsabilir diye \u00f6nceden uyarmak isterim. Her s\u00f6zc\u00fc\u011f\u00fc, her c\u00fcmlesi ac\u0131 ve h\u00fcz\u00fcn dolu bu sat\u0131rlar\u0131 yazarken ya\u015fananlar\u0131 size anlat\u0131p anlatmamakta uzun s\u00fcre teredd\u00fct ettim. \u00d6\u011frenince sars\u0131ld\u0131\u011f\u0131m olaylar\u0131n ger\u00e7ekte ya\u015fanmad\u0131\u011f\u0131n\u0131 d\u00fc\u015f\u00fcnenler aran\u0131zdan \u00e7\u0131kacakt\u0131r. Onlara bu konuda yan\u0131ld\u0131klar\u0131n\u0131 pe\u015finen s\u00f6ylemek isterdim. Usta romanc\u0131lar\u0131n bile kurgulayamayaca\u011f\u0131 olaylar\u0131 ne yaz\u0131k ki hayat \u00e7ok sessiz ve derinden ger\u00e7ekle\u015ftiriyor. Asl\u0131nda bunlar\u0131 benim arac\u0131l\u0131\u011f\u0131mla \u00f6\u011frenmenizi hi\u00e7 istemezdim. Ancak hi\u00e7 bilinmemesi bu olaylar\u0131n ma\u011fdurlar\u0131n\u0131 unutturacak ve sonsuza kadar karanl\u0131kta kalmalar\u0131na sebep olacakt\u0131.<\/p><p>2011 y\u0131l\u0131n\u0131n s\u0131radan bir g\u00fcn\u00fcyd\u00fc. Suriye halk\u0131 Halep Saat Kulesi \u00f6n\u00fcnde birikmi\u015fti. Herkes kafas\u0131n\u0131 yukar\u0131ya do\u011fru kald\u0131rm\u0131\u015f kuleden as\u0131lanlar\u0131 tan\u0131maya \u00e7al\u0131\u015f\u0131yordu. Bug\u00fcn kim bilir ka\u00e7 oca\u011fa ate\u015f d\u00fc\u015fm\u00fc\u015f, ka\u00e7 \u00e7ocuk babas\u0131z kalm\u0131\u015ft\u0131. Bu \u00fclkede y\u00f6netime muhalif olup rejim aleyhinde toplum i\u00e7inde konu\u015fman\u0131n, y\u00f6neticileri sorgulaman\u0131n kar\u015f\u0131l\u0131\u011f\u0131 bir gece vakti evinizden al\u0131narak bilinmeyen bir yerde sorguya \u00e7ekilmeniz; adil bir mahkeme yap\u0131lmadan, savunma hakk\u0131n\u0131z olmaks\u0131z\u0131n verilen bir emirle saat kulesinde as\u0131lmakt\u0131\u2026<\/p><p>Son g\u00fcnlerde b\u00fct\u00fcn \u00fclkede oldu\u011fu gibi Halep\u2019te ya\u015fayan insanlar da huzursuzdu. Helikopter sesleri \u015fehrin \u00fczerinde duyulmaya ba\u015flad\u0131\u011f\u0131nda insanlar korkuyla ka\u00e7\u0131\u015f\u0131p saklanacak yer ararlard\u0131. \u00c7\u00fcnk\u00fc bilirlerdi ki g\u00f6ky\u00fcz\u00fcnden \u00f6l\u00fcm ya\u011facak. Suriye helikopterlerinin y\u00fckledikleri varil bombalar\u0131n\u0131 halk\u0131n en kalabal\u0131k oldu\u011fu b\u00f6lgelere atacaklar\u0131n\u0131 bilmeyen yoktu\u2026 Bir solukta okuyabilece\u011finiz yak\u0131n d\u00f6nem olaylar\u0131na \u0131\u015f\u0131k tutan \u00e7arp\u0131c\u0131 ve s\u00fcr\u00fckleyici bir roman.<\/p><p>\u00a0<\/p><blockquote><p>(Sipari\u015f vermek i\u00e7in 0532 722 23 94, sisterduman@yahoo.com.tr)<\/p><\/blockquote>\t\t\t\t\t\t<\/div>\n\t\t\t\t<\/div>\n\t\t\t\t<\/div>\n\t\t\t\t<\/div>\n\t\t\t\t<\/div>\n\t\t","protected":false},"excerpt":{"rendered":"<p>M\u00fclteci Sevda (Roman) Mustafa AKG\u00dcL \u0130stanbul: DUYAP Yay\u0131nlar\u0131, 2025 (E\u011fiten Matbaac\u0131l\u0131k) 253 sayfa ISBN: 978-975-8493-19-7 Okuyaca\u011f\u0131n\u0131z sat\u0131rlar sizleri sarsabilir diye \u00f6nceden uyarmak isterim. Her s\u00f6zc\u00fc\u011f\u00fc, her c\u00fcmlesi ac\u0131 ve h\u00fcz\u00fcn dolu bu sat\u0131rlar\u0131 yazarken ya\u015fananlar\u0131 size anlat\u0131p anlatmamakta uzun s\u00fcre teredd\u00fct ettim. \u00d6\u011frenince sars\u0131ld\u0131\u011f\u0131m olaylar\u0131n ger\u00e7ekte ya\u015fanmad\u0131\u011f\u0131n\u0131 d\u00fc\u015f\u00fcnenler aran\u0131zdan \u00e7\u0131kacakt\u0131r. Onlara bu konuda yan\u0131ld\u0131klar\u0131n\u0131 pe\u015finen &hellip;<\/p>\n<p class=\"read-more\"> <a class=\"\" href=\"https:\/\/xn--duyapyaynlar-84be.com\/?page_id=2312\"> <span class=\"screen-reader-text\">M\u00fclteci Sevda (Roman)<\/span> Devam\u0131 &raquo;<\/a><\/p>\n","protected":false},"author":1,"featured_media":0,"parent":0,"menu_order":0,"comment_status":"closed","ping_status":"closed","template":"","meta":{"om_disable_all_campaigns":false,"_monsterinsights_skip_tracking":false,"_monsterinsights_sitenote_active":false,"_monsterinsights_sitenote_note":"","_monsterinsights_sitenote_category":0,"site-sidebar-layout":"no-sidebar","site-content-layout":"page-builder","ast-site-content-layout":"full-width-container","site-content-style":"default","site-sidebar-style":"default","ast-global-header-display":"","ast-banner-title-visibility":"","ast-main-header-display":"","ast-hfb-above-header-display":"","ast-hfb-below-header-display":"","ast-hfb-mobile-header-display":"","site-post-title":"disabled","ast-breadcrumbs-content":"","ast-featured-img":"disabled","footer-sml-layout":"","theme-transparent-header-meta":"","adv-header-id-meta":"","stick-header-meta":"","header-above-stick-meta":"","header-main-stick-meta":"","header-below-stick-meta":"","astra-migrate-meta-layouts":"","ast-page-background-enabled":"default","ast-page-background-meta":{"desktop":{"background-color":"","background-image":"","background-repeat":"repeat","background-position":"center center","background-size":"auto","background-attachment":"scroll","background-type":"","background-media":"","overlay-type":"","overlay-color":"","overlay-gradient":""},"tablet":{"background-color":"","background-image":"","background-repeat":"repeat","background-position":"center center","background-size":"auto","background-attachment":"scroll","background-type":"","background-media":"","overlay-type":"","overlay-color":"","overlay-gradient":""},"mobile":{"background-color":"","background-image":"","background-repeat":"repeat","background-position":"center center","background-size":"auto","background-attachment":"scroll","background-type":"","background-media":"","overlay-type":"","overlay-color":"","overlay-gradient":""}},"ast-content-background-meta":{"desktop":{"background-color":"var(--ast-global-color-5)","background-image":"","background-repeat":"repeat","background-position":"center center","background-size":"auto","background-attachment":"scroll","background-type":"","background-media":"","overlay-type":"","overlay-color":"","overlay-gradient":""},"tablet":{"background-color":"var(--ast-global-color-5)","background-image":"","background-repeat":"repeat","background-position":"center center","background-size":"auto","background-attachment":"scroll","background-type":"","background-media":"","overlay-type":"","overlay-color":"","overlay-gradient":""},"mobile":{"background-color":"var(--ast-global-color-5)","background-image":"","background-repeat":"repeat","background-position":"center center","background-size":"auto","background-attachment":"scroll","background-type":"","background-media":"","overlay-type":"","overlay-color":"","overlay-gradient":""}},"footnotes":""},"aioseo_notices":[],"_links":{"self":[{"href":"https:\/\/xn--duyapyaynlar-84be.com\/index.php?rest_route=\/wp\/v2\/pages\/2312"}],"collection":[{"href":"https:\/\/xn--duyapyaynlar-84be.com\/index.php?rest_route=\/wp\/v2\/pages"}],"about":[{"href":"https:\/\/xn--duyapyaynlar-84be.com\/index.php?rest_route=\/wp\/v2\/types\/page"}],"author":[{"embeddable":true,"href":"https:\/\/xn--duyapyaynlar-84be.com\/index.php?rest_route=\/wp\/v2\/users\/1"}],"replies":[{"embeddable":true,"href":"https:\/\/xn--duyapyaynlar-84be.com\/index.php?rest_route=%2Fwp%2Fv2%2Fcomments&post=2312"}],"version-history":[{"count":4,"href":"https:\/\/xn--duyapyaynlar-84be.com\/index.php?rest_route=\/wp\/v2\/pages\/2312\/revisions"}],"predecessor-version":[{"id":2321,"href":"https:\/\/xn--duyapyaynlar-84be.com\/index.php?rest_route=\/wp\/v2\/pages\/2312\/revisions\/2321"}],"wp:attachment":[{"href":"https:\/\/xn--duyapyaynlar-84be.com\/index.php?rest_route=%2Fwp%2Fv2%2Fmedia&parent=2312"}],"curies":[{"name":"wp","href":"https:\/\/api.w.org\/{rel}","templated":true}]}}