{"id":2310,"date":"2025-02-18T00:03:25","date_gmt":"2025-02-17T21:03:25","guid":{"rendered":"https:\/\/xn--duyapyaynlar-84be.com\/?page_id=2310"},"modified":"2025-02-18T00:13:42","modified_gmt":"2025-02-17T21:13:42","slug":"elestiri-yorum-edebiyat-bilimi-yazilari","status":"publish","type":"page","link":"https:\/\/xn--duyapyaynlar-84be.com\/?page_id=2310","title":{"rendered":"Ele\u015ftiri\/Yorum (Edebiyat Bilimi Yaz\u0131lar\u0131)"},"content":{"rendered":"\t\t<div data-elementor-type=\"wp-page\" data-elementor-id=\"2310\" class=\"elementor elementor-2310\">\n\t\t\t\t<div class=\"elementor-element elementor-element-584d0a7 e-flex e-con-boxed e-con e-parent\" data-id=\"584d0a7\" data-element_type=\"container\" data-settings=\"{&quot;content_width&quot;:&quot;boxed&quot;}\" data-core-v316-plus=\"true\">\n\t\t\t\t\t<div class=\"e-con-inner\">\n\t\t\t\t<div class=\"elementor-element elementor-element-b041882 elementor-widget elementor-widget-heading\" data-id=\"b041882\" data-element_type=\"widget\" data-widget_type=\"heading.default\">\n\t\t\t\t<div class=\"elementor-widget-container\">\n\t\t\t<style>\/*! elementor - v3.19.0 - 28-02-2024 *\/\n.elementor-heading-title{padding:0;margin:0;line-height:1}.elementor-widget-heading .elementor-heading-title[class*=elementor-size-]>a{color:inherit;font-size:inherit;line-height:inherit}.elementor-widget-heading .elementor-heading-title.elementor-size-small{font-size:15px}.elementor-widget-heading .elementor-heading-title.elementor-size-medium{font-size:19px}.elementor-widget-heading .elementor-heading-title.elementor-size-large{font-size:29px}.elementor-widget-heading .elementor-heading-title.elementor-size-xl{font-size:39px}.elementor-widget-heading .elementor-heading-title.elementor-size-xxl{font-size:59px}<\/style><h2 class=\"elementor-heading-title elementor-size-default\">Ele\u015ftiri\/Yorum (Edebiyat Bilimi Yaz\u0131lar\u0131)<\/h2>\t\t<\/div>\n\t\t\t\t<\/div>\n\t\t\t\t\t<\/div>\n\t\t\t\t<\/div>\n\t\t<div class=\"elementor-element elementor-element-b53036d e-con-full e-flex e-con e-parent\" data-id=\"b53036d\" data-element_type=\"container\" data-settings=\"{&quot;content_width&quot;:&quot;full&quot;,&quot;background_background&quot;:&quot;classic&quot;}\" data-core-v316-plus=\"true\">\n\t\t<div class=\"elementor-element elementor-element-1dcf7e7 e-con-full e-flex e-con e-child\" data-id=\"1dcf7e7\" data-element_type=\"container\" data-settings=\"{&quot;content_width&quot;:&quot;full&quot;}\">\n\t\t\t\t<div class=\"elementor-element elementor-element-ef32f68 elementor-widget elementor-widget-image\" data-id=\"ef32f68\" data-element_type=\"widget\" data-widget_type=\"image.default\">\n\t\t\t\t<div class=\"elementor-widget-container\">\n\t\t\t<style>\/*! elementor - v3.19.0 - 28-02-2024 *\/\n.elementor-widget-image{text-align:center}.elementor-widget-image a{display:inline-block}.elementor-widget-image a img[src$=\".svg\"]{width:48px}.elementor-widget-image img{vertical-align:middle;display:inline-block}<\/style>\t\t\t\t\t\t\t\t\t\t<img fetchpriority=\"high\" decoding=\"async\" width=\"208\" height=\"300\" src=\"https:\/\/xn--duyapyaynlar-84be.com\/wp-content\/uploads\/2025\/02\/elestiriyorum-208x300.png\" class=\"attachment-medium size-medium wp-image-2318\" alt=\"\" srcset=\"https:\/\/xn--duyapyaynlar-84be.com\/wp-content\/uploads\/2025\/02\/elestiriyorum-208x300.png 208w, https:\/\/xn--duyapyaynlar-84be.com\/wp-content\/uploads\/2025\/02\/elestiriyorum.png 340w\" sizes=\"(max-width: 208px) 100vw, 208px\" \/>\t\t\t\t\t\t\t\t\t\t\t\t\t<\/div>\n\t\t\t\t<\/div>\n\t\t\t\t<\/div>\n\t\t<div class=\"elementor-element elementor-element-67c6552 e-con-full e-flex e-con e-child\" data-id=\"67c6552\" data-element_type=\"container\" data-settings=\"{&quot;content_width&quot;:&quot;full&quot;}\">\n\t\t\t\t<div class=\"elementor-element elementor-element-9295123 elementor-widget elementor-widget-text-editor\" data-id=\"9295123\" data-element_type=\"widget\" data-widget_type=\"text-editor.default\">\n\t\t\t\t<div class=\"elementor-widget-container\">\n\t\t\t<style>\/*! elementor - v3.19.0 - 28-02-2024 *\/\n.elementor-widget-text-editor.elementor-drop-cap-view-stacked .elementor-drop-cap{background-color:#69727d;color:#fff}.elementor-widget-text-editor.elementor-drop-cap-view-framed .elementor-drop-cap{color:#69727d;border:3px solid;background-color:transparent}.elementor-widget-text-editor:not(.elementor-drop-cap-view-default) .elementor-drop-cap{margin-top:8px}.elementor-widget-text-editor:not(.elementor-drop-cap-view-default) .elementor-drop-cap-letter{width:1em;height:1em}.elementor-widget-text-editor .elementor-drop-cap{float:left;text-align:center;line-height:1;font-size:50px}.elementor-widget-text-editor .elementor-drop-cap-letter{display:inline-block}<\/style>\t\t\t\t<h5><strong>Hal\u00fbk Harun DUMAN<\/strong><\/h5><p>\u0130stanbul: DUYAP Yay\u0131nlar\u0131, 2025<\/p><p>(E\u011fiten Matbaac\u0131l\u0131k)<\/p><p>341 sayfa<\/p><p>ISBN: 978-975-8493-06-7<\/p><p>ELE\u015eT\u0130REN insan tarih boyunca ho\u015f kar\u015f\u0131lanmam\u0131\u015ft\u0131r. Ancak bilim de ele\u015ftirisiz geli\u015fmemi\u015ftir. Oysa \u00fclkemizde, uzun y\u0131llard\u0131r \u00f6zellikle sosyal bilimler alan\u0131nda akademik ele\u015ftirinin \u00e7ok az hatta hi\u00e7 yap\u0131lmad\u0131\u011f\u0131 g\u00f6r\u00fclmektedir. As\u0131l ilgi alan\u0131m\u0131z olan edebiyat biliminde de benzer bir suskunluk s\u00f6z konusudur. Bilhassa akademik kariyere ula\u015fma ve y\u00fcksek \u00f6\u011fretim sistemindeki baz\u0131 olumsuzluklar ele\u015ftirinin geli\u015fmesindeki en \u00f6nemli engellerin ba\u015f\u0131nda gelmektedir. Ara\u015ft\u0131rmac\u0131lar, ileride \u201cjurime \u00e7\u0131kar\u201d korkusu ile hocalar\u0131n\u0131n veya ba\u015fka bilim adamlar\u0131n\u0131n eserlerini ele\u015ftirmekten ka\u00e7\u0131nmaktad\u0131rlar. Bu da edebiyat biliminde \u00f6nemli bir bo\u015flu\u011fun do\u011fmas\u0131na sebep olmaktad\u0131r. Son 50 y\u0131l i\u00e7inde T\u00fcrkiye\u2019de edebiyat bilimi g\u00f6receli de olsa geli\u015fmi\u015ftir. Ancak bu nitelikten ziyade, niceliksel bir b\u00fcy\u00fcme \u015feklinde de\u011ferlendirilebilir. Ara\u015ft\u0131rmac\u0131 say\u0131s\u0131n\u0131n artmas\u0131na, akademik kariyer alm\u0131\u015f insanlar\u0131n yazd\u0131klar\u0131 eserlerin \u00e7o\u011falmas\u0131na ra\u011fmen bunlar\u0131n nitelik y\u00f6n\u00fcnden yeterli olmad\u0131\u011f\u0131n\u0131 rahatl\u0131kla s\u00f6yleyebiliriz.<\/p><p>ele\u015ftiri\/yorum ve ara\u015ft\u0131rmalardan ibaret olan bu kitap, \u00f6nceki y\u0131llarda yazd\u0131\u011f\u0131m ve bir k\u0131sm\u0131n\u0131 www.yeniele\u015ftir.com sitesinde yay\u0131mlanan makalelerden olu\u015fmaktad\u0131r. Bir zamanlar edebiyat biliminin duayenleri say\u0131lan ve tanr\u0131salla\u015ft\u0131r\u0131lan insanlar\u0131n \u00e7al\u0131\u015fmalar\u0131 bilimsel bir bak\u0131\u015f a\u00e7\u0131s\u0131yla ele\u015ftirilmektedir. Bunlar aras\u0131nda \u0130smail Parlat\u0131r\u2019\u0131n T\u00fcrk Dil Kurumu (TDK)\u2019dan yapt\u0131\u011f\u0131 s\u00f6zl\u00fck ka\u00e7\u0131rma operasyonu ilgin\u00e7 ve bir o kadar da dikkat \u00e7ekici bir i\u00e7eri\u011fe sahip. Makalede devletin nas\u0131l soyuldu\u011fu ve kamunun nas\u0131l zarara u\u011frat\u0131ld\u0131\u011f\u0131n\u0131n ibretlik \u00f6yk\u00fcs\u00fc anlat\u0131l\u0131r. Ard\u0131ndan gelen \u00fc\u00e7 makalede Yeni T\u00fcrk Edebiyat\u0131 alan\u0131nda \u00e7al\u0131\u015fmalar\u0131 ile tan\u0131nan \u015eerif Akta\u015f, Sad\u0131k Kemal Tural ve Celal Tarak\u00e7\u0131\u2019n\u0131n birer eserinin ele\u015ftirisi konu edilmektedir. Bu \u00e7al\u0131\u015fmalar\u0131n eksik ve yanl\u0131\u015f yanlar\u0131 somut bir \u015fekilde g\u00f6zler \u00f6n\u00fcne serilmektedir. Son ele\u015ftiri yaz\u0131s\u0131nda ise T\u00fcrkiye Cumhuriyeti\u2019nin 100. Y\u0131l\u0131n\u0131 kutlamak amac\u0131yla a\u00e7\u0131lan mar\u015f ve beste yar\u0131\u015fmas\u0131nda birinci se\u00e7ilen mar\u015f\u0131n edebi a\u00e7\u0131dan ele\u015ftirisi yap\u0131lmaktad\u0131r.<\/p><p>Kitab\u0131m\u0131z\u0131n ikinci b\u00f6l\u00fcm\u00fcnde \u201cYorum\u201d yaz\u0131lar\u0131 yer almaktad\u0131r. Bu b\u00f6l\u00fcmde \u00f6nce Yakup Kadri\u2019nin Kiral\u0131k Konak adl\u0131 roman\u0131ndaki Seniha karakterinin ya\u015fad\u0131\u011f\u0131 kimlik bunal\u0131m\u0131 incelenmektedir. \u0130kinci makalede g\u00fcn\u00fcm\u00fcz romanc\u0131lar\u0131ndan Murathan Mungan\u2019\u0131n Y\u00fcksek Topuklar roman\u0131 \u00fczerinde durulmaktad\u0131r. \u00dc\u00e7\u00fcnc\u00fc makalede Herman Hesse\u2019nin Siddharta roman\u0131 hakk\u0131nda yapt\u0131\u011f\u0131m yorumlar yer almaktad\u0131r. D\u00f6rd\u00fcnc\u00fc makalede Orhan Pamuk\u2019un Benim Ad\u0131m K\u0131rm\u0131z\u0131 roman\u0131 incelenip yorumlanmaktad\u0131r. Son makalede ise \u00d6mer Seyfettin\u2019deki Kimlik Bilinci konusu ele al\u0131n\u0131p incelenmektedir.<\/p><p>ele\u015ftiri\/yorum adl\u0131 kitab\u0131m\u0131z\u0131n \u00fc\u00e7\u00fcnc\u00fc b\u00f6l\u00fcm\u00fc \u00f6nceki y\u0131llarda yapt\u0131\u011f\u0131m Edebiyat Bilimi Ara\u015ft\u0131rmalar\u0131na dayanmaktad\u0131r. Bu b\u00f6l\u00fcm\u00fcn ilk makalesi Hermenutic (Yorumsama) Kuram\u0131 hakk\u0131nda yaz\u0131lm\u0131\u015f olan ayr\u0131nt\u0131l\u0131 bir ara\u015ft\u0131rmad\u0131r. \u0130kinci konu Necati Cumal\u0131\u2019n\u0131n \u015fiirinin kaynaklar\u0131 ve \u00f6zellikleri incelenmektedir. \u00dc\u00e7\u00fcnc\u00fc makalade \u00f6mr\u00fcn\u00fc \u015fiire, \u00f6yk\u00fcye, romana ve edebiyata adayan Ahmet Hamdi Tanp\u0131nar\u2019\u0131n ilgin\u00e7 hayat hikayesi anlat\u0131lmaktad\u0131r. B\u00f6l\u00fcm\u00fcn son makalesi ise an\u0131 (hat\u0131rat) t\u00fcr\u00fc \u00fczerine T\u00fcrk k\u00fclt\u00fcr hayat\u0131nda ilk kez bu \u015fekilde ayr\u0131nt\u0131l\u0131 olarak yap\u0131lm\u0131\u015f bir ara\u015ft\u0131rmad\u0131r. \u00d6nceki y\u0131llarda farkl\u0131 yay\u0131mlarda par\u00e7a par\u00e7a olarak bas\u0131lan bu makalelerin ufuk a\u00e7\u0131c\u0131 bir y\u00f6n\u00fc olmas\u0131n\u0131 \u00fcmit ediyorum. T\u00fck edebiyat\u0131n\u0131n bu \u015fekilde yap\u0131lacak ele\u015ftiri\/yorum ve ara\u015ft\u0131rmalarla geli\u015fece\u011fine inan\u0131yorum Aksi halde havanda su d\u00f6vme tarz\u0131nda yap\u0131lan birbirinin kopyas\u0131 \u00e7al\u0131\u015fmalar\u0131n k\u00fclt\u00fcr\u00fcm\u00fcze bir katk\u0131s\u0131 olmayaca\u011f\u0131n\u0131 d\u00fc\u015f\u00fcn\u00fcyorum.<\/p><blockquote><p>(Sipari\u015f vermek i\u00e7in 0532 722 23 94, sisterduman@yahoo.com.tr)<\/p><\/blockquote>\t\t\t\t\t\t<\/div>\n\t\t\t\t<\/div>\n\t\t\t\t<\/div>\n\t\t\t\t<\/div>\n\t\t\t\t<\/div>\n\t\t","protected":false},"excerpt":{"rendered":"<p>Ele\u015ftiri\/Yorum (Edebiyat Bilimi Yaz\u0131lar\u0131) Hal\u00fbk Harun DUMAN \u0130stanbul: DUYAP Yay\u0131nlar\u0131, 2025 (E\u011fiten Matbaac\u0131l\u0131k) 341 sayfa ISBN: 978-975-8493-06-7 ELE\u015eT\u0130REN insan tarih boyunca ho\u015f kar\u015f\u0131lanmam\u0131\u015ft\u0131r. Ancak bilim de ele\u015ftirisiz geli\u015fmemi\u015ftir. Oysa \u00fclkemizde, uzun y\u0131llard\u0131r \u00f6zellikle sosyal bilimler alan\u0131nda akademik ele\u015ftirinin \u00e7ok az hatta hi\u00e7 yap\u0131lmad\u0131\u011f\u0131 g\u00f6r\u00fclmektedir. As\u0131l ilgi alan\u0131m\u0131z olan edebiyat biliminde de benzer bir suskunluk s\u00f6z &hellip;<\/p>\n<p class=\"read-more\"> <a class=\"\" href=\"https:\/\/xn--duyapyaynlar-84be.com\/?page_id=2310\"> <span class=\"screen-reader-text\">Ele\u015ftiri\/Yorum (Edebiyat Bilimi Yaz\u0131lar\u0131)<\/span> Devam\u0131 &raquo;<\/a><\/p>\n","protected":false},"author":1,"featured_media":0,"parent":0,"menu_order":0,"comment_status":"closed","ping_status":"closed","template":"","meta":{"om_disable_all_campaigns":false,"_monsterinsights_skip_tracking":false,"_monsterinsights_sitenote_active":false,"_monsterinsights_sitenote_note":"","_monsterinsights_sitenote_category":0,"site-sidebar-layout":"no-sidebar","site-content-layout":"page-builder","ast-site-content-layout":"full-width-container","site-content-style":"default","site-sidebar-style":"default","ast-global-header-display":"","ast-banner-title-visibility":"","ast-main-header-display":"","ast-hfb-above-header-display":"","ast-hfb-below-header-display":"","ast-hfb-mobile-header-display":"","site-post-title":"disabled","ast-breadcrumbs-content":"","ast-featured-img":"disabled","footer-sml-layout":"","theme-transparent-header-meta":"","adv-header-id-meta":"","stick-header-meta":"","header-above-stick-meta":"","header-main-stick-meta":"","header-below-stick-meta":"","astra-migrate-meta-layouts":"","ast-page-background-enabled":"default","ast-page-background-meta":{"desktop":{"background-color":"","background-image":"","background-repeat":"repeat","background-position":"center center","background-size":"auto","background-attachment":"scroll","background-type":"","background-media":"","overlay-type":"","overlay-color":"","overlay-gradient":""},"tablet":{"background-color":"","background-image":"","background-repeat":"repeat","background-position":"center center","background-size":"auto","background-attachment":"scroll","background-type":"","background-media":"","overlay-type":"","overlay-color":"","overlay-gradient":""},"mobile":{"background-color":"","background-image":"","background-repeat":"repeat","background-position":"center center","background-size":"auto","background-attachment":"scroll","background-type":"","background-media":"","overlay-type":"","overlay-color":"","overlay-gradient":""}},"ast-content-background-meta":{"desktop":{"background-color":"var(--ast-global-color-5)","background-image":"","background-repeat":"repeat","background-position":"center center","background-size":"auto","background-attachment":"scroll","background-type":"","background-media":"","overlay-type":"","overlay-color":"","overlay-gradient":""},"tablet":{"background-color":"var(--ast-global-color-5)","background-image":"","background-repeat":"repeat","background-position":"center center","background-size":"auto","background-attachment":"scroll","background-type":"","background-media":"","overlay-type":"","overlay-color":"","overlay-gradient":""},"mobile":{"background-color":"var(--ast-global-color-5)","background-image":"","background-repeat":"repeat","background-position":"center center","background-size":"auto","background-attachment":"scroll","background-type":"","background-media":"","overlay-type":"","overlay-color":"","overlay-gradient":""}},"footnotes":""},"aioseo_notices":[],"_links":{"self":[{"href":"https:\/\/xn--duyapyaynlar-84be.com\/index.php?rest_route=\/wp\/v2\/pages\/2310"}],"collection":[{"href":"https:\/\/xn--duyapyaynlar-84be.com\/index.php?rest_route=\/wp\/v2\/pages"}],"about":[{"href":"https:\/\/xn--duyapyaynlar-84be.com\/index.php?rest_route=\/wp\/v2\/types\/page"}],"author":[{"embeddable":true,"href":"https:\/\/xn--duyapyaynlar-84be.com\/index.php?rest_route=\/wp\/v2\/users\/1"}],"replies":[{"embeddable":true,"href":"https:\/\/xn--duyapyaynlar-84be.com\/index.php?rest_route=%2Fwp%2Fv2%2Fcomments&post=2310"}],"version-history":[{"count":7,"href":"https:\/\/xn--duyapyaynlar-84be.com\/index.php?rest_route=\/wp\/v2\/pages\/2310\/revisions"}],"predecessor-version":[{"id":2327,"href":"https:\/\/xn--duyapyaynlar-84be.com\/index.php?rest_route=\/wp\/v2\/pages\/2310\/revisions\/2327"}],"wp:attachment":[{"href":"https:\/\/xn--duyapyaynlar-84be.com\/index.php?rest_route=%2Fwp%2Fv2%2Fmedia&parent=2310"}],"curies":[{"name":"wp","href":"https:\/\/api.w.org\/{rel}","templated":true}]}}