{"id":2272,"date":"2024-11-08T22:56:18","date_gmt":"2024-11-08T19:56:18","guid":{"rendered":"https:\/\/xn--duyapyaynlar-84be.com\/?page_id=2272"},"modified":"2024-11-08T23:40:55","modified_gmt":"2024-11-08T20:40:55","slug":"cagdaslasmanin-oncusu-sinasi","status":"publish","type":"page","link":"https:\/\/xn--duyapyaynlar-84be.com\/?page_id=2272","title":{"rendered":"\u00c7a\u011fda\u015fla\u015fman\u0131n \u00d6nc\u00fcs\u00fc \u015e\u0130NAS\u0130"},"content":{"rendered":"\t\t<div data-elementor-type=\"wp-page\" data-elementor-id=\"2272\" class=\"elementor elementor-2272\">\n\t\t\t\t<div class=\"elementor-element elementor-element-13ea3bd e-flex e-con-boxed e-con e-parent\" data-id=\"13ea3bd\" data-element_type=\"container\" data-settings=\"{&quot;content_width&quot;:&quot;boxed&quot;}\" data-core-v316-plus=\"true\">\n\t\t\t\t\t<div class=\"e-con-inner\">\n\t\t\t\t<div class=\"elementor-element elementor-element-4cf564a elementor-widget elementor-widget-heading\" data-id=\"4cf564a\" data-element_type=\"widget\" data-widget_type=\"heading.default\">\n\t\t\t\t<div class=\"elementor-widget-container\">\n\t\t\t<style>\/*! elementor - v3.19.0 - 28-02-2024 *\/\n.elementor-heading-title{padding:0;margin:0;line-height:1}.elementor-widget-heading .elementor-heading-title[class*=elementor-size-]>a{color:inherit;font-size:inherit;line-height:inherit}.elementor-widget-heading .elementor-heading-title.elementor-size-small{font-size:15px}.elementor-widget-heading .elementor-heading-title.elementor-size-medium{font-size:19px}.elementor-widget-heading .elementor-heading-title.elementor-size-large{font-size:29px}.elementor-widget-heading .elementor-heading-title.elementor-size-xl{font-size:39px}.elementor-widget-heading .elementor-heading-title.elementor-size-xxl{font-size:59px}<\/style><h2 class=\"elementor-heading-title elementor-size-default\">\u00c7a\u011fda\u015fla\u015fman\u0131n \u00d6nc\u00fcs\u00fc \u015e\u0130NAS\u0130<\/h2>\t\t<\/div>\n\t\t\t\t<\/div>\n\t\t\t\t\t<\/div>\n\t\t\t\t<\/div>\n\t\t<div class=\"elementor-element elementor-element-1296ee7 e-con-full e-flex e-con e-parent\" data-id=\"1296ee7\" data-element_type=\"container\" data-settings=\"{&quot;content_width&quot;:&quot;full&quot;,&quot;background_background&quot;:&quot;classic&quot;}\" data-core-v316-plus=\"true\">\n\t\t<div class=\"elementor-element elementor-element-6843370 e-con-full e-flex e-con e-child\" data-id=\"6843370\" data-element_type=\"container\" data-settings=\"{&quot;content_width&quot;:&quot;full&quot;}\">\n\t\t\t\t<div class=\"elementor-element elementor-element-74f5ae1 elementor-widget elementor-widget-image\" data-id=\"74f5ae1\" data-element_type=\"widget\" data-widget_type=\"image.default\">\n\t\t\t\t<div class=\"elementor-widget-container\">\n\t\t\t<style>\/*! elementor - v3.19.0 - 28-02-2024 *\/\n.elementor-widget-image{text-align:center}.elementor-widget-image a{display:inline-block}.elementor-widget-image a img[src$=\".svg\"]{width:48px}.elementor-widget-image img{vertical-align:middle;display:inline-block}<\/style>\t\t\t\t\t\t\t\t\t\t<img fetchpriority=\"high\" decoding=\"async\" width=\"243\" height=\"300\" src=\"https:\/\/xn--duyapyaynlar-84be.com\/wp-content\/uploads\/2024\/11\/cagdaslasmanin-oncusu-243x300.jpg\" class=\"attachment-medium size-medium wp-image-2265\" alt=\"\" srcset=\"https:\/\/xn--duyapyaynlar-84be.com\/wp-content\/uploads\/2024\/11\/cagdaslasmanin-oncusu-243x300.jpg 243w, https:\/\/xn--duyapyaynlar-84be.com\/wp-content\/uploads\/2024\/11\/cagdaslasmanin-oncusu.jpg 614w\" sizes=\"(max-width: 243px) 100vw, 243px\" \/>\t\t\t\t\t\t\t\t\t\t\t\t\t<\/div>\n\t\t\t\t<\/div>\n\t\t\t\t<\/div>\n\t\t<div class=\"elementor-element elementor-element-b1cc035 e-con-full e-flex e-con e-child\" data-id=\"b1cc035\" data-element_type=\"container\" data-settings=\"{&quot;content_width&quot;:&quot;full&quot;}\">\n\t\t\t\t<div class=\"elementor-element elementor-element-c2f46c0 elementor-widget elementor-widget-text-editor\" data-id=\"c2f46c0\" data-element_type=\"widget\" data-widget_type=\"text-editor.default\">\n\t\t\t\t<div class=\"elementor-widget-container\">\n\t\t\t<style>\/*! elementor - v3.19.0 - 28-02-2024 *\/\n.elementor-widget-text-editor.elementor-drop-cap-view-stacked .elementor-drop-cap{background-color:#69727d;color:#fff}.elementor-widget-text-editor.elementor-drop-cap-view-framed .elementor-drop-cap{color:#69727d;border:3px solid;background-color:transparent}.elementor-widget-text-editor:not(.elementor-drop-cap-view-default) .elementor-drop-cap{margin-top:8px}.elementor-widget-text-editor:not(.elementor-drop-cap-view-default) .elementor-drop-cap-letter{width:1em;height:1em}.elementor-widget-text-editor .elementor-drop-cap{float:left;text-align:center;line-height:1;font-size:50px}.elementor-widget-text-editor .elementor-drop-cap-letter{display:inline-block}<\/style>\t\t\t\t<h5><strong>Hal\u00fbk Harun DUMAN<\/strong><\/h5><p>\u0130stanbul: DUYAP Yay\u0131nlar\u0131, 2024 (E\u011fiten Matbaac\u0131l\u0131k)<\/p><p>262 sayfa (Tekrenk)<\/p><p>ISBN: 978-975-8493-17-3<\/p><p>T\u00dcRK ayd\u0131nlar\u0131 aras\u0131nda yer alan ve Yak\u0131n \u00c7a\u011f T\u00fcrk k\u00fclt\u00fcr hayat\u0131n\u0131 \u00f6nemli \u00f6l\u00e7\u00fcde etkileyen \u0130brahim \u015einasi (1826-1871); Bat\u0131l\u0131la\u015fma, Yenile\u015fme veya \u00c7a\u011fda\u015fla\u015fma d\u00f6neminin \u00f6nc\u00fc edebiyat\u00e7\u0131lar\u0131ndan biridir. Giri\u015fimcili\u011finin yan\u0131 s\u0131ra yeni bir anlay\u0131\u015fla yazd\u0131\u011f\u0131 \u015fiirleri, gazete yaz\u0131lar\u0131, tiyatro eseri ve \u00e7eviri \u015fiirleri ile T\u00fcrk edebiyat\u0131nda \u00f6nemli bir yere sahiptir. 1800&#8217;l\u00fc y\u0131llar\u0131n ikinci ku\u015fa\u011f\u0131 i\u00e7inde do\u011fan ve yakla\u015f\u0131k 45 y\u0131l ya\u015fayan \u015einasi, k\u0131sa \u00f6mr\u00fcne ra\u011fmen, \u00f6nemli yeniliklerde \u00f6nc\u00fc rol oynar. Bu \u00f6nc\u00fcl\u00fck onu hem teorik hem de pratik anlamda \u00e7a\u011fda\u015fla\u015fman\u0131n ger\u00e7ek lideri konumuna \u00e7\u0131kar\u0131r.<\/p><p>\u0130lk gazeteci, ilk tiyatro yazar\u0131 olmas\u0131 yan\u0131nda ilk ideolojik \u015fiirlerin \u015fairi olarak da bilinir. Bu nedenle \u015einasi&#8217;den g\u00fcn\u00fcm\u00fcze kalan eserler, yaln\u0131zca ondaki bireysel de\u011fi\u015fimi de\u011fil, yenile\u015fme neslinin d\u00fc\u015f\u00fcnsel de\u011fi\u015fimini de g\u00f6stermektedir. Dolay\u0131s\u0131yla, onun \u015fiirlerinden elde edilecek veriler, bize ayn\u0131 zamanda, de\u011fi\u015fim s\u00fcrecini ya\u015fayan ayd\u0131nlardaki yeni epistemoloji ve paradigma olu\u015fumu konusunda da \u00f6nemli bilgiler sa\u011flayacakt\u0131r.<\/p><p>\u00c7\u0131kard\u0131\u011f\u0131 gazetelere yazd\u0131\u011f\u0131 mukaddimelerde \u015einasi, gazeteleri uygar memleketler i\u00e7in l\u00fczumlu yay\u0131nlar olarak g\u00f6r\u00fcr. Ya\u015fad\u0131\u011f\u0131 d\u00f6neme g\u00f6re \u00e7ok ileri g\u00f6r\u00fc\u015fl\u00fc olan \u015einasi, yay\u0131mlad\u0131\u011f\u0131 makalelerde \u00e7a\u011fda\u015fl\u0131k d\u00fc\u015f\u00fcncesini daha somut h\u00e2le d\u00f6n\u00fc\u015ft\u00fcr\u00fcr. \u0130stanbul sokaklar\u0131n\u0131n temizli\u011fi, sokaklarda dilenen insanlar\u0131n \u0131slah\u0131, din ve d\u00fcnya i\u015flerinin birbirinden ayr\u0131lmas\u0131, \u00fcniversitede halka a\u00e7\u0131k konferanslar verilmesi, sanayi \u00fcr\u00fcnlerinin tan\u0131t\u0131lmas\u0131, bilimsel ve k\u00fclt\u00fcrel eserlerin say\u0131lar\u0131n\u0131n art\u0131r\u0131lmas\u0131 gibi \u00e7ok farkl\u0131 konularda yaz\u0131lar kaleme al\u0131r. Bu \u00e7al\u0131\u015fmay\u0131 yaln\u0131zca \u015einasi&#8217;nin hayat\u0131, \u015fiirleri ve d\u00fc\u015f\u00fcnce d\u00fcnyas\u0131 \u00e7er\u00e7evesinde de\u011ferlendirmemek gerekir. As\u0131l ama\u00e7, edeb\u00ee metinlerin i\u00e7erik analizinde bilgisayardan yararlanma y\u00f6ntemini g\u00f6stermektir. \u00d6zellikle edeb\u00ee metinleri \u00e7\u00f6z\u00fcmleme ve yorumlamada, \u00f6znelli\u011fi en aza indirmek ve say\u0131sal veriler \u0131\u015f\u0131\u011f\u0131nda de\u011ferlendirme yapmak a\u00e7\u0131s\u0131ndan, bu tarz \u00e7al\u0131\u015fmalara ihtiya\u00e7 vard\u0131r. Bu nedenle, \u00fc\u00e7 b\u00f6l\u00fcmden olu\u015fan \u00e7al\u0131\u015fmam\u0131n giri\u015finde \u00f6nce ara\u015ft\u0131rmada takip edilecek y\u00f6ntem hakk\u0131nda bilgi verilecektir. Metinlerde bilgisayar destekli i\u00e7erik \u00e7\u00f6z\u00fcmlemesinin nas\u0131l yap\u0131laca\u011f\u0131 hakk\u0131ndaki bilgiler, ayn\u0131 zamanda bu ara\u015ft\u0131rman\u0131n teorik zeminine \u0131\u015f\u0131k tutmaktad\u0131r\u2026<\/p><blockquote><p>(Sipari\u015f vermek i\u00e7in 0532 722 23 94, sisterduman@yahoo.com.tr)<\/p><\/blockquote>\t\t\t\t\t\t<\/div>\n\t\t\t\t<\/div>\n\t\t\t\t<\/div>\n\t\t\t\t<\/div>\n\t\t\t\t<\/div>\n\t\t","protected":false},"excerpt":{"rendered":"<p>\u00c7a\u011fda\u015fla\u015fman\u0131n \u00d6nc\u00fcs\u00fc \u015e\u0130NAS\u0130 Hal\u00fbk Harun DUMAN \u0130stanbul: DUYAP Yay\u0131nlar\u0131, 2024 (E\u011fiten Matbaac\u0131l\u0131k) 262 sayfa (Tekrenk) ISBN: 978-975-8493-17-3 T\u00dcRK ayd\u0131nlar\u0131 aras\u0131nda yer alan ve Yak\u0131n \u00c7a\u011f T\u00fcrk k\u00fclt\u00fcr hayat\u0131n\u0131 \u00f6nemli \u00f6l\u00e7\u00fcde etkileyen \u0130brahim \u015einasi (1826-1871); Bat\u0131l\u0131la\u015fma, Yenile\u015fme veya \u00c7a\u011fda\u015fla\u015fma d\u00f6neminin \u00f6nc\u00fc edebiyat\u00e7\u0131lar\u0131ndan biridir. Giri\u015fimcili\u011finin yan\u0131 s\u0131ra yeni bir anlay\u0131\u015fla yazd\u0131\u011f\u0131 \u015fiirleri, gazete yaz\u0131lar\u0131, tiyatro eseri ve &hellip;<\/p>\n<p class=\"read-more\"> <a class=\"\" href=\"https:\/\/xn--duyapyaynlar-84be.com\/?page_id=2272\"> <span class=\"screen-reader-text\">\u00c7a\u011fda\u015fla\u015fman\u0131n \u00d6nc\u00fcs\u00fc \u015e\u0130NAS\u0130<\/span> Devam\u0131 &raquo;<\/a><\/p>\n","protected":false},"author":1,"featured_media":0,"parent":0,"menu_order":0,"comment_status":"closed","ping_status":"closed","template":"","meta":{"om_disable_all_campaigns":false,"_monsterinsights_skip_tracking":false,"_monsterinsights_sitenote_active":false,"_monsterinsights_sitenote_note":"","_monsterinsights_sitenote_category":0,"site-sidebar-layout":"no-sidebar","site-content-layout":"page-builder","ast-site-content-layout":"full-width-container","site-content-style":"default","site-sidebar-style":"default","ast-global-header-display":"","ast-banner-title-visibility":"","ast-main-header-display":"","ast-hfb-above-header-display":"","ast-hfb-below-header-display":"","ast-hfb-mobile-header-display":"","site-post-title":"disabled","ast-breadcrumbs-content":"","ast-featured-img":"disabled","footer-sml-layout":"","theme-transparent-header-meta":"","adv-header-id-meta":"","stick-header-meta":"","header-above-stick-meta":"","header-main-stick-meta":"","header-below-stick-meta":"","astra-migrate-meta-layouts":"","ast-page-background-enabled":"default","ast-page-background-meta":{"desktop":{"background-color":"","background-image":"","background-repeat":"repeat","background-position":"center center","background-size":"auto","background-attachment":"scroll","background-type":"","background-media":"","overlay-type":"","overlay-color":"","overlay-gradient":""},"tablet":{"background-color":"","background-image":"","background-repeat":"repeat","background-position":"center center","background-size":"auto","background-attachment":"scroll","background-type":"","background-media":"","overlay-type":"","overlay-color":"","overlay-gradient":""},"mobile":{"background-color":"","background-image":"","background-repeat":"repeat","background-position":"center center","background-size":"auto","background-attachment":"scroll","background-type":"","background-media":"","overlay-type":"","overlay-color":"","overlay-gradient":""}},"ast-content-background-meta":{"desktop":{"background-color":"var(--ast-global-color-5)","background-image":"","background-repeat":"repeat","background-position":"center center","background-size":"auto","background-attachment":"scroll","background-type":"","background-media":"","overlay-type":"","overlay-color":"","overlay-gradient":""},"tablet":{"background-color":"var(--ast-global-color-5)","background-image":"","background-repeat":"repeat","background-position":"center center","background-size":"auto","background-attachment":"scroll","background-type":"","background-media":"","overlay-type":"","overlay-color":"","overlay-gradient":""},"mobile":{"background-color":"var(--ast-global-color-5)","background-image":"","background-repeat":"repeat","background-position":"center center","background-size":"auto","background-attachment":"scroll","background-type":"","background-media":"","overlay-type":"","overlay-color":"","overlay-gradient":""}},"footnotes":""},"aioseo_notices":[],"_links":{"self":[{"href":"https:\/\/xn--duyapyaynlar-84be.com\/index.php?rest_route=\/wp\/v2\/pages\/2272"}],"collection":[{"href":"https:\/\/xn--duyapyaynlar-84be.com\/index.php?rest_route=\/wp\/v2\/pages"}],"about":[{"href":"https:\/\/xn--duyapyaynlar-84be.com\/index.php?rest_route=\/wp\/v2\/types\/page"}],"author":[{"embeddable":true,"href":"https:\/\/xn--duyapyaynlar-84be.com\/index.php?rest_route=\/wp\/v2\/users\/1"}],"replies":[{"embeddable":true,"href":"https:\/\/xn--duyapyaynlar-84be.com\/index.php?rest_route=%2Fwp%2Fv2%2Fcomments&post=2272"}],"version-history":[{"count":4,"href":"https:\/\/xn--duyapyaynlar-84be.com\/index.php?rest_route=\/wp\/v2\/pages\/2272\/revisions"}],"predecessor-version":[{"id":2282,"href":"https:\/\/xn--duyapyaynlar-84be.com\/index.php?rest_route=\/wp\/v2\/pages\/2272\/revisions\/2282"}],"wp:attachment":[{"href":"https:\/\/xn--duyapyaynlar-84be.com\/index.php?rest_route=%2Fwp%2Fv2%2Fmedia&parent=2272"}],"curies":[{"name":"wp","href":"https:\/\/api.w.org\/{rel}","templated":true}]}}