{"id":2270,"date":"2024-11-08T22:56:18","date_gmt":"2024-11-08T19:56:18","guid":{"rendered":"https:\/\/xn--duyapyaynlar-84be.com\/?page_id=2270"},"modified":"2024-11-08T23:37:45","modified_gmt":"2024-11-08T20:37:45","slug":"altay-saman-masallari","status":"publish","type":"page","link":"https:\/\/xn--duyapyaynlar-84be.com\/?page_id=2270","title":{"rendered":"Altay \u015eaman Masallar\u0131"},"content":{"rendered":"\t\t<div data-elementor-type=\"wp-page\" data-elementor-id=\"2270\" class=\"elementor elementor-2270\">\n\t\t\t\t<div class=\"elementor-element elementor-element-5e04cea e-flex e-con-boxed e-con e-parent\" data-id=\"5e04cea\" data-element_type=\"container\" data-settings=\"{&quot;content_width&quot;:&quot;boxed&quot;}\" data-core-v316-plus=\"true\">\n\t\t\t\t\t<div class=\"e-con-inner\">\n\t\t\t\t<div class=\"elementor-element elementor-element-2d96585 elementor-widget elementor-widget-heading\" data-id=\"2d96585\" data-element_type=\"widget\" data-widget_type=\"heading.default\">\n\t\t\t\t<div class=\"elementor-widget-container\">\n\t\t\t<style>\/*! elementor - v3.19.0 - 28-02-2024 *\/\n.elementor-heading-title{padding:0;margin:0;line-height:1}.elementor-widget-heading .elementor-heading-title[class*=elementor-size-]>a{color:inherit;font-size:inherit;line-height:inherit}.elementor-widget-heading .elementor-heading-title.elementor-size-small{font-size:15px}.elementor-widget-heading .elementor-heading-title.elementor-size-medium{font-size:19px}.elementor-widget-heading .elementor-heading-title.elementor-size-large{font-size:29px}.elementor-widget-heading .elementor-heading-title.elementor-size-xl{font-size:39px}.elementor-widget-heading .elementor-heading-title.elementor-size-xxl{font-size:59px}<\/style><h2 class=\"elementor-heading-title elementor-size-default\">Altay \u015eaman Masallar\u0131<\/h2>\t\t<\/div>\n\t\t\t\t<\/div>\n\t\t\t\t\t<\/div>\n\t\t\t\t<\/div>\n\t\t<div class=\"elementor-element elementor-element-227f795 e-con-full e-flex e-con e-parent\" data-id=\"227f795\" data-element_type=\"container\" data-settings=\"{&quot;content_width&quot;:&quot;full&quot;,&quot;background_background&quot;:&quot;classic&quot;}\" data-core-v316-plus=\"true\">\n\t\t<div class=\"elementor-element elementor-element-aa3ac44 e-con-full e-flex e-con e-child\" data-id=\"aa3ac44\" data-element_type=\"container\" data-settings=\"{&quot;content_width&quot;:&quot;full&quot;}\">\n\t\t\t\t<div class=\"elementor-element elementor-element-cafbee8 elementor-widget elementor-widget-image\" data-id=\"cafbee8\" data-element_type=\"widget\" data-widget_type=\"image.default\">\n\t\t\t\t<div class=\"elementor-widget-container\">\n\t\t\t<style>\/*! elementor - v3.19.0 - 28-02-2024 *\/\n.elementor-widget-image{text-align:center}.elementor-widget-image a{display:inline-block}.elementor-widget-image a img[src$=\".svg\"]{width:48px}.elementor-widget-image img{vertical-align:middle;display:inline-block}<\/style>\t\t\t\t\t\t\t\t\t\t<img fetchpriority=\"high\" decoding=\"async\" width=\"240\" height=\"300\" src=\"https:\/\/xn--duyapyaynlar-84be.com\/wp-content\/uploads\/2024\/11\/altaysaman-240x300.png\" class=\"attachment-medium size-medium wp-image-2266\" alt=\"\" srcset=\"https:\/\/xn--duyapyaynlar-84be.com\/wp-content\/uploads\/2024\/11\/altaysaman-240x300.png 240w, https:\/\/xn--duyapyaynlar-84be.com\/wp-content\/uploads\/2024\/11\/altaysaman.png 416w\" sizes=\"(max-width: 240px) 100vw, 240px\" \/>\t\t\t\t\t\t\t\t\t\t\t\t\t<\/div>\n\t\t\t\t<\/div>\n\t\t\t\t<\/div>\n\t\t<div class=\"elementor-element elementor-element-888bc9d e-con-full e-flex e-con e-child\" data-id=\"888bc9d\" data-element_type=\"container\" data-settings=\"{&quot;content_width&quot;:&quot;full&quot;}\">\n\t\t\t\t<div class=\"elementor-element elementor-element-694e285 elementor-widget elementor-widget-text-editor\" data-id=\"694e285\" data-element_type=\"widget\" data-widget_type=\"text-editor.default\">\n\t\t\t\t<div class=\"elementor-widget-container\">\n\t\t\t<style>\/*! elementor - v3.19.0 - 28-02-2024 *\/\n.elementor-widget-text-editor.elementor-drop-cap-view-stacked .elementor-drop-cap{background-color:#69727d;color:#fff}.elementor-widget-text-editor.elementor-drop-cap-view-framed .elementor-drop-cap{color:#69727d;border:3px solid;background-color:transparent}.elementor-widget-text-editor:not(.elementor-drop-cap-view-default) .elementor-drop-cap{margin-top:8px}.elementor-widget-text-editor:not(.elementor-drop-cap-view-default) .elementor-drop-cap-letter{width:1em;height:1em}.elementor-widget-text-editor .elementor-drop-cap{float:left;text-align:center;line-height:1;font-size:50px}.elementor-widget-text-editor .elementor-drop-cap-letter{display:inline-block}<\/style>\t\t\t\t<h5><strong>Mehmet G\u00dcLTEK\u0130N<\/strong><\/h5><p>\u0130stanbul: DUYAP Yay\u0131nlar\u0131, 2024 (E\u011fiten Matbaac\u0131l\u0131k)<\/p><p>148 sayfa (Renkli)<\/p><p>ISBN: 978-975-8493-18-0<\/p><p>D\u00fczenleme: Hal\u00fbk Harun DUMAN<\/p><p>\u00c7izimler: \u0130nci Selin G\u00dcM\u00dc\u015e<\/p><p>\u00a0 \u00a0 B\u0130R VARMI\u015e, B\u0130R YOKMU\u015e.<\/p><p>\u00a0 \u00a0 ZAMANI TANRI YA\u015eARMI\u015e,<\/p><p>\u00a0 \u00a0 K\u0130\u015e\u0130 O\u011eLUNUN ZAMANI SINIRLIYMI\u015e<\/p><p>\u00a0 \u00a0 AKILLI K\u0130\u015e\u0130 BU ZAMANI DOLU DOLU YA\u015eARMI\u015e\u2026<\/p><p>\u00a0 \u00a0 KUTLU DA\u011eLARIN ETEKLER\u0130NDE,<\/p><p>\u00a0 \u00a0 ORHUN ve SELENGE IRMAKLARININ BULU\u015eTU\u011eU YERDE<\/p><p>\u00a0 \u00a0 K\u00dc\u00c7\u00dcK BIR ADACIK VARMI\u015e<\/p><p>\u00a0 \u00a0 G\u00d6K TANRININ G\u00d6NDERDI\u011eI BIR I\u015eIKLA<\/p><p>\u00a0 \u00a0 K\u0130\u015e\u0130 O\u011eLU BU ADADA YARATILMI\u015e\u2026<\/p><p>\u00a0 \u00a0 G\u00d6K TANRI K\u0130\u015e\u0130 O\u011eLUNA, EKMEY\u0130 \u00d6\u011eRETM\u0130\u015e, B\u0130\u00c7MEY\u0130 \u00d6\u011eRETM\u0130\u015e<\/p><p>\u00a0 \u00a0 BESLEMEY\u0130 \u00d6\u011eRETM\u0130\u015e<\/p><p>\u00a0 \u00a0 K\u0130\u015e\u0130 O\u011eLU EKM\u0130\u015e, B\u0130\u00c7M\u0130\u015e, YEM\u0130\u015e.<\/p><p>\u00a0 \u00a0 K\u0130\u015e\u0130 O\u011eLU D\u00dcNYA \u00dcZER\u0130NDE<\/p><p>\u00a0 \u00a0 \u00c7O\u011eALMI\u015e, \u00c7O\u011eALMI\u015e, MUTLU YA\u015eAMI\u015e\u2026<\/p><p>\u00a0 \u00a0 \u00c7OK \u00c7OK ESK\u0130 ZAMANLARDA<\/p><p>\u00a0 \u00a0 BURADA YA\u015eAYAN \u0130NSANLARA \u201cT\u00dcRK\u201d DENM\u0130\u015e<\/p><p>\u00a0 \u00a0 T\u00dcRKLER T\u00d6REL\u0130YM\u0130\u015e, Y\u0130\u011e\u0130TM\u0130\u015e, KAHRAMANMI\u015e<\/p><p>\u00a0 \u00a0 KEND\u0130LER\u0130NE \u201cG\u00d6K TANRI\u2019NIN \u00c7OCUKLARI\u201d DEN\u0130LM\u0130\u015e\u2026<\/p><p>\u00a0 \u00a0 TANRI T\u00dcRK O\u011eULLARINA<\/p><p>\u00a0 \u00a0 T\u00dcRK\u00c7E KONU\u015eMAYI, T\u00dcRK\u00c7E OKUMAYI, T\u00dcRK\u00c7E YAZMAYI,<\/p><p>\u00a0 \u00a0 T\u00dcRK\u00c7E D\u00dc\u015e\u00dcNMEY\u0130 \u00d6\u011eRETM\u0130\u015e.<\/p><p>\u00a0 \u00a0 ONLAR T\u00dcRK\u00c7E DESTANLAR ANLATMI\u015eLAR,<\/p><p>\u00a0 \u00a0 MASALLAR-\u00d6YK\u00dcLER-T\u00dcRK\u00dcLER S\u00d6YLEM\u0130\u015eLER.<\/p><p>\u00a0 \u00a0 BUNLARDAN B\u0130R KISMI DA<\/p><p>\u00a0 \u00a0 \u00c7OCUKLARINIZA OKUTACA\u011eINIZ<\/p><p>\u00a0 \u00a0 UZAK D\u0130YARLARDAN GELEN<\/p><p>\u00a0 \u00a0 BU K\u0130TAPTAK\u0130 ALTAY \u015eAMAN MASALLARI OLMU\u015e\u2026<\/p><blockquote><p>(Sipari\u015f vermek i\u00e7in 0532 722 23 94, sisterduman@yahoo.com.tr)<\/p><\/blockquote>\t\t\t\t\t\t<\/div>\n\t\t\t\t<\/div>\n\t\t\t\t<\/div>\n\t\t\t\t<\/div>\n\t\t\t\t<\/div>\n\t\t","protected":false},"excerpt":{"rendered":"<p>Altay \u015eaman Masallar\u0131 Mehmet G\u00dcLTEK\u0130N \u0130stanbul: DUYAP Yay\u0131nlar\u0131, 2024 (E\u011fiten Matbaac\u0131l\u0131k) 148 sayfa (Renkli) ISBN: 978-975-8493-18-0 D\u00fczenleme: Hal\u00fbk Harun DUMAN \u00c7izimler: \u0130nci Selin G\u00dcM\u00dc\u015e \u00a0 \u00a0 B\u0130R VARMI\u015e, B\u0130R YOKMU\u015e. \u00a0 \u00a0 ZAMANI TANRI YA\u015eARMI\u015e, \u00a0 \u00a0 K\u0130\u015e\u0130 O\u011eLUNUN ZAMANI SINIRLIYMI\u015e \u00a0 \u00a0 AKILLI K\u0130\u015e\u0130 BU ZAMANI DOLU DOLU YA\u015eARMI\u015e\u2026 \u00a0 \u00a0 KUTLU DA\u011eLARIN ETEKLER\u0130NDE, &hellip;<\/p>\n<p class=\"read-more\"> <a class=\"\" href=\"https:\/\/xn--duyapyaynlar-84be.com\/?page_id=2270\"> <span class=\"screen-reader-text\">Altay \u015eaman Masallar\u0131<\/span> Devam\u0131 &raquo;<\/a><\/p>\n","protected":false},"author":1,"featured_media":0,"parent":0,"menu_order":0,"comment_status":"closed","ping_status":"closed","template":"","meta":{"om_disable_all_campaigns":false,"_monsterinsights_skip_tracking":false,"_monsterinsights_sitenote_active":false,"_monsterinsights_sitenote_note":"","_monsterinsights_sitenote_category":0,"site-sidebar-layout":"no-sidebar","site-content-layout":"page-builder","ast-site-content-layout":"full-width-container","site-content-style":"default","site-sidebar-style":"default","ast-global-header-display":"","ast-banner-title-visibility":"","ast-main-header-display":"","ast-hfb-above-header-display":"","ast-hfb-below-header-display":"","ast-hfb-mobile-header-display":"","site-post-title":"disabled","ast-breadcrumbs-content":"","ast-featured-img":"disabled","footer-sml-layout":"","theme-transparent-header-meta":"","adv-header-id-meta":"","stick-header-meta":"","header-above-stick-meta":"","header-main-stick-meta":"","header-below-stick-meta":"","astra-migrate-meta-layouts":"","ast-page-background-enabled":"default","ast-page-background-meta":{"desktop":{"background-color":"","background-image":"","background-repeat":"repeat","background-position":"center center","background-size":"auto","background-attachment":"scroll","background-type":"","background-media":"","overlay-type":"","overlay-color":"","overlay-gradient":""},"tablet":{"background-color":"","background-image":"","background-repeat":"repeat","background-position":"center center","background-size":"auto","background-attachment":"scroll","background-type":"","background-media":"","overlay-type":"","overlay-color":"","overlay-gradient":""},"mobile":{"background-color":"","background-image":"","background-repeat":"repeat","background-position":"center center","background-size":"auto","background-attachment":"scroll","background-type":"","background-media":"","overlay-type":"","overlay-color":"","overlay-gradient":""}},"ast-content-background-meta":{"desktop":{"background-color":"var(--ast-global-color-5)","background-image":"","background-repeat":"repeat","background-position":"center center","background-size":"auto","background-attachment":"scroll","background-type":"","background-media":"","overlay-type":"","overlay-color":"","overlay-gradient":""},"tablet":{"background-color":"var(--ast-global-color-5)","background-image":"","background-repeat":"repeat","background-position":"center center","background-size":"auto","background-attachment":"scroll","background-type":"","background-media":"","overlay-type":"","overlay-color":"","overlay-gradient":""},"mobile":{"background-color":"var(--ast-global-color-5)","background-image":"","background-repeat":"repeat","background-position":"center center","background-size":"auto","background-attachment":"scroll","background-type":"","background-media":"","overlay-type":"","overlay-color":"","overlay-gradient":""}},"footnotes":""},"aioseo_notices":[],"_links":{"self":[{"href":"https:\/\/xn--duyapyaynlar-84be.com\/index.php?rest_route=\/wp\/v2\/pages\/2270"}],"collection":[{"href":"https:\/\/xn--duyapyaynlar-84be.com\/index.php?rest_route=\/wp\/v2\/pages"}],"about":[{"href":"https:\/\/xn--duyapyaynlar-84be.com\/index.php?rest_route=\/wp\/v2\/types\/page"}],"author":[{"embeddable":true,"href":"https:\/\/xn--duyapyaynlar-84be.com\/index.php?rest_route=\/wp\/v2\/users\/1"}],"replies":[{"embeddable":true,"href":"https:\/\/xn--duyapyaynlar-84be.com\/index.php?rest_route=%2Fwp%2Fv2%2Fcomments&post=2270"}],"version-history":[{"count":5,"href":"https:\/\/xn--duyapyaynlar-84be.com\/index.php?rest_route=\/wp\/v2\/pages\/2270\/revisions"}],"predecessor-version":[{"id":2336,"href":"https:\/\/xn--duyapyaynlar-84be.com\/index.php?rest_route=\/wp\/v2\/pages\/2270\/revisions\/2336"}],"wp:attachment":[{"href":"https:\/\/xn--duyapyaynlar-84be.com\/index.php?rest_route=%2Fwp%2Fv2%2Fmedia&parent=2270"}],"curies":[{"name":"wp","href":"https:\/\/api.w.org\/{rel}","templated":true}]}}