{"id":2222,"date":"2024-09-04T16:32:05","date_gmt":"2024-09-04T13:32:05","guid":{"rendered":"https:\/\/xn--duyapyaynlar-84be.com\/?page_id=2222"},"modified":"2024-09-04T16:49:14","modified_gmt":"2024-09-04T13:49:14","slug":"dadas-teyo-aga-petrol-cenaze","status":"publish","type":"page","link":"https:\/\/xn--duyapyaynlar-84be.com\/?page_id=2222","title":{"rendered":"Dada\u015f Teyo A\u011fa (Petrol-Cenaze)"},"content":{"rendered":"\t\t<div data-elementor-type=\"wp-page\" data-elementor-id=\"2222\" class=\"elementor elementor-2222\">\n\t\t\t\t<div class=\"elementor-element elementor-element-325a570 e-flex e-con-boxed e-con e-parent\" data-id=\"325a570\" data-element_type=\"container\" data-settings=\"{&quot;content_width&quot;:&quot;boxed&quot;}\" data-core-v316-plus=\"true\">\n\t\t\t\t\t<div class=\"e-con-inner\">\n\t\t\t\t<div class=\"elementor-element elementor-element-57949ce elementor-widget elementor-widget-heading\" data-id=\"57949ce\" data-element_type=\"widget\" data-widget_type=\"heading.default\">\n\t\t\t\t<div class=\"elementor-widget-container\">\n\t\t\t<style>\/*! elementor - v3.19.0 - 28-02-2024 *\/\n.elementor-heading-title{padding:0;margin:0;line-height:1}.elementor-widget-heading .elementor-heading-title[class*=elementor-size-]>a{color:inherit;font-size:inherit;line-height:inherit}.elementor-widget-heading .elementor-heading-title.elementor-size-small{font-size:15px}.elementor-widget-heading .elementor-heading-title.elementor-size-medium{font-size:19px}.elementor-widget-heading .elementor-heading-title.elementor-size-large{font-size:29px}.elementor-widget-heading .elementor-heading-title.elementor-size-xl{font-size:39px}.elementor-widget-heading .elementor-heading-title.elementor-size-xxl{font-size:59px}<\/style><h2 class=\"elementor-heading-title elementor-size-default\">Kars\u2019a Selam S\u00f6yle\n<\/h2>\t\t<\/div>\n\t\t\t\t<\/div>\n\t\t\t\t\t<\/div>\n\t\t\t\t<\/div>\n\t\t<div class=\"elementor-element elementor-element-48e0e77 e-flex e-con-boxed e-con e-parent\" data-id=\"48e0e77\" data-element_type=\"container\" data-settings=\"{&quot;content_width&quot;:&quot;boxed&quot;}\" data-core-v316-plus=\"true\">\n\t\t\t\t\t<div class=\"e-con-inner\">\n\t\t<div class=\"elementor-element elementor-element-efcd756 e-con-full e-flex e-con e-child\" data-id=\"efcd756\" data-element_type=\"container\" data-settings=\"{&quot;content_width&quot;:&quot;full&quot;,&quot;background_background&quot;:&quot;classic&quot;}\">\n\t\t<div class=\"elementor-element elementor-element-d9eb824 e-con-full e-flex e-con e-child\" data-id=\"d9eb824\" data-element_type=\"container\" data-settings=\"{&quot;content_width&quot;:&quot;full&quot;}\">\n\t\t\t\t<div class=\"elementor-element elementor-element-bac8eb1 elementor-widget elementor-widget-image\" data-id=\"bac8eb1\" data-element_type=\"widget\" data-widget_type=\"image.default\">\n\t\t\t\t<div class=\"elementor-widget-container\">\n\t\t\t<style>\/*! elementor - v3.19.0 - 28-02-2024 *\/\n.elementor-widget-image{text-align:center}.elementor-widget-image a{display:inline-block}.elementor-widget-image a img[src$=\".svg\"]{width:48px}.elementor-widget-image img{vertical-align:middle;display:inline-block}<\/style>\t\t\t\t\t\t\t\t\t\t<img fetchpriority=\"high\" decoding=\"async\" width=\"221\" height=\"300\" src=\"https:\/\/xn--duyapyaynlar-84be.com\/wp-content\/uploads\/2024\/05\/KarsaSelamSoyle-221x300.png\" class=\"attachment-medium size-medium wp-image-2156\" alt=\"\" srcset=\"https:\/\/xn--duyapyaynlar-84be.com\/wp-content\/uploads\/2024\/05\/KarsaSelamSoyle-221x300.png 221w, https:\/\/xn--duyapyaynlar-84be.com\/wp-content\/uploads\/2024\/05\/KarsaSelamSoyle.png 556w\" sizes=\"(max-width: 221px) 100vw, 221px\" \/>\t\t\t\t\t\t\t\t\t\t\t\t\t<\/div>\n\t\t\t\t<\/div>\n\t\t\t\t<\/div>\n\t\t<div class=\"elementor-element elementor-element-7648e02 e-con-full e-flex e-con e-child\" data-id=\"7648e02\" data-element_type=\"container\" data-settings=\"{&quot;content_width&quot;:&quot;full&quot;}\">\n\t\t\t\t<div class=\"elementor-element elementor-element-47ba151 elementor-widget elementor-widget-text-editor\" data-id=\"47ba151\" data-element_type=\"widget\" data-widget_type=\"text-editor.default\">\n\t\t\t\t<div class=\"elementor-widget-container\">\n\t\t\t<style>\/*! elementor - v3.19.0 - 28-02-2024 *\/\n.elementor-widget-text-editor.elementor-drop-cap-view-stacked .elementor-drop-cap{background-color:#69727d;color:#fff}.elementor-widget-text-editor.elementor-drop-cap-view-framed .elementor-drop-cap{color:#69727d;border:3px solid;background-color:transparent}.elementor-widget-text-editor:not(.elementor-drop-cap-view-default) .elementor-drop-cap{margin-top:8px}.elementor-widget-text-editor:not(.elementor-drop-cap-view-default) .elementor-drop-cap-letter{width:1em;height:1em}.elementor-widget-text-editor .elementor-drop-cap{float:left;text-align:center;line-height:1;font-size:50px}.elementor-widget-text-editor .elementor-drop-cap-letter{display:inline-block}<\/style>\t\t\t\t<h5><strong>Haluk Harun Duman<\/strong><\/h5><p><strong>\u0130stanbul: Duyap Medya-Yay\u0131nc\u0131l\u0131k, 2024, <\/strong><strong>384 s. (An\u0131)<\/strong>.<\/p><p><strong>ISBN: 978-975-8493-13-5<\/strong><\/p><p><strong>Stok adedi: 500<\/strong><\/p><h6><strong>Sat\u0131\u015f Fiyat\u0131: 100 TL<\/strong><\/h6><p>\u00c7ocukluk g\u00fcnlerinde sabah erken saatlerde anneannemlerin Kalei\u00e7i\u2019ndeki evlerinin teras\u0131na \u00e7\u0131k\u0131p Kars\u2019\u0131n g\u00fcne haz\u0131rlanmas\u0131n\u0131 izlemek bamba\u015fka bir zevkti. Toprak daml\u0131 bacalarda t\u00fcten dumanlar, ah\u0131rlardan \u00e7\u0131k\u0131p nah\u0131ra kat\u0131lan ineklerin tela\u015fl\u0131 toplanmalar\u0131, sabah havas\u0131yla insan\u0131n ci\u011ferlerine dolan bol oksijenli temiz k\u0131r havas\u0131, atlar, faytonlar, i\u015flerine gitmeye \u00e7al\u0131\u015fan insanlar\u0131n manzaralar\u0131n\u0131 pastoral bir tablo gibi izlerdim. Sabah\u0131n ilk \u0131\u015f\u0131klar\u0131 ard\u0131ndan g\u00fcne\u015f bu serhat \u015fehrini ayd\u0131nlat\u0131r ve y\u00fczlerce y\u0131ll\u0131k tarihe tan\u0131kl\u0131k eden binalar g\u00fcne merhaba derdi.<\/p><p>Benim hemen her g\u00fcn dikkatle i\u00e7inde bakt\u0131\u011f\u0131m en s\u0131rad\u0131\u015f\u0131 yap\u0131 \u015f\u00fcphesiz ki Kars Kalesi\u2019ydi. \u0130nsanlar\u0131n bu kaleyi nas\u0131l olup da bulundu\u011fu yere yapt\u0131klar\u0131n\u0131 o y\u0131llarda anlayamam\u0131\u015ft\u0131m. Kale \u00e7ok heybetli yap\u0131s\u0131 ve muazzam mimarisiyle \u00e7ocuk havsalamda apayr\u0131 bir yer edinmi\u015fti. Y\u0131llar sonra ne zaman Kars Kalesi\u2019ne ait bir resim, foto\u011fraf ve imge g\u00f6rsem \u00e7ocukluk g\u00fcnlerime gider ve o g\u00fczel g\u00fcnleri hayal ederim.<\/p><p>Kars\u2019\u0131n Arnavut kald\u0131r\u0131ml\u0131 yollar\u0131, faytonlara ko\u015fulu atlar\u0131n bu ta\u015flar \u00fczerinde \u00e7\u0131kard\u0131klar\u0131 nal sesleri son derece etkileyiciydi. Birbirini kesen geni\u015f ve bak\u0131ml\u0131 caddeler, bu caddelerin sa\u011f\u0131na ve soluna yap\u0131lm\u0131\u015f tarihi binalar Erzurum\u2019dan \u00e7ok farkl\u0131yd\u0131.<\/p><p>Bu farkl\u0131l\u0131k yaln\u0131zca mimaride de\u011fil insan manzaras\u0131yla da kendini belli ediyordu. Farkl\u0131 giysiler giyen ve farkl\u0131 bir T\u00fcrk\u00e7e ile konu\u015fan insanlar bende her zaman merak uyand\u0131r\u0131yor, yak\u0131n\u0131mdakilere \u201cBunlar kim?\u201d diye sormama sebep oluyordu. \u015eehir; Acem, Karapapak, Terekeme, \u00c7erkez, K\u00fcrt, Azerbaycanl\u0131, Alevi, Malakan, Rus ve Yerli vs. gibi bug\u00fcn bile anlayamad\u0131\u011f\u0131m bir insan mozai\u011fine sahipti. Bunlar son derece g\u00f6receli ve ge\u00e7mi\u015ften gelen ayr\u0131mlard\u0131. Ancak herkes birbirini tan\u0131yor, hangi gruba mensup oldu\u011funu biliyor ve karde\u015f\u00e7e ya\u015f\u0131yorlard\u0131\u2026<\/p><blockquote><p>(Sipari\u015f vermek i\u00e7in 0532 722 23 94, sisterduman@yahoo.com.tr)<\/p><\/blockquote>\t\t\t\t\t\t<\/div>\n\t\t\t\t<\/div>\n\t\t\t\t<\/div>\n\t\t\t\t<\/div>\n\t\t\t\t\t<\/div>\n\t\t\t\t<\/div>\n\t\t\t\t<\/div>\n\t\t","protected":false},"excerpt":{"rendered":"<p>Kars\u2019a Selam S\u00f6yle Haluk Harun Duman \u0130stanbul: Duyap Medya-Yay\u0131nc\u0131l\u0131k, 2024, 384 s. (An\u0131). ISBN: 978-975-8493-13-5 Stok adedi: 500 Sat\u0131\u015f Fiyat\u0131: 100 TL \u00c7ocukluk g\u00fcnlerinde sabah erken saatlerde anneannemlerin Kalei\u00e7i\u2019ndeki evlerinin teras\u0131na \u00e7\u0131k\u0131p Kars\u2019\u0131n g\u00fcne haz\u0131rlanmas\u0131n\u0131 izlemek bamba\u015fka bir zevkti. Toprak daml\u0131 bacalarda t\u00fcten dumanlar, ah\u0131rlardan \u00e7\u0131k\u0131p nah\u0131ra kat\u0131lan ineklerin tela\u015fl\u0131 toplanmalar\u0131, sabah havas\u0131yla insan\u0131n ci\u011ferlerine &hellip;<\/p>\n<p class=\"read-more\"> <a class=\"\" href=\"https:\/\/xn--duyapyaynlar-84be.com\/?page_id=2222\"> <span class=\"screen-reader-text\">Dada\u015f Teyo A\u011fa (Petrol-Cenaze)<\/span> Devam\u0131 &raquo;<\/a><\/p>\n","protected":false},"author":1,"featured_media":0,"parent":0,"menu_order":0,"comment_status":"closed","ping_status":"closed","template":"","meta":{"om_disable_all_campaigns":false,"_monsterinsights_skip_tracking":false,"_monsterinsights_sitenote_active":false,"_monsterinsights_sitenote_note":"","_monsterinsights_sitenote_category":0,"site-sidebar-layout":"no-sidebar","site-content-layout":"page-builder","ast-site-content-layout":"full-width-container","site-content-style":"default","site-sidebar-style":"default","ast-global-header-display":"","ast-banner-title-visibility":"","ast-main-header-display":"","ast-hfb-above-header-display":"","ast-hfb-below-header-display":"","ast-hfb-mobile-header-display":"","site-post-title":"disabled","ast-breadcrumbs-content":"","ast-featured-img":"disabled","footer-sml-layout":"","theme-transparent-header-meta":"","adv-header-id-meta":"","stick-header-meta":"","header-above-stick-meta":"","header-main-stick-meta":"","header-below-stick-meta":"","astra-migrate-meta-layouts":"","ast-page-background-enabled":"default","ast-page-background-meta":{"desktop":{"background-color":"","background-image":"","background-repeat":"repeat","background-position":"center center","background-size":"auto","background-attachment":"scroll","background-type":"","background-media":"","overlay-type":"","overlay-color":"","overlay-gradient":""},"tablet":{"background-color":"","background-image":"","background-repeat":"repeat","background-position":"center center","background-size":"auto","background-attachment":"scroll","background-type":"","background-media":"","overlay-type":"","overlay-color":"","overlay-gradient":""},"mobile":{"background-color":"","background-image":"","background-repeat":"repeat","background-position":"center center","background-size":"auto","background-attachment":"scroll","background-type":"","background-media":"","overlay-type":"","overlay-color":"","overlay-gradient":""}},"ast-content-background-meta":{"desktop":{"background-color":"var(--ast-global-color-5)","background-image":"","background-repeat":"repeat","background-position":"center center","background-size":"auto","background-attachment":"scroll","background-type":"","background-media":"","overlay-type":"","overlay-color":"","overlay-gradient":""},"tablet":{"background-color":"var(--ast-global-color-5)","background-image":"","background-repeat":"repeat","background-position":"center center","background-size":"auto","background-attachment":"scroll","background-type":"","background-media":"","overlay-type":"","overlay-color":"","overlay-gradient":""},"mobile":{"background-color":"var(--ast-global-color-5)","background-image":"","background-repeat":"repeat","background-position":"center center","background-size":"auto","background-attachment":"scroll","background-type":"","background-media":"","overlay-type":"","overlay-color":"","overlay-gradient":""}},"footnotes":""},"aioseo_notices":[],"_links":{"self":[{"href":"https:\/\/xn--duyapyaynlar-84be.com\/index.php?rest_route=\/wp\/v2\/pages\/2222"}],"collection":[{"href":"https:\/\/xn--duyapyaynlar-84be.com\/index.php?rest_route=\/wp\/v2\/pages"}],"about":[{"href":"https:\/\/xn--duyapyaynlar-84be.com\/index.php?rest_route=\/wp\/v2\/types\/page"}],"author":[{"embeddable":true,"href":"https:\/\/xn--duyapyaynlar-84be.com\/index.php?rest_route=\/wp\/v2\/users\/1"}],"replies":[{"embeddable":true,"href":"https:\/\/xn--duyapyaynlar-84be.com\/index.php?rest_route=%2Fwp%2Fv2%2Fcomments&post=2222"}],"version-history":[{"count":10,"href":"https:\/\/xn--duyapyaynlar-84be.com\/index.php?rest_route=\/wp\/v2\/pages\/2222\/revisions"}],"predecessor-version":[{"id":2258,"href":"https:\/\/xn--duyapyaynlar-84be.com\/index.php?rest_route=\/wp\/v2\/pages\/2222\/revisions\/2258"}],"wp:attachment":[{"href":"https:\/\/xn--duyapyaynlar-84be.com\/index.php?rest_route=%2Fwp%2Fv2%2Fmedia&parent=2222"}],"curies":[{"name":"wp","href":"https:\/\/api.w.org\/{rel}","templated":true}]}}