{"id":2220,"date":"2024-09-04T16:32:05","date_gmt":"2024-09-04T13:32:05","guid":{"rendered":"https:\/\/xn--duyapyaynlar-84be.com\/?page_id=2220"},"modified":"2024-09-04T16:48:23","modified_gmt":"2024-09-04T13:48:23","slug":"fikra-ve-karikaturleriyle-edebiyatcilar","status":"publish","type":"page","link":"https:\/\/xn--duyapyaynlar-84be.com\/?page_id=2220","title":{"rendered":"F\u0131kra ve Karikat\u00fcrleriyle Edebiyat\u00e7\u0131lar"},"content":{"rendered":"\t\t<div data-elementor-type=\"wp-page\" data-elementor-id=\"2220\" class=\"elementor elementor-2220\">\n\t\t\t\t<div class=\"elementor-element elementor-element-df928f2 e-flex e-con-boxed e-con e-parent\" data-id=\"df928f2\" data-element_type=\"container\" data-settings=\"{&quot;content_width&quot;:&quot;boxed&quot;}\" data-core-v316-plus=\"true\">\n\t\t\t\t\t<div class=\"e-con-inner\">\n\t\t\t\t<div class=\"elementor-element elementor-element-6b91da3 elementor-widget elementor-widget-heading\" data-id=\"6b91da3\" data-element_type=\"widget\" data-widget_type=\"heading.default\">\n\t\t\t\t<div class=\"elementor-widget-container\">\n\t\t\t<style>\/*! elementor - v3.19.0 - 28-02-2024 *\/\n.elementor-heading-title{padding:0;margin:0;line-height:1}.elementor-widget-heading .elementor-heading-title[class*=elementor-size-]>a{color:inherit;font-size:inherit;line-height:inherit}.elementor-widget-heading .elementor-heading-title.elementor-size-small{font-size:15px}.elementor-widget-heading .elementor-heading-title.elementor-size-medium{font-size:19px}.elementor-widget-heading .elementor-heading-title.elementor-size-large{font-size:29px}.elementor-widget-heading .elementor-heading-title.elementor-size-xl{font-size:39px}.elementor-widget-heading .elementor-heading-title.elementor-size-xxl{font-size:59px}<\/style><h2 class=\"elementor-heading-title elementor-size-default\">F\u0131kra ve Karikat\u00fcrleriyle Edebiyat\u00e7\u0131lar<\/h2>\t\t<\/div>\n\t\t\t\t<\/div>\n\t\t\t\t\t<\/div>\n\t\t\t\t<\/div>\n\t\t<div class=\"elementor-element elementor-element-e25b7ca e-flex e-con-boxed e-con e-parent\" data-id=\"e25b7ca\" data-element_type=\"container\" data-settings=\"{&quot;content_width&quot;:&quot;boxed&quot;}\" data-core-v316-plus=\"true\">\n\t\t\t\t\t<div class=\"e-con-inner\">\n\t\t<div class=\"elementor-element elementor-element-d2c6ba5 e-con-full e-flex e-con e-child\" data-id=\"d2c6ba5\" data-element_type=\"container\" data-settings=\"{&quot;content_width&quot;:&quot;full&quot;,&quot;background_background&quot;:&quot;classic&quot;}\">\n\t\t<div class=\"elementor-element elementor-element-12c2a5b e-con-full e-flex e-con e-child\" data-id=\"12c2a5b\" data-element_type=\"container\" data-settings=\"{&quot;content_width&quot;:&quot;full&quot;}\">\n\t\t\t\t<div class=\"elementor-element elementor-element-298253d elementor-widget elementor-widget-image\" data-id=\"298253d\" data-element_type=\"widget\" data-widget_type=\"image.default\">\n\t\t\t\t<div class=\"elementor-widget-container\">\n\t\t\t<style>\/*! elementor - v3.19.0 - 28-02-2024 *\/\n.elementor-widget-image{text-align:center}.elementor-widget-image a{display:inline-block}.elementor-widget-image a img[src$=\".svg\"]{width:48px}.elementor-widget-image img{vertical-align:middle;display:inline-block}<\/style>\t\t\t\t\t\t\t\t\t\t<img fetchpriority=\"high\" decoding=\"async\" width=\"210\" height=\"300\" src=\"https:\/\/xn--duyapyaynlar-84be.com\/wp-content\/uploads\/2024\/09\/Picture12-210x300.png\" class=\"attachment-medium size-medium wp-image-2241\" alt=\"\" srcset=\"https:\/\/xn--duyapyaynlar-84be.com\/wp-content\/uploads\/2024\/09\/Picture12-210x300.png 210w, https:\/\/xn--duyapyaynlar-84be.com\/wp-content\/uploads\/2024\/09\/Picture12.png 531w\" sizes=\"(max-width: 210px) 100vw, 210px\" \/>\t\t\t\t\t\t\t\t\t\t\t\t\t<\/div>\n\t\t\t\t<\/div>\n\t\t\t\t<\/div>\n\t\t<div class=\"elementor-element elementor-element-1027ee5 e-con-full e-flex e-con e-child\" data-id=\"1027ee5\" data-element_type=\"container\" data-settings=\"{&quot;content_width&quot;:&quot;full&quot;}\">\n\t\t\t\t<div class=\"elementor-element elementor-element-c523e1f elementor-widget elementor-widget-text-editor\" data-id=\"c523e1f\" data-element_type=\"widget\" data-widget_type=\"text-editor.default\">\n\t\t\t\t<div class=\"elementor-widget-container\">\n\t\t\t<style>\/*! elementor - v3.19.0 - 28-02-2024 *\/\n.elementor-widget-text-editor.elementor-drop-cap-view-stacked .elementor-drop-cap{background-color:#69727d;color:#fff}.elementor-widget-text-editor.elementor-drop-cap-view-framed .elementor-drop-cap{color:#69727d;border:3px solid;background-color:transparent}.elementor-widget-text-editor:not(.elementor-drop-cap-view-default) .elementor-drop-cap{margin-top:8px}.elementor-widget-text-editor:not(.elementor-drop-cap-view-default) .elementor-drop-cap-letter{width:1em;height:1em}.elementor-widget-text-editor .elementor-drop-cap{float:left;text-align:center;line-height:1;font-size:50px}.elementor-widget-text-editor .elementor-drop-cap-letter{display:inline-block}<\/style>\t\t\t\t<h5><strong>Haluk Harun Duman<\/strong><\/h5><p>\u0130stanbul: DUYAP Yay\u0131nlar\u0131, 2024 (E\u011fiten Matbaac\u0131l\u0131k)<\/p><p>517 sayfa (Renkli+Tekrenk)<\/p><p><strong>ISBN: 978-975-8493-15-9<\/strong><\/p><p><strong>\u015eA\u0130R ve YAZARLARIN<\/strong> ya\u015fant\u0131lar\u0131, gazetelerin \u00e7\u0131kmaya ba\u015flad\u0131\u011f\u0131 Tanzimat\u2019la birlikte bas\u0131n hayat\u0131nda daha \u00f6ne \u00e7\u0131kar ve belirginle\u015fir. \u00d6zellikle edebiyat\u00e7\u0131lar\u0131n fiziki yap\u0131lar\u0131 ve edebiyat anlay\u0131\u015flar\u0131 zaman i\u00e7inde \u00e7izerlerin de ilgisini \u00e7eker. S\u00f6z konusu edebiyat\u00e7\u0131lar\u0131n toplumun okur-yazar kesimi taraf\u0131ndan tan\u0131nmalar\u0131 ve ilgi oda\u011f\u0131 haline gelmeleri \u00e7izerlerin onlarla ilgili karikat\u00fcrler yapmas\u0131na sebep olur. Karikat\u00fcristler, \u00f6zellikle ayd\u0131nlar ve okurlar taraf\u0131ndan be\u011fenilen ki\u015filerin \u00e7izimlerini yaparak, kendi bak\u0131\u015f a\u00e7\u0131lar\u0131yla onlar\u0131 tasvir ederler.<\/p><p>Karikat\u00fcr sanat\u00e7\u0131lar\u0131n\u0131n edebiyat\u00e7\u0131lar \u00fczerinde durmalar\u0131n\u0131n en \u00f6nemli sebeplerinden biri \u015fair ve yazarlar\u0131n pop\u00fcler ki\u015filikleridir. Bunun yan\u0131 s\u0131ra s\u00f6z konusu yazarlar\u0131n mensup oldu\u011fu gruplar, ak\u0131mlar veya d\u00fc\u015f\u00fcncelerin de karikat\u00fcrize edildi\u011fi g\u00f6r\u00fcl\u00fcr. Bu karikat\u00fcrlerin \u00e7izimindeki ama\u00e7 genellikle ki\u015fileri k\u00f6t\u00fclemek de\u011fil, farkl\u0131 a\u00e7\u0131lardan tasavvur edilen g\u00f6r\u00fcn\u00fcmlerini biraz ironiyle okurlara sunmakt\u0131r. Bu \u00e7er\u00e7evede karikat\u00fcrlerde ele al\u0131nan ki\u015filerin fizik\u00ee, siyas\u00ee, sosyal ve fikr\u00ee y\u00f6nleri \u00f6ne \u00e7\u0131kar\u0131l\u0131r. \u00d6rne\u011fin Nam\u0131k Kemal\u2019in g\u00fcr sakal\u0131, Ahmet Midhat\u2019\u0131n pehlivan yap\u0131s\u0131, Fikret\u2019in Bat\u0131 taraftarl\u0131\u011f\u0131, Hamit\u2019in diplomatl\u0131k y\u00f6n\u00fc \u00e7izimlerde fizik\u00ee ve sosyolojik ger\u00e7ekleri yans\u0131tacak \u015fekilde vurgulan\u0131r.<\/p><p>Bu \u00e7al\u0131\u015fman\u0131n temel amac\u0131, \u00e7izgilerin dilinden yola \u00e7\u0131karak edebiyat\u00e7\u0131lar\u0131n karikat\u00fcrlerini incelemek, sosyal ve k\u00fclt\u00fcrel tarihe farkl\u0131 bir katk\u0131 sa\u011flamakt\u0131r. Ara\u015ft\u0131rmam\u0131z\u0131n en \u00f6nemli yan\u0131, edebiyat d\u00fcnyas\u0131nda bir yere sahip olan \u015fahsiyetlerin \u00e7izerlere nas\u0131l ilham verdiklerini tespit etmektir. Hangi edebiyat\u00e7\u0131lar\u0131n karikat\u00fcrlerde nas\u0131l \u00f6ne \u00e7\u0131kt\u0131\u011f\u0131, hangi edeb\u00ee olaylar\u0131n \u00e7izgilerin diliyle yorumland\u0131\u011f\u0131 ara\u015ft\u0131rma kapsam\u0131nda ele al\u0131nm\u0131\u015ft\u0131r. Farkl\u0131 bir s\u00f6yleyi\u015fle amac\u0131m\u0131z edebiyat\u00e7\u0131lar\u0131n di\u011fer sanat erbaplar\u0131 taraf\u0131ndan nas\u0131l alg\u0131land\u0131\u011f\u0131n\u0131 ortaya koymak, d\u00f6nemin edebiyat\u00e7\u0131lar\u0131na ili\u015fkin s\u00f6ylemleri tespit edebilmektir.<\/p><blockquote><p>(Sipari\u015f vermek i\u00e7in 0532 722 23 94, sisterduman@yahoo.com.tr)<\/p><\/blockquote>\t\t\t\t\t\t<\/div>\n\t\t\t\t<\/div>\n\t\t\t\t<\/div>\n\t\t\t\t<\/div>\n\t\t\t\t\t<\/div>\n\t\t\t\t<\/div>\n\t\t\t\t<\/div>\n\t\t","protected":false},"excerpt":{"rendered":"<p>F\u0131kra ve Karikat\u00fcrleriyle Edebiyat\u00e7\u0131lar Haluk Harun Duman \u0130stanbul: DUYAP Yay\u0131nlar\u0131, 2024 (E\u011fiten Matbaac\u0131l\u0131k) 517 sayfa (Renkli+Tekrenk) ISBN: 978-975-8493-15-9 \u015eA\u0130R ve YAZARLARIN ya\u015fant\u0131lar\u0131, gazetelerin \u00e7\u0131kmaya ba\u015flad\u0131\u011f\u0131 Tanzimat\u2019la birlikte bas\u0131n hayat\u0131nda daha \u00f6ne \u00e7\u0131kar ve belirginle\u015fir. \u00d6zellikle edebiyat\u00e7\u0131lar\u0131n fiziki yap\u0131lar\u0131 ve edebiyat anlay\u0131\u015flar\u0131 zaman i\u00e7inde \u00e7izerlerin de ilgisini \u00e7eker. S\u00f6z konusu edebiyat\u00e7\u0131lar\u0131n toplumun okur-yazar kesimi taraf\u0131ndan tan\u0131nmalar\u0131 &hellip;<\/p>\n<p class=\"read-more\"> <a class=\"\" href=\"https:\/\/xn--duyapyaynlar-84be.com\/?page_id=2220\"> <span class=\"screen-reader-text\">F\u0131kra ve Karikat\u00fcrleriyle Edebiyat\u00e7\u0131lar<\/span> Devam\u0131 &raquo;<\/a><\/p>\n","protected":false},"author":1,"featured_media":0,"parent":0,"menu_order":0,"comment_status":"closed","ping_status":"closed","template":"","meta":{"om_disable_all_campaigns":false,"_monsterinsights_skip_tracking":false,"_monsterinsights_sitenote_active":false,"_monsterinsights_sitenote_note":"","_monsterinsights_sitenote_category":0,"site-sidebar-layout":"no-sidebar","site-content-layout":"page-builder","ast-site-content-layout":"full-width-container","site-content-style":"default","site-sidebar-style":"default","ast-global-header-display":"","ast-banner-title-visibility":"","ast-main-header-display":"","ast-hfb-above-header-display":"","ast-hfb-below-header-display":"","ast-hfb-mobile-header-display":"","site-post-title":"disabled","ast-breadcrumbs-content":"","ast-featured-img":"disabled","footer-sml-layout":"","theme-transparent-header-meta":"","adv-header-id-meta":"","stick-header-meta":"","header-above-stick-meta":"","header-main-stick-meta":"","header-below-stick-meta":"","astra-migrate-meta-layouts":"","ast-page-background-enabled":"default","ast-page-background-meta":{"desktop":{"background-color":"","background-image":"","background-repeat":"repeat","background-position":"center center","background-size":"auto","background-attachment":"scroll","background-type":"","background-media":"","overlay-type":"","overlay-color":"","overlay-gradient":""},"tablet":{"background-color":"","background-image":"","background-repeat":"repeat","background-position":"center center","background-size":"auto","background-attachment":"scroll","background-type":"","background-media":"","overlay-type":"","overlay-color":"","overlay-gradient":""},"mobile":{"background-color":"","background-image":"","background-repeat":"repeat","background-position":"center center","background-size":"auto","background-attachment":"scroll","background-type":"","background-media":"","overlay-type":"","overlay-color":"","overlay-gradient":""}},"ast-content-background-meta":{"desktop":{"background-color":"var(--ast-global-color-5)","background-image":"","background-repeat":"repeat","background-position":"center center","background-size":"auto","background-attachment":"scroll","background-type":"","background-media":"","overlay-type":"","overlay-color":"","overlay-gradient":""},"tablet":{"background-color":"var(--ast-global-color-5)","background-image":"","background-repeat":"repeat","background-position":"center center","background-size":"auto","background-attachment":"scroll","background-type":"","background-media":"","overlay-type":"","overlay-color":"","overlay-gradient":""},"mobile":{"background-color":"var(--ast-global-color-5)","background-image":"","background-repeat":"repeat","background-position":"center center","background-size":"auto","background-attachment":"scroll","background-type":"","background-media":"","overlay-type":"","overlay-color":"","overlay-gradient":""}},"footnotes":""},"aioseo_notices":[],"_links":{"self":[{"href":"https:\/\/xn--duyapyaynlar-84be.com\/index.php?rest_route=\/wp\/v2\/pages\/2220"}],"collection":[{"href":"https:\/\/xn--duyapyaynlar-84be.com\/index.php?rest_route=\/wp\/v2\/pages"}],"about":[{"href":"https:\/\/xn--duyapyaynlar-84be.com\/index.php?rest_route=\/wp\/v2\/types\/page"}],"author":[{"embeddable":true,"href":"https:\/\/xn--duyapyaynlar-84be.com\/index.php?rest_route=\/wp\/v2\/users\/1"}],"replies":[{"embeddable":true,"href":"https:\/\/xn--duyapyaynlar-84be.com\/index.php?rest_route=%2Fwp%2Fv2%2Fcomments&post=2220"}],"version-history":[{"count":10,"href":"https:\/\/xn--duyapyaynlar-84be.com\/index.php?rest_route=\/wp\/v2\/pages\/2220\/revisions"}],"predecessor-version":[{"id":2255,"href":"https:\/\/xn--duyapyaynlar-84be.com\/index.php?rest_route=\/wp\/v2\/pages\/2220\/revisions\/2255"}],"wp:attachment":[{"href":"https:\/\/xn--duyapyaynlar-84be.com\/index.php?rest_route=%2Fwp%2Fv2%2Fmedia&parent=2220"}],"curies":[{"name":"wp","href":"https:\/\/api.w.org\/{rel}","templated":true}]}}