{"id":2164,"date":"2024-05-21T02:57:12","date_gmt":"2024-05-20T23:57:12","guid":{"rendered":"https:\/\/xn--duyapyaynlar-84be.com\/?page_id=2164"},"modified":"2024-05-21T03:12:12","modified_gmt":"2024-05-21T00:12:12","slug":"erzurumun-antika-insanlari","status":"publish","type":"page","link":"https:\/\/xn--duyapyaynlar-84be.com\/?page_id=2164","title":{"rendered":"Erzurum\u2019un Antika \u0130nsanlar\u0131"},"content":{"rendered":"\t\t<div data-elementor-type=\"wp-page\" data-elementor-id=\"2164\" class=\"elementor elementor-2164\">\n\t\t\t\t<div class=\"elementor-element elementor-element-21ffda2 e-flex e-con-boxed e-con e-parent\" data-id=\"21ffda2\" data-element_type=\"container\" data-settings=\"{&quot;content_width&quot;:&quot;boxed&quot;}\" data-core-v316-plus=\"true\">\n\t\t\t\t\t<div class=\"e-con-inner\">\n\t\t\t\t<div class=\"elementor-element elementor-element-a422265 elementor-widget elementor-widget-heading\" data-id=\"a422265\" data-element_type=\"widget\" data-widget_type=\"heading.default\">\n\t\t\t\t<div class=\"elementor-widget-container\">\n\t\t\t<style>\/*! elementor - v3.19.0 - 28-02-2024 *\/\n.elementor-heading-title{padding:0;margin:0;line-height:1}.elementor-widget-heading .elementor-heading-title[class*=elementor-size-]>a{color:inherit;font-size:inherit;line-height:inherit}.elementor-widget-heading .elementor-heading-title.elementor-size-small{font-size:15px}.elementor-widget-heading .elementor-heading-title.elementor-size-medium{font-size:19px}.elementor-widget-heading .elementor-heading-title.elementor-size-large{font-size:29px}.elementor-widget-heading .elementor-heading-title.elementor-size-xl{font-size:39px}.elementor-widget-heading .elementor-heading-title.elementor-size-xxl{font-size:59px}<\/style><h2 class=\"elementor-heading-title elementor-size-default\">Erzurum\u2019un Antika \u0130nsanlar\u0131\n<\/h2>\t\t<\/div>\n\t\t\t\t<\/div>\n\t\t\t\t\t<\/div>\n\t\t\t\t<\/div>\n\t\t<div class=\"elementor-element elementor-element-5d66616 e-con-full e-flex e-con e-parent\" data-id=\"5d66616\" data-element_type=\"container\" data-settings=\"{&quot;content_width&quot;:&quot;full&quot;,&quot;background_background&quot;:&quot;classic&quot;}\" data-core-v316-plus=\"true\">\n\t\t<div class=\"elementor-element elementor-element-34a9165 e-con-full e-flex e-con e-child\" data-id=\"34a9165\" data-element_type=\"container\" data-settings=\"{&quot;content_width&quot;:&quot;full&quot;}\">\n\t\t\t\t<div class=\"elementor-element elementor-element-2178e49 elementor-widget elementor-widget-image\" data-id=\"2178e49\" data-element_type=\"widget\" data-widget_type=\"image.default\">\n\t\t\t\t<div class=\"elementor-widget-container\">\n\t\t\t<style>\/*! elementor - v3.19.0 - 28-02-2024 *\/\n.elementor-widget-image{text-align:center}.elementor-widget-image a{display:inline-block}.elementor-widget-image a img[src$=\".svg\"]{width:48px}.elementor-widget-image img{vertical-align:middle;display:inline-block}<\/style>\t\t\t\t\t\t\t\t\t\t<img fetchpriority=\"high\" decoding=\"async\" width=\"212\" height=\"300\" src=\"https:\/\/xn--duyapyaynlar-84be.com\/wp-content\/uploads\/2024\/05\/ErzurumunaNtikaInsanlari-212x300.png\" class=\"attachment-medium size-medium wp-image-2158\" alt=\"\" srcset=\"https:\/\/xn--duyapyaynlar-84be.com\/wp-content\/uploads\/2024\/05\/ErzurumunaNtikaInsanlari-212x300.png 212w, https:\/\/xn--duyapyaynlar-84be.com\/wp-content\/uploads\/2024\/05\/ErzurumunaNtikaInsanlari.png 381w\" sizes=\"(max-width: 212px) 100vw, 212px\" \/>\t\t\t\t\t\t\t\t\t\t\t\t\t<\/div>\n\t\t\t\t<\/div>\n\t\t\t\t<\/div>\n\t\t<div class=\"elementor-element elementor-element-0ffc663 e-con-full e-flex e-con e-child\" data-id=\"0ffc663\" data-element_type=\"container\" data-settings=\"{&quot;content_width&quot;:&quot;full&quot;}\">\n\t\t\t\t<div class=\"elementor-element elementor-element-8307995 elementor-widget elementor-widget-text-editor\" data-id=\"8307995\" data-element_type=\"widget\" data-widget_type=\"text-editor.default\">\n\t\t\t\t<div class=\"elementor-widget-container\">\n\t\t\t<style>\/*! elementor - v3.19.0 - 28-02-2024 *\/\n.elementor-widget-text-editor.elementor-drop-cap-view-stacked .elementor-drop-cap{background-color:#69727d;color:#fff}.elementor-widget-text-editor.elementor-drop-cap-view-framed .elementor-drop-cap{color:#69727d;border:3px solid;background-color:transparent}.elementor-widget-text-editor:not(.elementor-drop-cap-view-default) .elementor-drop-cap{margin-top:8px}.elementor-widget-text-editor:not(.elementor-drop-cap-view-default) .elementor-drop-cap-letter{width:1em;height:1em}.elementor-widget-text-editor .elementor-drop-cap{float:left;text-align:center;line-height:1;font-size:50px}.elementor-widget-text-editor .elementor-drop-cap-letter{display:inline-block}<\/style>\t\t\t\t<h5><strong>Haluk Harun Duman<\/strong><\/h5><p><strong>\u0130stanbul: Duyap Medya-Yay\u0131nc\u0131l\u0131k, 2024, 484 s. (An\u0131)<\/strong><\/p><p><strong>ISBN: 978-975-8493-14-2<\/strong><\/p><p><strong>Stok adedi: 500<\/strong><\/p><h6><strong>Sat\u0131\u015f Fiyat\u0131: 150 TL<\/strong><\/h6><p>Erzurum\u2019da ya\u015fad\u0131\u011f\u0131m 1960-1985 y\u0131llar\u0131 aras\u0131nda \u00e7ok say\u0131da insan tan\u0131d\u0131m, g\u00f6rd\u00fcm, konu\u015ftum. Bunlardan bir k\u0131sm\u0131yla uzun y\u0131llar birlikte ya\u015fad\u0131m, ahbapl\u0131k ve arkada\u015fl\u0131k ettim. Bir k\u0131sm\u0131 zaten aile fertlerinden say\u0131l\u0131rd\u0131. Bir k\u0131sm\u0131, mahallemizin renkli ve s\u0131ra d\u0131\u015f\u0131 \u00f6zelliklere sahip olan insanlar\u0131, bir k\u0131sm\u0131 da yaln\u0131z Erzurum\u2019da de\u011fil b\u00fct\u00fcn T\u00fcrkiye\u2019de tan\u0131nan, bilinen maruf simalard\u0131. \u00c7ocukluk ve gen\u00e7lik y\u0131llar\u0131mda ticar\u00ee hayatla i\u00e7 i\u00e7e olmam, benim \u00e7ok say\u0131da insan\u0131 tan\u0131mam\u0131 sa\u011flad\u0131. \u015eimdilerde ne ismini ne cismini hat\u0131rlad\u0131\u011f\u0131m insanlar d\u0131\u015f\u0131nda, y\u0131llar ge\u00e7mesine ra\u011fmen unutamad\u0131\u011f\u0131m insanlardan birka\u00e7\u0131na burada yer vermek istiyorum. Dikkat edece\u011finiz gibi bu insanlar\u0131n hepsi birbirinden farkl\u0131, renkli, ilgin\u00e7 ve s\u0131ra d\u0131\u015f\u0131 \u00f6zelliklere sahiptir. Demek ki ak\u0131lda kalmak i\u00e7in s\u0131ra d\u0131\u015f\u0131 olmak gerekiyor.<\/p><p>Renkli insanlar\u0131 gibi 25 y\u0131l ba\u011fr\u0131nda ya\u015fad\u0131\u011f\u0131m Gez Mahallesi, bir d\u00f6nemlerde; Erzurum k\u00fclt\u00fcr\u00fcne, sanat\u0131na, siyasetine, sporuna, ticaretine y\u00f6n veren insanlarla doluydu. Yerliler birbirini tan\u0131r, bilir, yabanc\u0131lar fark edilirdi. Erzurum\u2019un her mahallesinde bir insan zenginli\u011fi vard\u0131, ancak Gez Mahallesi\u2019nin zenginli\u011fi bir ba\u015fkayd\u0131. Bu renkli simalardan birka\u00e7\u0131 Gez Mahallesi\u2019nde oturuyorlard\u0131. Birka\u00e7\u0131 da i\u015f veya ahbap ziyareti i\u00e7in mahalleye gidip geliyorlard\u0131. \u015eehrin k\u00fclt\u00fcr hayat\u0131n\u0131 etkileyen bu tiplerden baz\u0131lar\u0131n\u0131 size tan\u0131t\u0131nca, \u00f6yle tahmin ediyorum ki siz de bana hak vereceksiniz.<\/p><p>Bildi\u011finiz gibi klasik tarih \u00e7al\u0131\u015fmalar\u0131 genellikle zenginler ve g\u00fc\u00e7l\u00fcler taraf\u0131ndan yazd\u0131r\u0131l\u0131r. \u0130ster sa\u011fdan ister soldan okuyun; binlerce y\u0131ll\u0131k tarih kitaplar\u0131nda hep bu yakla\u015f\u0131m\u0131 g\u00f6r\u00fcrs\u00fcn\u00fcz. Devlet memuru olan eski vakan\u00fcvisler, Sultalar\u0131n yapt\u0131klar\u0131ndan bahsederek tarih yazarlar. En \u00fcnl\u00fc devlet b\u00fcy\u00fcklerinin, pa\u015falar\u0131n, komutanlar\u0131n, siyasilerin hayat hik\u00e2yeleri tarih diye k\u0131l\u0131k de\u011fi\u015ftirerek \u00f6n\u00fcm\u00fcze s\u00fcr\u00fcl\u00fcr. Kopya tarih\u00e7ilerin akl\u0131na \u201cAcaba s\u0131radan insanlar nas\u0131l ya\u015fard\u0131? Bu insanlar\u0131n hayata dair yakla\u015f\u0131mlar\u0131 nas\u0131ld\u0131? Bunlar\u0131n genel tarih i\u00e7indeki konumlar\u0131 neydi?\u201d vs. gibi sorular\u0131 sormak gelmez. Onlar belgeleri veya daha \u00f6nce yaz\u0131lm\u0131\u015f tarihleri \u00f6nlerine koyup kopyala yap\u0131\u015ft\u0131r yaparak \u201corijinal\u201d bir tarih yazd\u0131klar\u0131n\u0131 san\u0131rlar. Hele yapt\u0131klar\u0131 bu \u00e7al\u0131\u015fmalara cafcafl\u0131 bir ba\u015fl\u0131k bulurlarsa o zaman i\u015f daha \u00e2l\u00e2 olur.<\/p><p>Erzurum\u2019un Antika \u0130nsanlar\u0131 ve Mahalle K\u00fclt\u00fcr\u00fc\u2019n\u00fc konu alan bu kitap mazide tan\u0131d\u0131\u011f\u0131m ve hi\u00e7 unutamad\u0131\u011f\u0131m ki\u015filer sayesinde ortaya \u00e7\u0131kt\u0131. Aradan y\u0131llar ge\u00e7mesine ra\u011fmen o insanlar\u0131n haf\u0131zamdaki yerleri h\u00e2l\u00e2 \u00e7ok canl\u0131, h\u00e2l\u00e2 d\u00fcnk\u00fc gibi taptaze. \u00c7ocukluk haf\u0131zamda yer edenler d\u0131\u015f\u0131nda, gen\u00e7lik y\u0131llar\u0131nda tan\u0131d\u0131klar\u0131m bende m\u00fcthi\u015f bir insan birikimi ve zenginli\u011fi olu\u015fmas\u0131n\u0131 sa\u011flad\u0131. Amerikal\u0131lar \u201cNe bildi\u011fin \u00f6nemli de\u011fil, kimi bildi\u011fin \u00f6nemlidir!\u201d derler. Bu s\u00f6z\u00fcn ne kadar \u00f6nemli oldu\u011funu zaman bana bir\u00e7ok kez g\u00f6sterdi. 25 y\u0131l boyunca ya\u015fad\u0131\u011f\u0131m Gez Mahallesi, g\u00fc\u00e7l\u00fc kom\u015fuluk ili\u015fkileri ile ki\u015fili\u011fimin olu\u015fmas\u0131na olumlu katk\u0131 sa\u011flad\u0131. H\u00e2l\u00e2 1960-1985 y\u0131llar\u0131 aras\u0131 tan\u0131\u015ft\u0131\u011f\u0131m insanlarla akrabalar\u0131mm\u0131\u015f gibi g\u00f6r\u00fc\u015f\u00fcr selamla\u015f\u0131r\u0131m. Bu kitapta mahallemize yer vermek ve ya\u015fad\u0131\u011f\u0131m g\u00fczellikleri sizinle payla\u015fmak benim i\u00e7in b\u00fcy\u00fck bir zevk oldu.<\/p><blockquote><p>(Sipari\u015f vermek i\u00e7in 0532 722 23 94, sisterduman@yahoo.com.tr)<\/p><\/blockquote>\t\t\t\t\t\t<\/div>\n\t\t\t\t<\/div>\n\t\t\t\t<\/div>\n\t\t\t\t<\/div>\n\t\t\t\t<\/div>\n\t\t","protected":false},"excerpt":{"rendered":"<p>Erzurum\u2019un Antika \u0130nsanlar\u0131 Haluk Harun Duman \u0130stanbul: Duyap Medya-Yay\u0131nc\u0131l\u0131k, 2024, 484 s. (An\u0131) ISBN: 978-975-8493-14-2 Stok adedi: 500 Sat\u0131\u015f Fiyat\u0131: 150 TL Erzurum\u2019da ya\u015fad\u0131\u011f\u0131m 1960-1985 y\u0131llar\u0131 aras\u0131nda \u00e7ok say\u0131da insan tan\u0131d\u0131m, g\u00f6rd\u00fcm, konu\u015ftum. Bunlardan bir k\u0131sm\u0131yla uzun y\u0131llar birlikte ya\u015fad\u0131m, ahbapl\u0131k ve arkada\u015fl\u0131k ettim. Bir k\u0131sm\u0131 zaten aile fertlerinden say\u0131l\u0131rd\u0131. Bir k\u0131sm\u0131, mahallemizin renkli ve &hellip;<\/p>\n<p class=\"read-more\"> <a class=\"\" href=\"https:\/\/xn--duyapyaynlar-84be.com\/?page_id=2164\"> <span class=\"screen-reader-text\">Erzurum\u2019un Antika \u0130nsanlar\u0131<\/span> Devam\u0131 &raquo;<\/a><\/p>\n","protected":false},"author":1,"featured_media":0,"parent":0,"menu_order":0,"comment_status":"closed","ping_status":"closed","template":"","meta":{"om_disable_all_campaigns":false,"_monsterinsights_skip_tracking":false,"_monsterinsights_sitenote_active":false,"_monsterinsights_sitenote_note":"","_monsterinsights_sitenote_category":0,"site-sidebar-layout":"no-sidebar","site-content-layout":"page-builder","ast-site-content-layout":"full-width-container","site-content-style":"default","site-sidebar-style":"default","ast-global-header-display":"","ast-banner-title-visibility":"","ast-main-header-display":"","ast-hfb-above-header-display":"","ast-hfb-below-header-display":"","ast-hfb-mobile-header-display":"","site-post-title":"disabled","ast-breadcrumbs-content":"","ast-featured-img":"disabled","footer-sml-layout":"","theme-transparent-header-meta":"","adv-header-id-meta":"","stick-header-meta":"","header-above-stick-meta":"","header-main-stick-meta":"","header-below-stick-meta":"","astra-migrate-meta-layouts":"","ast-page-background-enabled":"default","ast-page-background-meta":{"desktop":{"background-color":"","background-image":"","background-repeat":"repeat","background-position":"center center","background-size":"auto","background-attachment":"scroll","background-type":"","background-media":"","overlay-type":"","overlay-color":"","overlay-gradient":""},"tablet":{"background-color":"","background-image":"","background-repeat":"repeat","background-position":"center center","background-size":"auto","background-attachment":"scroll","background-type":"","background-media":"","overlay-type":"","overlay-color":"","overlay-gradient":""},"mobile":{"background-color":"","background-image":"","background-repeat":"repeat","background-position":"center center","background-size":"auto","background-attachment":"scroll","background-type":"","background-media":"","overlay-type":"","overlay-color":"","overlay-gradient":""}},"ast-content-background-meta":{"desktop":{"background-color":"var(--ast-global-color-5)","background-image":"","background-repeat":"repeat","background-position":"center center","background-size":"auto","background-attachment":"scroll","background-type":"","background-media":"","overlay-type":"","overlay-color":"","overlay-gradient":""},"tablet":{"background-color":"var(--ast-global-color-5)","background-image":"","background-repeat":"repeat","background-position":"center center","background-size":"auto","background-attachment":"scroll","background-type":"","background-media":"","overlay-type":"","overlay-color":"","overlay-gradient":""},"mobile":{"background-color":"var(--ast-global-color-5)","background-image":"","background-repeat":"repeat","background-position":"center center","background-size":"auto","background-attachment":"scroll","background-type":"","background-media":"","overlay-type":"","overlay-color":"","overlay-gradient":""}},"footnotes":""},"aioseo_notices":[],"_links":{"self":[{"href":"https:\/\/xn--duyapyaynlar-84be.com\/index.php?rest_route=\/wp\/v2\/pages\/2164"}],"collection":[{"href":"https:\/\/xn--duyapyaynlar-84be.com\/index.php?rest_route=\/wp\/v2\/pages"}],"about":[{"href":"https:\/\/xn--duyapyaynlar-84be.com\/index.php?rest_route=\/wp\/v2\/types\/page"}],"author":[{"embeddable":true,"href":"https:\/\/xn--duyapyaynlar-84be.com\/index.php?rest_route=\/wp\/v2\/users\/1"}],"replies":[{"embeddable":true,"href":"https:\/\/xn--duyapyaynlar-84be.com\/index.php?rest_route=%2Fwp%2Fv2%2Fcomments&post=2164"}],"version-history":[{"count":7,"href":"https:\/\/xn--duyapyaynlar-84be.com\/index.php?rest_route=\/wp\/v2\/pages\/2164\/revisions"}],"predecessor-version":[{"id":2190,"href":"https:\/\/xn--duyapyaynlar-84be.com\/index.php?rest_route=\/wp\/v2\/pages\/2164\/revisions\/2190"}],"wp:attachment":[{"href":"https:\/\/xn--duyapyaynlar-84be.com\/index.php?rest_route=%2Fwp%2Fv2%2Fmedia&parent=2164"}],"curies":[{"name":"wp","href":"https:\/\/api.w.org\/{rel}","templated":true}]}}