{"id":2163,"date":"2024-05-21T02:57:12","date_gmt":"2024-05-20T23:57:12","guid":{"rendered":"https:\/\/xn--duyapyaynlar-84be.com\/?page_id=2163"},"modified":"2024-05-21T03:12:17","modified_gmt":"2024-05-21T00:12:17","slug":"erzuruma-selam-soyle","status":"publish","type":"page","link":"https:\/\/xn--duyapyaynlar-84be.com\/?page_id=2163","title":{"rendered":"Erzurum\u2019a Selam S\u00f6yle"},"content":{"rendered":"\t\t<div data-elementor-type=\"wp-page\" data-elementor-id=\"2163\" class=\"elementor elementor-2163\">\n\t\t\t\t<div class=\"elementor-element elementor-element-44231b9 e-flex e-con-boxed e-con e-parent\" data-id=\"44231b9\" data-element_type=\"container\" data-settings=\"{&quot;content_width&quot;:&quot;boxed&quot;}\" data-core-v316-plus=\"true\">\n\t\t\t\t\t<div class=\"e-con-inner\">\n\t\t\t\t<div class=\"elementor-element elementor-element-830e25e elementor-widget elementor-widget-heading\" data-id=\"830e25e\" data-element_type=\"widget\" data-widget_type=\"heading.default\">\n\t\t\t\t<div class=\"elementor-widget-container\">\n\t\t\t<style>\/*! elementor - v3.19.0 - 28-02-2024 *\/\n.elementor-heading-title{padding:0;margin:0;line-height:1}.elementor-widget-heading .elementor-heading-title[class*=elementor-size-]>a{color:inherit;font-size:inherit;line-height:inherit}.elementor-widget-heading .elementor-heading-title.elementor-size-small{font-size:15px}.elementor-widget-heading .elementor-heading-title.elementor-size-medium{font-size:19px}.elementor-widget-heading .elementor-heading-title.elementor-size-large{font-size:29px}.elementor-widget-heading .elementor-heading-title.elementor-size-xl{font-size:39px}.elementor-widget-heading .elementor-heading-title.elementor-size-xxl{font-size:59px}<\/style><h2 class=\"elementor-heading-title elementor-size-default\">Erzurum\u2019a Selam S\u00f6yle\n<\/h2>\t\t<\/div>\n\t\t\t\t<\/div>\n\t\t\t\t\t<\/div>\n\t\t\t\t<\/div>\n\t\t<div class=\"elementor-element elementor-element-371b2a4 e-con-full e-flex e-con e-parent\" data-id=\"371b2a4\" data-element_type=\"container\" data-settings=\"{&quot;content_width&quot;:&quot;full&quot;,&quot;background_background&quot;:&quot;classic&quot;}\" data-core-v316-plus=\"true\">\n\t\t<div class=\"elementor-element elementor-element-6720962 e-con-full e-flex e-con e-child\" data-id=\"6720962\" data-element_type=\"container\" data-settings=\"{&quot;content_width&quot;:&quot;full&quot;}\">\n\t\t\t\t<div class=\"elementor-element elementor-element-6bbeaa7 elementor-widget elementor-widget-image\" data-id=\"6bbeaa7\" data-element_type=\"widget\" data-widget_type=\"image.default\">\n\t\t\t\t<div class=\"elementor-widget-container\">\n\t\t\t<style>\/*! elementor - v3.19.0 - 28-02-2024 *\/\n.elementor-widget-image{text-align:center}.elementor-widget-image a{display:inline-block}.elementor-widget-image a img[src$=\".svg\"]{width:48px}.elementor-widget-image img{vertical-align:middle;display:inline-block}<\/style>\t\t\t\t\t\t\t\t\t\t<img fetchpriority=\"high\" decoding=\"async\" width=\"221\" height=\"300\" src=\"https:\/\/xn--duyapyaynlar-84be.com\/wp-content\/uploads\/2024\/05\/ErzurumaSelamSoyle-221x300.png\" class=\"attachment-medium size-medium wp-image-2157\" alt=\"\" srcset=\"https:\/\/xn--duyapyaynlar-84be.com\/wp-content\/uploads\/2024\/05\/ErzurumaSelamSoyle-221x300.png 221w, https:\/\/xn--duyapyaynlar-84be.com\/wp-content\/uploads\/2024\/05\/ErzurumaSelamSoyle.png 556w\" sizes=\"(max-width: 221px) 100vw, 221px\" \/>\t\t\t\t\t\t\t\t\t\t\t\t\t<\/div>\n\t\t\t\t<\/div>\n\t\t\t\t<\/div>\n\t\t<div class=\"elementor-element elementor-element-a0fffd5 e-con-full e-flex e-con e-child\" data-id=\"a0fffd5\" data-element_type=\"container\" data-settings=\"{&quot;content_width&quot;:&quot;full&quot;}\">\n\t\t\t\t<div class=\"elementor-element elementor-element-027edd9 elementor-widget elementor-widget-text-editor\" data-id=\"027edd9\" data-element_type=\"widget\" data-widget_type=\"text-editor.default\">\n\t\t\t\t<div class=\"elementor-widget-container\">\n\t\t\t<style>\/*! elementor - v3.19.0 - 28-02-2024 *\/\n.elementor-widget-text-editor.elementor-drop-cap-view-stacked .elementor-drop-cap{background-color:#69727d;color:#fff}.elementor-widget-text-editor.elementor-drop-cap-view-framed .elementor-drop-cap{color:#69727d;border:3px solid;background-color:transparent}.elementor-widget-text-editor:not(.elementor-drop-cap-view-default) .elementor-drop-cap{margin-top:8px}.elementor-widget-text-editor:not(.elementor-drop-cap-view-default) .elementor-drop-cap-letter{width:1em;height:1em}.elementor-widget-text-editor .elementor-drop-cap{float:left;text-align:center;line-height:1;font-size:50px}.elementor-widget-text-editor .elementor-drop-cap-letter{display:inline-block}<\/style>\t\t\t\t<h5><strong>Haluk Harun Duman <\/strong><\/h5><p><strong>\u0130stanbul: Duyap Medya-Yay\u0131nc\u0131l\u0131k, 2024, 481 s. (An\u0131)<\/strong><\/p><p><strong>ISBN: 978-975-8493-12-8<\/strong><\/p><p><strong>Stok adedi: 500<\/strong><\/p><h6><strong>Sat\u0131\u015f Fiyat\u0131: 150 TL<\/strong><\/h6><p>Bu kitapta okuyacaklar\u0131n\u0131z, k\u00f6kenleri Ah\u0131ska\u2019ya dayanan, sava\u015flar nedeniyle 1828 y\u0131l\u0131nda Anadolu\u2019ya g\u00f6\u00e7 eden ve zaman i\u00e7inde farkl\u0131 co\u011frafyalara da\u011f\u0131lan geni\u015f bir s\u00fclalenin fertlerinden birisinin \u00f6yk\u00fcs\u00fcd\u00fcr. Burada kulland\u0131\u011f\u0131m \u201c<strong>birisi<\/strong>\u201d ifadesi asl\u0131nda anlam olarak \u201c<strong>beni<\/strong>\u201d i\u015faret etse de bu \u00f6yk\u00fc hi\u00e7bir zaman tek ki\u015finin, yani \u201c<strong>benim<\/strong>\u201d \u00f6yk\u00fcm olamayacak kadar geni\u015f, renkli ve zengindir. 1960\u2019larda Erzurum\u2019da ba\u015flayan \u00e7ocukluk ve ard\u0131ndan gelen gen\u00e7lik y\u0131llar\u0131m unutulmaz an\u0131larla doludur. Okuyunca sizin de bana hak verece\u011finizden eminim.<\/p><p>Bir teoriye g\u00f6re insanlar do\u011fduklar\u0131 anda ald\u0131klar\u0131 ilk nefesi, \u00f6m\u00fcrlerinin sonuna kadar i\u00e7lerinde, yani ci\u011ferlerinde ta\u015f\u0131rlarm\u0131\u015f. \u00d6ld\u00fcklerinde a\u011f\u0131zlar\u0131ndan \u00e7\u0131kan son nefes ise do\u011fduklar\u0131 anda ald\u0131klar\u0131 ilk nefes olurmu\u015f. Ben ilk nefesi 1960 y\u0131l\u0131nda Erzurum\u2019da alm\u0131\u015f\u0131m. 1984 y\u0131l\u0131ndan sonra do\u011fdu\u011fum bu \u015fehirden ayr\u0131lm\u0131\u015f olsam da ondan ruhen ve fizik\u00ee olarak kopamayaca\u011f\u0131m\u0131 biliyorum. \u00c7\u00fcnk\u00fc ci\u011ferlerimin bir k\u00f6\u015fesinde duran Erzurum Havas\u0131 beni h\u00e2l\u00e2 hayata ba\u011fl\u0131yor ve ya\u015famam\u0131 sa\u011fl\u0131yor. Bu nedenle okudu\u011funuz sat\u0131rlarda, sayfalarda benim ve bug\u00fcn art\u0131k aram\u0131zda bulunmayan pek \u00e7ok insan\u0131n \u00f6yk\u00fcs\u00fcn\u00fc bulacaks\u0131n\u0131z. Onlar bedenen yok olsalar da an\u0131lar\u0131yla birlikte benim haf\u0131zamda h\u00e2l\u00e2 ya\u015famakta ve muhte\u015fem saltanatlar\u0131n\u0131 s\u00fcrd\u00fcrmekteler. Onlarla ilgili anlatacaklar\u0131m\u0131n d\u00fc\u015f\u00fcnceden yaz\u0131ya ge\u00e7mi\u015f olmas\u0131, benim ve tan\u0131d\u0131\u011f\u0131m insanlar\u0131n sonsuza kadar var olaca\u011f\u0131n\u0131 m\u00fcjdelemektedir\u2026<\/p><p>An\u0131lar\u0131mda ge\u00e7en olaylar, mek\u00e2nlar ve insanlar d\u0131\u015f\u0131nda kalan Erzurum\u2019a ait \u00f6yk\u00fclerin ger\u00e7ekten de okunmaya de\u011fer oldu\u011funu d\u00fc\u015f\u00fcn\u00fcyorum. <strong>\u201cDiyar-\u0131 \u015fehr-i Dada\u015fistan memleket-i Erzurum\u201d<\/strong>un tarihte kalm\u0131\u015f, unutulmu\u015f, de\u011fi\u015fmi\u015f, ba\u015fkala\u015fm\u0131\u015f farkl\u0131 y\u00f6nlerinin haf\u0131zamdaki izlerine tan\u0131k olman\u0131z\u0131 istiyorum. K\u0131sacas\u0131 okuyaca\u011f\u0131n\u0131z bu an\u0131lar\u0131n sat\u0131r aralar\u0131nda, yaln\u0131zca beni de\u011fil, bir yak\u0131n\u0131n\u0131z\u0131, belki de kendinizi bulabilece\u011finizi \u00fcmit ediyorum. Unutulmaz g\u00fcnlerin hat\u0131ras\u0131yla Erzurum\u2019a Selam S\u00f6yl\u00fcyor ve ona olan a\u015fk\u0131m\u0131 sonsuza kadar kalbimde ta\u015f\u0131yaca\u011f\u0131m\u0131 belirtmek istiyorum.<\/p><blockquote><p>(Sipari\u015f vermek i\u00e7in 0532 722 23 94, sisterduman@yahoo.com.tr)<\/p><\/blockquote>\t\t\t\t\t\t<\/div>\n\t\t\t\t<\/div>\n\t\t\t\t<\/div>\n\t\t\t\t<\/div>\n\t\t\t\t<\/div>\n\t\t","protected":false},"excerpt":{"rendered":"<p>Erzurum\u2019a Selam S\u00f6yle Haluk Harun Duman \u0130stanbul: Duyap Medya-Yay\u0131nc\u0131l\u0131k, 2024, 481 s. (An\u0131) ISBN: 978-975-8493-12-8 Stok adedi: 500 Sat\u0131\u015f Fiyat\u0131: 150 TL Bu kitapta okuyacaklar\u0131n\u0131z, k\u00f6kenleri Ah\u0131ska\u2019ya dayanan, sava\u015flar nedeniyle 1828 y\u0131l\u0131nda Anadolu\u2019ya g\u00f6\u00e7 eden ve zaman i\u00e7inde farkl\u0131 co\u011frafyalara da\u011f\u0131lan geni\u015f bir s\u00fclalenin fertlerinden birisinin \u00f6yk\u00fcs\u00fcd\u00fcr. Burada kulland\u0131\u011f\u0131m \u201cbirisi\u201d ifadesi asl\u0131nda anlam olarak \u201cbeni\u201d &hellip;<\/p>\n<p class=\"read-more\"> <a class=\"\" href=\"https:\/\/xn--duyapyaynlar-84be.com\/?page_id=2163\"> <span class=\"screen-reader-text\">Erzurum\u2019a Selam S\u00f6yle<\/span> Devam\u0131 &raquo;<\/a><\/p>\n","protected":false},"author":1,"featured_media":0,"parent":0,"menu_order":0,"comment_status":"closed","ping_status":"closed","template":"","meta":{"om_disable_all_campaigns":false,"_monsterinsights_skip_tracking":false,"_monsterinsights_sitenote_active":false,"_monsterinsights_sitenote_note":"","_monsterinsights_sitenote_category":0,"site-sidebar-layout":"no-sidebar","site-content-layout":"page-builder","ast-site-content-layout":"full-width-container","site-content-style":"default","site-sidebar-style":"default","ast-global-header-display":"","ast-banner-title-visibility":"","ast-main-header-display":"","ast-hfb-above-header-display":"","ast-hfb-below-header-display":"","ast-hfb-mobile-header-display":"","site-post-title":"disabled","ast-breadcrumbs-content":"","ast-featured-img":"disabled","footer-sml-layout":"","theme-transparent-header-meta":"","adv-header-id-meta":"","stick-header-meta":"","header-above-stick-meta":"","header-main-stick-meta":"","header-below-stick-meta":"","astra-migrate-meta-layouts":"","ast-page-background-enabled":"default","ast-page-background-meta":{"desktop":{"background-color":"","background-image":"","background-repeat":"repeat","background-position":"center center","background-size":"auto","background-attachment":"scroll","background-type":"","background-media":"","overlay-type":"","overlay-color":"","overlay-gradient":""},"tablet":{"background-color":"","background-image":"","background-repeat":"repeat","background-position":"center center","background-size":"auto","background-attachment":"scroll","background-type":"","background-media":"","overlay-type":"","overlay-color":"","overlay-gradient":""},"mobile":{"background-color":"","background-image":"","background-repeat":"repeat","background-position":"center center","background-size":"auto","background-attachment":"scroll","background-type":"","background-media":"","overlay-type":"","overlay-color":"","overlay-gradient":""}},"ast-content-background-meta":{"desktop":{"background-color":"var(--ast-global-color-5)","background-image":"","background-repeat":"repeat","background-position":"center center","background-size":"auto","background-attachment":"scroll","background-type":"","background-media":"","overlay-type":"","overlay-color":"","overlay-gradient":""},"tablet":{"background-color":"var(--ast-global-color-5)","background-image":"","background-repeat":"repeat","background-position":"center center","background-size":"auto","background-attachment":"scroll","background-type":"","background-media":"","overlay-type":"","overlay-color":"","overlay-gradient":""},"mobile":{"background-color":"var(--ast-global-color-5)","background-image":"","background-repeat":"repeat","background-position":"center center","background-size":"auto","background-attachment":"scroll","background-type":"","background-media":"","overlay-type":"","overlay-color":"","overlay-gradient":""}},"footnotes":""},"aioseo_notices":[],"_links":{"self":[{"href":"https:\/\/xn--duyapyaynlar-84be.com\/index.php?rest_route=\/wp\/v2\/pages\/2163"}],"collection":[{"href":"https:\/\/xn--duyapyaynlar-84be.com\/index.php?rest_route=\/wp\/v2\/pages"}],"about":[{"href":"https:\/\/xn--duyapyaynlar-84be.com\/index.php?rest_route=\/wp\/v2\/types\/page"}],"author":[{"embeddable":true,"href":"https:\/\/xn--duyapyaynlar-84be.com\/index.php?rest_route=\/wp\/v2\/users\/1"}],"replies":[{"embeddable":true,"href":"https:\/\/xn--duyapyaynlar-84be.com\/index.php?rest_route=%2Fwp%2Fv2%2Fcomments&post=2163"}],"version-history":[{"count":7,"href":"https:\/\/xn--duyapyaynlar-84be.com\/index.php?rest_route=\/wp\/v2\/pages\/2163\/revisions"}],"predecessor-version":[{"id":2196,"href":"https:\/\/xn--duyapyaynlar-84be.com\/index.php?rest_route=\/wp\/v2\/pages\/2163\/revisions\/2196"}],"wp:attachment":[{"href":"https:\/\/xn--duyapyaynlar-84be.com\/index.php?rest_route=%2Fwp%2Fv2%2Fmedia&parent=2163"}],"curies":[{"name":"wp","href":"https:\/\/api.w.org\/{rel}","templated":true}]}}