{"id":2162,"date":"2024-05-21T02:57:12","date_gmt":"2024-05-20T23:57:12","guid":{"rendered":"https:\/\/xn--duyapyaynlar-84be.com\/?page_id=2162"},"modified":"2025-10-15T12:48:18","modified_gmt":"2025-10-15T09:48:18","slug":"karsa-selam-soyle","status":"publish","type":"page","link":"https:\/\/xn--duyapyaynlar-84be.com\/?page_id=2162","title":{"rendered":"Kars\u2019a Selam S\u00f6yle"},"content":{"rendered":"\t\t<div data-elementor-type=\"wp-page\" data-elementor-id=\"2162\" class=\"elementor elementor-2162\">\n\t\t\t\t<div class=\"elementor-element elementor-element-a6fd09b e-flex e-con-boxed e-con e-parent\" data-id=\"a6fd09b\" data-element_type=\"container\" data-settings=\"{&quot;content_width&quot;:&quot;boxed&quot;}\" data-core-v316-plus=\"true\">\n\t\t\t\t\t<div class=\"e-con-inner\">\n\t\t\t\t<div class=\"elementor-element elementor-element-e062c2e elementor-widget elementor-widget-heading\" data-id=\"e062c2e\" data-element_type=\"widget\" data-widget_type=\"heading.default\">\n\t\t\t\t<div class=\"elementor-widget-container\">\n\t\t\t<style>\/*! elementor - v3.19.0 - 28-02-2024 *\/\n.elementor-heading-title{padding:0;margin:0;line-height:1}.elementor-widget-heading .elementor-heading-title[class*=elementor-size-]>a{color:inherit;font-size:inherit;line-height:inherit}.elementor-widget-heading .elementor-heading-title.elementor-size-small{font-size:15px}.elementor-widget-heading .elementor-heading-title.elementor-size-medium{font-size:19px}.elementor-widget-heading .elementor-heading-title.elementor-size-large{font-size:29px}.elementor-widget-heading .elementor-heading-title.elementor-size-xl{font-size:39px}.elementor-widget-heading .elementor-heading-title.elementor-size-xxl{font-size:59px}<\/style><h2 class=\"elementor-heading-title elementor-size-default\">Kars'a Selam S\u00f6yle<\/h2>\t\t<\/div>\n\t\t\t\t<\/div>\n\t\t\t\t\t<\/div>\n\t\t\t\t<\/div>\n\t\t<div class=\"elementor-element elementor-element-7541147 e-con-full e-flex e-con e-parent\" data-id=\"7541147\" data-element_type=\"container\" data-settings=\"{&quot;content_width&quot;:&quot;full&quot;,&quot;background_background&quot;:&quot;classic&quot;}\" data-core-v316-plus=\"true\">\n\t\t<div class=\"elementor-element elementor-element-84969d5 e-con-full e-flex e-con e-child\" data-id=\"84969d5\" data-element_type=\"container\" data-settings=\"{&quot;content_width&quot;:&quot;full&quot;}\">\n\t\t\t\t<div class=\"elementor-element elementor-element-2f9413b elementor-widget elementor-widget-image\" data-id=\"2f9413b\" data-element_type=\"widget\" data-widget_type=\"image.default\">\n\t\t\t\t<div class=\"elementor-widget-container\">\n\t\t\t<style>\/*! elementor - v3.19.0 - 28-02-2024 *\/\n.elementor-widget-image{text-align:center}.elementor-widget-image a{display:inline-block}.elementor-widget-image a img[src$=\".svg\"]{width:48px}.elementor-widget-image img{vertical-align:middle;display:inline-block}<\/style>\t\t\t\t\t\t\t\t\t\t<img fetchpriority=\"high\" decoding=\"async\" width=\"221\" height=\"300\" src=\"https:\/\/xn--duyapyaynlar-84be.com\/wp-content\/uploads\/2024\/05\/KarsaSelamSoyle-221x300.png\" class=\"attachment-medium size-medium wp-image-2156\" alt=\"\" srcset=\"https:\/\/xn--duyapyaynlar-84be.com\/wp-content\/uploads\/2024\/05\/KarsaSelamSoyle-221x300.png 221w, https:\/\/xn--duyapyaynlar-84be.com\/wp-content\/uploads\/2024\/05\/KarsaSelamSoyle.png 556w\" sizes=\"(max-width: 221px) 100vw, 221px\" \/>\t\t\t\t\t\t\t\t\t\t\t\t\t<\/div>\n\t\t\t\t<\/div>\n\t\t\t\t<\/div>\n\t\t<div class=\"elementor-element elementor-element-2cd6e30 e-con-full e-flex e-con e-child\" data-id=\"2cd6e30\" data-element_type=\"container\" data-settings=\"{&quot;content_width&quot;:&quot;full&quot;}\">\n\t\t\t\t<div class=\"elementor-element elementor-element-8c10311 elementor-widget elementor-widget-text-editor\" data-id=\"8c10311\" data-element_type=\"widget\" data-widget_type=\"text-editor.default\">\n\t\t\t\t<div class=\"elementor-widget-container\">\n\t\t\t<style>\/*! elementor - v3.19.0 - 28-02-2024 *\/\n.elementor-widget-text-editor.elementor-drop-cap-view-stacked .elementor-drop-cap{background-color:#69727d;color:#fff}.elementor-widget-text-editor.elementor-drop-cap-view-framed .elementor-drop-cap{color:#69727d;border:3px solid;background-color:transparent}.elementor-widget-text-editor:not(.elementor-drop-cap-view-default) .elementor-drop-cap{margin-top:8px}.elementor-widget-text-editor:not(.elementor-drop-cap-view-default) .elementor-drop-cap-letter{width:1em;height:1em}.elementor-widget-text-editor .elementor-drop-cap{float:left;text-align:center;line-height:1;font-size:50px}.elementor-widget-text-editor .elementor-drop-cap-letter{display:inline-block}<\/style>\t\t\t\t<h5><strong>Haluk Harun Duman<\/strong><\/h5>\n<p><strong><em>Kars&#8217;a Selam S\u00f6yle (An\u0131lar 1960-1985)<\/em><\/strong><\/p>\n<p><span style=\"font-size: 1rem; font-style: inherit; font-weight: 700;\">\u0130stanbul: Duyap Medya-Yay\u0131nc\u0131l\u0131k, 2024,&nbsp;<\/span><span style=\"font-size: 1rem; font-style: inherit; font-weight: 700;\">384 s. (An\u0131)<\/span><\/p>\n<p><span style=\"font-weight: 700; font-size: 1rem;\">ISBN: 978-975-8493-13-5<\/span><strong style=\"font-style: inherit;\">,<\/strong><\/p>\n<p><span style=\"font-weight: 700;\">Stok adedi: 500<\/span><\/p>\n<h6 style=\"font-style: normal;\"><span style=\"color: rgb(117, 117, 117); font-family: Poppins, sans-serif; font-size: 15px; font-style: inherit; font-weight: inherit;\">Okuyaca\u011f\u0131n\u0131z kitap akademisyen-ara\u015ft\u0131rmac\u0131-yazar Harun Duman\u2019\u0131n 1960-1985 y\u0131llara\u0131 aras\u0131nda Kars\u2019ta ge\u00e7en an\u0131lar\u0131n\u0131 konu etmektedir. Kars, T\u00fcrkiye\u2019nin do\u011fusunda yer alan tarihi bir \u015fehirdir. \u00dc\u00e7 kez Ruslar taraf\u0131ndan i\u015fgal edilen Kars, mimarisi, sosyo-k\u00fclt\u00fcrel hayat\u0131 bak\u0131m\u0131ndan Kafkaslar\u0131n \u00f6nemli merkezlerinden biridir. Anadolu ve Trans Kafkasya aras\u0131nda bir k\u00f6pr\u00fc olan \u015fehrin yak\u0131n d\u00f6nem tarihini ki\u015fisel an\u0131lar i\u00e7inde bulmak m\u00fcmk\u00fcnd\u00fcr.<\/span><\/h6>\n<h6 style=\"\"><font color=\"#757575\" face=\"Poppins, sans-serif\"><span style=\"font-size: 15px;\">Yazar\u0131n ailesi 1955 y\u0131l\u0131nda ailem Erzurum\u2019a g\u00f6\u00e7 etmesine ra\u011fmen hemen her y\u0131l Kars\u2019a birka\u00e7 kez gidip uzun s\u00fcre kal\u0131r. \u0130\u015fte bu kitapta \u00e7ocukluktan ba\u015flay\u0131p gen\u00e7lik d\u00f6nemine kadar ge\u00e7en y\u0131llarda haf\u0131zas\u0131nda kalan ve tuttu\u011fu notlardan olu\u015fan an\u0131larla \u015fehri anlatr\u0131r. Yazr eserin \u00f6s\u00f6z\u00fcnde \u015f\u00f6yle demenktedir: \u201c\u00c7ocukluk ve gen\u00e7lik g\u00fcnlerinden kalan Kars\u2019la ilgili an\u0131lar\u0131m bir hayli zengin ve renklidir. Bu an\u0131lar\u0131n kaybolmas\u0131na g\u00f6nl\u00fcm raz\u0131 olmad\u0131 ve kar\u0131nca karar\u0131nca sizlere sunmak istedim. 1960-1985 y\u0131llar\u0131 aras\u0131nda anlatt\u0131klar\u0131m d\u0131\u015f\u0131nda Kars\u2019\u0131n zengin ve engin bir ge\u00e7mi\u015fi oldu\u011fu muhakkakt\u0131r. Ancak benim g\u00f6z\u00fcme \u00e7arpan ve haf\u0131zalar\u0131mda yer edinen Kars\u2019\u0131 sizlerle payla\u015faca\u011f\u0131m.<\/span><\/font><\/h6>\n<h6 style=\"\"><font color=\"#757575\" face=\"Poppins, sans-serif\"><span style=\"font-size: 15px;\">\u00c7ocukluk g\u00fcnlerinde sabah erken saatlerde anneannemlerin Kalei\u00e7in\u2019ndeki evlerinin teras\u0131na \u00e7\u0131k\u0131p Kars\u2019\u0131n g\u00fcne haz\u0131rlanmas\u0131n\u0131 izlemek bamba\u015fka bir zevkti. Toprak daml\u0131 bacalarda t\u00fcten dumanlar, ah\u0131rlardan \u00e7\u0131k\u0131p nah\u0131ra kat\u0131lan ineklerin tela\u015fl\u0131 toplanmalar\u0131, sabah havas\u0131yla insan\u0131n ci\u011ferlerine dolan bol oksijenli temiz k\u0131r havas\u0131, atlar, faytonlar, i\u015flerine gitmeye \u00e7al\u0131\u015fan insanlar\u0131n manzaralar\u0131n\u0131 pastoral bir tablo gibi izlerdim. Sabah\u0131n ilk \u0131\u015f\u0131klar\u0131 ard\u0131ndan g\u00fcne\u015f bu serhat \u015fehrini ayd\u0131nlat\u0131r ve y\u00fczlerce y\u0131ll\u0131k tarihe tan\u0131kl\u0131k eden binalar g\u00fcne merhaba derdi. Benim hemen her g\u00fcn dikkatle i\u00e7ine bakt\u0131\u011f\u0131m en s\u0131ra d\u0131\u015f\u0131 yap\u0131 \u015f\u00fcphesiz ki Kars Kalesi\u2019ydi. \u0130nsanlar\u0131n bu kaleyi nas\u0131l olup da bulundu\u011fu yere yapt\u0131klar\u0131n\u0131 o y\u0131llarda anlayamam\u0131\u015ft\u0131m. Kale \u00e7ok heybetli yap\u0131s\u0131 ve muazzam mimarisiyle \u00e7ocuk havsalamda apayr\u0131 bir yer edinmi\u015fti. Y\u0131llar sonra ne zaman Kars Kalesi\u2019ne ait bir resim, foto\u011fraf ve imge g\u00f6rsem \u00e7ocukluk g\u00fcnlerime gider ve o g\u00fczel g\u00fcnleri hayal ederim.<\/span><\/font><\/h6>\n<h6 style=\"\"><font color=\"#757575\" face=\"Poppins, sans-serif\"><span style=\"font-size: 15px;\">Kars\u2019\u0131n Arnavut kald\u0131r\u0131ml\u0131 yollar\u0131, faytonlara ko\u015fulu atlar\u0131n bu ta\u015flar \u00fczerinde \u00e7\u0131kard\u0131klar\u0131 nal sesleri son derece etkileyiciydi. Birbirini kesen geni\u015f ve bak\u0131ml\u0131 caddeler, bu caddelerin sa\u011f\u0131na ve soluna yap\u0131lm\u0131\u015f tarih\u00ee binalar Erzurum\u2019dan \u00e7ok farkl\u0131yd\u0131.&nbsp;<\/span><\/font><\/h6>\n<h6 style=\"\"><font color=\"#757575\" face=\"Poppins, sans-serif\"><span style=\"font-size: 15px;\">Bu farkl\u0131l\u0131k yaln\u0131zca mimaride de\u011fil, insan manzaras\u0131yla da kendini belli ediyordu. Farkl\u0131 giysiler giyen ve farkl\u0131 bir T\u00fcrk\u00e7e ile konu\u015fan insanlar bende her zaman merak uyand\u0131r\u0131yor, yak\u0131n\u0131mdakilere \u201cBunlar kim?\u201d diye sormama sebep oluyordu. \u015eehir; Acem, Karapapak, Terekeme, \u00c7erkez, K\u00fcrt, Azerbaycanl\u0131, Alevi, Malakan, Rus ve Yerli vs. gibi bug\u00fcn bile anlayamad\u0131\u011f\u0131m bir insan mozai\u011fine sahipti. Bunlar son derece g\u00f6receli ve ge\u00e7mi\u015ften gelen ayr\u0131mlard\u0131. Ancak herkes birbirini tan\u0131yor, hangi gruba mensup oldu\u011funu biliyor ve karde\u015f\u00e7e ya\u015f\u0131yorlard\u0131\u2026&nbsp;<\/span><\/font><\/h6>\n<h6 style=\"\"><font color=\"#757575\" face=\"Poppins, sans-serif\"><span style=\"font-size: 15px;\">Bizim aile \u201cyerli\u201d diye tabir edilen gruptand\u0131. Aile i\u00e7i ili\u015fkiler ve akrabalar aras\u0131ndaki yak\u0131nl\u0131k muazzam denecek derecedeydi. \u00c7ok say\u0131da hala, day\u0131, teyze, ye\u011fen vs. ile k\u00fc\u00e7\u00fck bir klan gibiydik. Bu klan\u0131n ba\u015f\u0131 o y\u0131llarda 70\u2019li ya\u015flarda olan s\u00fctninem Azize (Ezze) Duman\u2019d\u0131. O ya\u015f\u0131na ra\u011fmen sa\u011fl\u0131\u011f\u0131 yerinde, akl\u0131 ba\u015f\u0131nda, \u00e7ok bilgili ve sevecen bir insand\u0131. Biz torunlar\u0131n\u0131 ay\u0131rt etmeden samimi bir \u015fekilde candan severdi. Rus\u00e7a, Ermenice bilir ve bu dillerde bizim anlamad\u0131\u011f\u0131m\u0131z \u015fekilde hitap ederdi. Day\u0131lar\u0131m, teyzelerim, halalar\u0131m ve onlar\u0131n \u00e7ocuklar\u0131 ile bir arada olmak \u00e2deta bayram havas\u0131 i\u00e7inde ya\u015famak gibi bir \u015feydi. Samimiyet ve g\u00fcven o kadar fazlayd\u0131 ki ruhunuz bu co\u015fkulu sevgiyle besleniyor ve hayat\u0131 dolu dolu ya\u015f\u0131yordunuz.&nbsp;<\/span><\/font><\/h6>\n<h6 style=\"\"><font color=\"#757575\" face=\"Poppins, sans-serif\"><span style=\"font-size: 15px;\">Okumakta oldu\u011funuz an\u0131lar be\u015f b\u00f6l\u00fcmden olu\u015fmaktad\u0131r. \u0130lk b\u00f6l\u00fcmde aile ge\u00e7mi\u015fim ve ailemin Kars\u2019ta ya\u015fad\u0131\u011f\u0131 y\u0131llar anlat\u0131lmaktad\u0131r. Ah\u0131ska\u2019dan yola \u00e7\u0131kan aile bireylerinin Kars\u2019a geli\u015fi ve burada kurduklar\u0131 hayata yer verilmektedir.&nbsp;<\/span><\/font><\/h6>\n<h6 style=\"\"><font color=\"#757575\" face=\"Poppins, sans-serif\"><span style=\"font-size: 15px;\">\u0130kinci b\u00f6l\u00fcmde ailemin 1955 y\u0131l\u0131nda Kars\u2019tan ayr\u0131l\u0131p Erzurum\u2019a geli\u015f \u00f6yk\u00fcleri anlat\u0131lmaktad\u0131r. Babam\u0131n kuyumculuk i\u015fini b\u0131rak\u0131p annem ve iki k\u00fc\u00e7\u00fck \u00e7ocu\u011funu alarak Erzurum\u2019a ta\u015f\u0131nmas\u0131, benim do\u011fu\u015fum ve \u00e7ocukluk g\u00fcnlerim bu b\u00f6l\u00fcmde ele al\u0131nmaktad\u0131r. \u00c7ekirdek aile olarak Erzurum\u2019a ta\u015f\u0131nsak bile ailenin kalabal\u0131k ya\u015fad\u0131\u011f\u0131 Kars\u2019tan hi\u00e7bir zaman kopmak m\u00fcmk\u00fcn olmad\u0131. Bu nedenle \u00e7ocukluk d\u00f6neminden ba\u015flay\u0131p gen\u00e7lik y\u0131llar\u0131ma kadar y\u0131lda birka\u00e7 kez gitti\u011fimiz ve uzun s\u00fcre kald\u0131\u011f\u0131m\u0131z Kars\u2019ta ya\u015fad\u0131klar\u0131m \u00fc\u00e7\u00fcnc\u00fc b\u00f6l\u00fcmde anlat\u0131ld\u0131.&nbsp;<\/span><\/font><\/h6>\n<h6 style=\"\"><font color=\"#757575\" face=\"Poppins, sans-serif\"><span style=\"font-size: 15px;\">1970-1984 y\u0131llar\u0131 aras\u0131 yaln\u0131z Kars ve Erzurum i\u00e7in de\u011fil, b\u00fct\u00fcn T\u00fcrkiye i\u00e7in kaos y\u0131llar\u0131 oldu. Bu zor zamanlara ait tespit ve de\u011ferlendirmelerim kitab\u0131n d\u00f6rd\u00fcnc\u00fc b\u00f6l\u00fcm\u00fcn\u00fc olu\u015fturmaktad\u0131r. Ak\u0131lda kalan ilgin\u00e7 an\u0131lar, bir daha ya\u015fanmas\u0131n\u0131 asla istemedi\u011fim kaotik y\u0131llar bu b\u00f6l\u00fcmde verilmektedir.&nbsp;<\/span><\/font><\/h6>\n<h6 style=\"\"><font color=\"#757575\" face=\"Poppins, sans-serif\"><span style=\"font-size: 15px;\">Be\u015finci ve son b\u00f6l\u00fcm\u00fc aile \u00e7evrem ve unutamad\u0131\u011f\u0131m insanlara ay\u0131rd\u0131m. \u00d6yle renkli, \u00f6yle ne\u015feli ve \u00f6yle ilgin\u00e7 insanlar tan\u0131d\u0131m ki bunlarla sizleri tan\u0131\u015ft\u0131rmasam olmazd\u0131. \u00dclkemiz yaln\u0131zca do\u011fa, k\u00fclt\u00fcr ve tarih zengini de\u011fil ayn\u0131 zamanda insan zengini bir \u00fclke. Bu insan zenginli\u011fini maalesef g\u00f6z ard\u0131 eden ve de\u011ferlendirmesini bilmeyen bir ulusun \u00e7ocuklar\u0131y\u0131z. Do\u011fam\u0131za, k\u00fclt\u00fcr\u00fcm\u00fcze, tarihimize sahip \u00e7\u0131kamad\u0131\u011f\u0131m\u0131z gibi insan\u0131m\u0131za da sahip \u00e7\u0131kmas\u0131n\u0131 bilmiyoruz. Oysa bu insanlarla ilgili foto\u011fraflar, an\u0131lar, d\u00fcnden bug\u00fcne ve gelece\u011fe kalan de\u011ferler kaybolmamas\u0131 gereken soyut k\u00fclt\u00fcr unsurlar\u0131d\u0131r. Bunlardan belli bir k\u0131sm\u0131n\u0131 benim vas\u0131tamla tan\u0131yacak ve siz de bana hak vereceksiniz.&nbsp;<\/span><\/font><\/h6>\n<h6 style=\"\"><font color=\"#757575\" face=\"Poppins, sans-serif\"><span style=\"font-size: 15px;\">Ayr\u0131ca bu b\u00f6l\u00fcmde okuyaca\u011f\u0131n\u0131z Karsl\u0131 F\u0131kralar\u0131 sizleri g\u00fcld\u00fcrecek ve bamba\u015fka bir aleme g\u00f6t\u00fcrecektir. Kars insan\u0131n\u0131n g\u00fczelli\u011fini, safl\u0131\u011f\u0131n\u0131 ve \u00e7e\u015fitlili\u011fini yans\u0131tan bu f\u0131kralar bize b\u00f6lge insan\u0131n\u0131n mizah zekas\u0131n\u0131n ne kadar parlak oldu\u011funu g\u00f6stermektedir. Ho\u015fg\u00f6r\u00fc ve espiri Karsl\u0131lar\u0131n en karekteristik \u00f6zellikleri olarak kar\u015f\u0131m\u0131za \u00e7\u0131kmaktad\u0131r\u2026&nbsp;<\/span><\/font><\/h6>\n<h6 style=\"\"><font color=\"#757575\" face=\"Poppins, sans-serif\"><span style=\"font-size: 15px;\">Erzurum\u2019da do\u011fup b\u00fcy\u00fcmeme ra\u011fmen Kars\u2019\u0131 hi\u00e7bir zaman unutamad\u0131m. Annemin, babam\u0131n ve dedelerimin \u015fehri yaln\u0131z \u00fclkenin de\u011fil, benim g\u00f6nl\u00fcm\u00fcn de serhat \u015fehri oldu. Bu an\u0131lar\u0131n Kars\u2019\u0131n art\u0131k \u00e7oktan kaybolmu\u015f, karanl\u0131kta kalm\u0131\u015f ve unutulmu\u015f zamanlar\u0131na tutulan bir fener olmas\u0131n\u0131 diliyorum.\u201d Kitap \u015fu b\u00f6l\u00fcmlerden olu\u015fmaktad\u0131r: \u00d6ns\u00f6z, I. B\u00d6L\u00dcM: Aile Ge\u00e7mi\u015fim ve Kars Y\u0131llar\u0131, II. B\u00d6L\u00dcM: Kars\u2019tan Ayr\u0131l\u0131\u015f, III. B\u00d6L\u00dcM: Kars\u2019taki G\u00fcnlerim, IV. B\u00d6L\u00dcM: Tarihin Penceresinden Olaylar ve \u0130nsanlar, V. B\u00d6L\u00dcM: Aile \u00c7evrem ve Unutamad\u0131\u011f\u0131m \u0130nsanlar: A. Kars\u2019taki Akrabalar\u0131m, B. Erzurum\u2019daki Karsl\u0131 Akrabalar\u0131m, C. Abilerim-Arkada\u015flar\u0131m, D. Karsl\u0131 F\u0131kralar\u0131ndan Bir Demet, SONU\u00c7 YER\u0130NE, EKLER, KAYNAKLAR. \u00c7ok say\u0131da foto\u011fraf i\u00e7eren \u00e7al\u0131\u015fma yak\u0131n d\u00f6nem Kars ve Do\u011fu Anadolu tarihi a\u00e7\u0131s\u0131ndan olduk\u00e7a \u00f6nemlidir.<\/span><\/font><\/h6>\n<p><span style=\"background-color: rgb(169, 203, 43); color: black; font-size: 16.5px; font-style: inherit; font-weight: inherit;\">(Sipari\u015f vermek i\u00e7in 0532 722 23 94, sisterduman@yahoo.com.tr)<\/span><\/p>\t\t\t\t\t\t<\/div>\n\t\t\t\t<\/div>\n\t\t\t\t<\/div>\n\t\t\t\t<\/div>\n\t\t\t\t<\/div>\n\t\t","protected":false},"excerpt":{"rendered":"<p>Kars&#8217;a Selam S\u00f6yle Haluk Harun Duman Kars&#8217;a Selam S\u00f6yle (An\u0131lar 1960-1985) \u0130stanbul: Duyap Medya-Yay\u0131nc\u0131l\u0131k, 2024,&nbsp;384 s. (An\u0131) ISBN: 978-975-8493-13-5, Stok adedi: 500 Okuyaca\u011f\u0131n\u0131z kitap akademisyen-ara\u015ft\u0131rmac\u0131-yazar Harun Duman\u2019\u0131n 1960-1985 y\u0131llara\u0131 aras\u0131nda Kars\u2019ta ge\u00e7en an\u0131lar\u0131n\u0131 konu etmektedir. Kars, T\u00fcrkiye\u2019nin do\u011fusunda yer alan tarihi bir \u015fehirdir. \u00dc\u00e7 kez Ruslar taraf\u0131ndan i\u015fgal edilen Kars, mimarisi, sosyo-k\u00fclt\u00fcrel hayat\u0131 bak\u0131m\u0131ndan Kafkaslar\u0131n &hellip;<\/p>\n<p class=\"read-more\"> <a class=\"\" href=\"https:\/\/xn--duyapyaynlar-84be.com\/?page_id=2162\"> <span class=\"screen-reader-text\">Kars\u2019a Selam S\u00f6yle<\/span> Devam\u0131 &raquo;<\/a><\/p>\n","protected":false},"author":1,"featured_media":0,"parent":0,"menu_order":0,"comment_status":"closed","ping_status":"closed","template":"","meta":{"om_disable_all_campaigns":false,"_monsterinsights_skip_tracking":false,"_monsterinsights_sitenote_active":false,"_monsterinsights_sitenote_note":"","_monsterinsights_sitenote_category":0,"site-sidebar-layout":"no-sidebar","site-content-layout":"page-builder","ast-site-content-layout":"full-width-container","site-content-style":"default","site-sidebar-style":"default","ast-global-header-display":"","ast-banner-title-visibility":"","ast-main-header-display":"","ast-hfb-above-header-display":"","ast-hfb-below-header-display":"","ast-hfb-mobile-header-display":"","site-post-title":"disabled","ast-breadcrumbs-content":"","ast-featured-img":"disabled","footer-sml-layout":"","theme-transparent-header-meta":"","adv-header-id-meta":"","stick-header-meta":"","header-above-stick-meta":"","header-main-stick-meta":"","header-below-stick-meta":"","astra-migrate-meta-layouts":"","ast-page-background-enabled":"default","ast-page-background-meta":{"desktop":{"background-color":"","background-image":"","background-repeat":"repeat","background-position":"center center","background-size":"auto","background-attachment":"scroll","background-type":"","background-media":"","overlay-type":"","overlay-color":"","overlay-gradient":""},"tablet":{"background-color":"","background-image":"","background-repeat":"repeat","background-position":"center center","background-size":"auto","background-attachment":"scroll","background-type":"","background-media":"","overlay-type":"","overlay-color":"","overlay-gradient":""},"mobile":{"background-color":"","background-image":"","background-repeat":"repeat","background-position":"center center","background-size":"auto","background-attachment":"scroll","background-type":"","background-media":"","overlay-type":"","overlay-color":"","overlay-gradient":""}},"ast-content-background-meta":{"desktop":{"background-color":"var(--ast-global-color-5)","background-image":"","background-repeat":"repeat","background-position":"center center","background-size":"auto","background-attachment":"scroll","background-type":"","background-media":"","overlay-type":"","overlay-color":"","overlay-gradient":""},"tablet":{"background-color":"var(--ast-global-color-5)","background-image":"","background-repeat":"repeat","background-position":"center center","background-size":"auto","background-attachment":"scroll","background-type":"","background-media":"","overlay-type":"","overlay-color":"","overlay-gradient":""},"mobile":{"background-color":"var(--ast-global-color-5)","background-image":"","background-repeat":"repeat","background-position":"center center","background-size":"auto","background-attachment":"scroll","background-type":"","background-media":"","overlay-type":"","overlay-color":"","overlay-gradient":""}},"footnotes":""},"aioseo_notices":[],"_links":{"self":[{"href":"https:\/\/xn--duyapyaynlar-84be.com\/index.php?rest_route=\/wp\/v2\/pages\/2162"}],"collection":[{"href":"https:\/\/xn--duyapyaynlar-84be.com\/index.php?rest_route=\/wp\/v2\/pages"}],"about":[{"href":"https:\/\/xn--duyapyaynlar-84be.com\/index.php?rest_route=\/wp\/v2\/types\/page"}],"author":[{"embeddable":true,"href":"https:\/\/xn--duyapyaynlar-84be.com\/index.php?rest_route=\/wp\/v2\/users\/1"}],"replies":[{"embeddable":true,"href":"https:\/\/xn--duyapyaynlar-84be.com\/index.php?rest_route=%2Fwp%2Fv2%2Fcomments&post=2162"}],"version-history":[{"count":22,"href":"https:\/\/xn--duyapyaynlar-84be.com\/index.php?rest_route=\/wp\/v2\/pages\/2162\/revisions"}],"predecessor-version":[{"id":2360,"href":"https:\/\/xn--duyapyaynlar-84be.com\/index.php?rest_route=\/wp\/v2\/pages\/2162\/revisions\/2360"}],"wp:attachment":[{"href":"https:\/\/xn--duyapyaynlar-84be.com\/index.php?rest_route=%2Fwp%2Fv2%2Fmedia&parent=2162"}],"curies":[{"name":"wp","href":"https:\/\/api.w.org\/{rel}","templated":true}]}}