{"id":2102,"date":"2024-03-06T14:40:17","date_gmt":"2024-03-06T11:40:17","guid":{"rendered":"https:\/\/xn--duyapyaynlar-84be.com\/?page_id=2102"},"modified":"2024-03-06T14:49:13","modified_gmt":"2024-03-06T11:49:13","slug":"sahnelerden-siniflara-prof-dr-rikap-yucenin-anilari","status":"publish","type":"page","link":"https:\/\/xn--duyapyaynlar-84be.com\/?page_id=2102","title":{"rendered":"Sahnelerden S\u0131n\u0131flara Prof. Dr. Rikap Y\u00fcce\u2019nin An\u0131lar\u0131"},"content":{"rendered":"\t\t<div data-elementor-type=\"wp-page\" data-elementor-id=\"2102\" class=\"elementor elementor-2102\">\n\t\t\t\t<div class=\"elementor-element elementor-element-c61f160 e-flex e-con-boxed e-con e-parent\" data-id=\"c61f160\" data-element_type=\"container\" data-settings=\"{&quot;content_width&quot;:&quot;boxed&quot;}\" data-core-v316-plus=\"true\">\n\t\t\t\t\t<div class=\"e-con-inner\">\n\t\t\t\t<div class=\"elementor-element elementor-element-6af8919 elementor-widget elementor-widget-heading\" data-id=\"6af8919\" data-element_type=\"widget\" data-widget_type=\"heading.default\">\n\t\t\t\t<div class=\"elementor-widget-container\">\n\t\t\t<style>\/*! elementor - v3.19.0 - 28-02-2024 *\/\n.elementor-heading-title{padding:0;margin:0;line-height:1}.elementor-widget-heading .elementor-heading-title[class*=elementor-size-]>a{color:inherit;font-size:inherit;line-height:inherit}.elementor-widget-heading .elementor-heading-title.elementor-size-small{font-size:15px}.elementor-widget-heading .elementor-heading-title.elementor-size-medium{font-size:19px}.elementor-widget-heading .elementor-heading-title.elementor-size-large{font-size:29px}.elementor-widget-heading .elementor-heading-title.elementor-size-xl{font-size:39px}.elementor-widget-heading .elementor-heading-title.elementor-size-xxl{font-size:59px}<\/style><h2 class=\"elementor-heading-title elementor-size-default\">Sahnelerden S\u0131n\u0131flara Prof. Dr. Rikap Y\u00fcce\u2019nin An\u0131lar\u0131\n<\/h2>\t\t<\/div>\n\t\t\t\t<\/div>\n\t\t\t\t\t<\/div>\n\t\t\t\t<\/div>\n\t\t<div class=\"elementor-element elementor-element-e29989e e-con-full e-flex e-con e-parent\" data-id=\"e29989e\" data-element_type=\"container\" data-settings=\"{&quot;content_width&quot;:&quot;full&quot;,&quot;background_background&quot;:&quot;classic&quot;}\" data-core-v316-plus=\"true\">\n\t\t<div class=\"elementor-element elementor-element-6c5d183 e-con-full e-flex e-con e-child\" data-id=\"6c5d183\" data-element_type=\"container\" data-settings=\"{&quot;content_width&quot;:&quot;full&quot;}\">\n\t\t\t\t<div class=\"elementor-element elementor-element-10e6a93 elementor-widget elementor-widget-image\" data-id=\"10e6a93\" data-element_type=\"widget\" data-widget_type=\"image.default\">\n\t\t\t\t<div class=\"elementor-widget-container\">\n\t\t\t<style>\/*! elementor - v3.19.0 - 28-02-2024 *\/\n.elementor-widget-image{text-align:center}.elementor-widget-image a{display:inline-block}.elementor-widget-image a img[src$=\".svg\"]{width:48px}.elementor-widget-image img{vertical-align:middle;display:inline-block}<\/style>\t\t\t\t\t\t\t\t\t\t<img fetchpriority=\"high\" decoding=\"async\" width=\"207\" height=\"300\" src=\"https:\/\/xn--duyapyaynlar-84be.com\/wp-content\/uploads\/2024\/03\/Picture10-207x300.png\" class=\"attachment-medium size-medium wp-image-2108\" alt=\"\" srcset=\"https:\/\/xn--duyapyaynlar-84be.com\/wp-content\/uploads\/2024\/03\/Picture10-207x300.png 207w, https:\/\/xn--duyapyaynlar-84be.com\/wp-content\/uploads\/2024\/03\/Picture10.png 325w\" sizes=\"(max-width: 207px) 100vw, 207px\" \/>\t\t\t\t\t\t\t\t\t\t\t\t\t<\/div>\n\t\t\t\t<\/div>\n\t\t\t\t<\/div>\n\t\t<div class=\"elementor-element elementor-element-bdc4578 e-con-full e-flex e-con e-child\" data-id=\"bdc4578\" data-element_type=\"container\" data-settings=\"{&quot;content_width&quot;:&quot;full&quot;}\">\n\t\t\t\t<div class=\"elementor-element elementor-element-60b2c59 elementor-widget elementor-widget-text-editor\" data-id=\"60b2c59\" data-element_type=\"widget\" data-widget_type=\"text-editor.default\">\n\t\t\t\t<div class=\"elementor-widget-container\">\n\t\t\t<style>\/*! elementor - v3.19.0 - 28-02-2024 *\/\n.elementor-widget-text-editor.elementor-drop-cap-view-stacked .elementor-drop-cap{background-color:#69727d;color:#fff}.elementor-widget-text-editor.elementor-drop-cap-view-framed .elementor-drop-cap{color:#69727d;border:3px solid;background-color:transparent}.elementor-widget-text-editor:not(.elementor-drop-cap-view-default) .elementor-drop-cap{margin-top:8px}.elementor-widget-text-editor:not(.elementor-drop-cap-view-default) .elementor-drop-cap-letter{width:1em;height:1em}.elementor-widget-text-editor .elementor-drop-cap{float:left;text-align:center;line-height:1;font-size:50px}.elementor-widget-text-editor .elementor-drop-cap-letter{display:inline-block}<\/style>\t\t\t\t<h4><strong><span style=\"font-style: inherit; text-align: var(--text-align); background-color: var(--ast-global-color-4); color: var(--ast-global-color-3);\">Hal\u00fbk Harun Duman<\/span><\/strong><\/h4><p>\u0130stanbul: Duyap Medya-Yay\u0131nc\u0131l\u0131k, 2016, 246 s. (An\u0131).<\/p><p>Gen\u00e7lik y\u0131llar\u0131nda akordionist olarak sahnelerde uzun y\u0131llar \u00e7al\u0131\u015fan ve profesyonel anlamda m\u00fczikle ilgilenen Rikap Y\u00fcce, \u0130stanbul \u00dcniversitesi Biyoloji B\u00f6l\u00fcm\u00fc&#8217;nden mezun olur. Bal\u0131k\u00e7\u0131l\u0131k alan\u0131nda doktora yapan Rikap Y\u00fcce akademik hayat at\u0131l\u0131r ve emekli oluncaya kadar Marmara \u00dcniversitesi&#8217;nde \u00e7al\u0131\u015f\u0131r. Son derece renkli bir hayat\u0131 tan\u0131mak i\u00e7in bu kitab\u0131 mutlaka okumal\u0131s\u0131n\u0131z. Kitapta \u0130stanbul\u2019un \u00f6zellikle de Balat semtinin dillere destan \u00f6yk\u00fcs\u00fc ve 1955 y\u0131l\u0131nda ya\u015fanan m\u00fcessif 6-7 Eyl\u00fcl \u00f6ncesi ves onras\u0131n\u0131 canl\u0131 bir tan\u0131\u011f\u0131n g\u00f6z\u00fcnden g\u00f6rebilirsiniz. D\u00fc\u011f\u00fcn salonlar\u0131, gazinolar, tavernalar vs. gibi e\u011flence yerlerinde \u00e7alan m\u00fczik t\u00fcrlerini \u00f6\u011frenebilirsiniz. \u0130lerleyen d\u00f6nemlerde \u00fcniversiteye ge\u00e7en ve bi akademisyen olan Rikap Y\u00fcce\u2019nin akademik d\u00fcnya ile m\u00fczik aras\u0131nda yapmak zorunda kald\u0131\u011f\u0131 se\u00e7imin \u00f6yk\u00fcs\u00fcn\u00fc okuyabilirsiniz.<\/p><blockquote><p>(Sipari\u015f vermek i\u00e7in 0532 722 23 94, sisterduman@yahoo.com.tr)<\/p><\/blockquote>\t\t\t\t\t\t<\/div>\n\t\t\t\t<\/div>\n\t\t\t\t<\/div>\n\t\t\t\t<\/div>\n\t\t\t\t<\/div>\n\t\t","protected":false},"excerpt":{"rendered":"<p>Sahnelerden S\u0131n\u0131flara Prof. Dr. Rikap Y\u00fcce\u2019nin An\u0131lar\u0131 Hal\u00fbk Harun Duman \u0130stanbul: Duyap Medya-Yay\u0131nc\u0131l\u0131k, 2016, 246 s. (An\u0131). Gen\u00e7lik y\u0131llar\u0131nda akordionist olarak sahnelerde uzun y\u0131llar \u00e7al\u0131\u015fan ve profesyonel anlamda m\u00fczikle ilgilenen Rikap Y\u00fcce, \u0130stanbul \u00dcniversitesi Biyoloji B\u00f6l\u00fcm\u00fc&#8217;nden mezun olur. Bal\u0131k\u00e7\u0131l\u0131k alan\u0131nda doktora yapan Rikap Y\u00fcce akademik hayat at\u0131l\u0131r ve emekli oluncaya kadar Marmara \u00dcniversitesi&#8217;nde \u00e7al\u0131\u015f\u0131r. Son &hellip;<\/p>\n<p class=\"read-more\"> <a class=\"\" href=\"https:\/\/xn--duyapyaynlar-84be.com\/?page_id=2102\"> <span class=\"screen-reader-text\">Sahnelerden S\u0131n\u0131flara Prof. Dr. Rikap Y\u00fcce\u2019nin An\u0131lar\u0131<\/span> Devam\u0131 &raquo;<\/a><\/p>\n","protected":false},"author":1,"featured_media":0,"parent":0,"menu_order":0,"comment_status":"closed","ping_status":"closed","template":"","meta":{"om_disable_all_campaigns":false,"_monsterinsights_skip_tracking":false,"_monsterinsights_sitenote_active":false,"_monsterinsights_sitenote_note":"","_monsterinsights_sitenote_category":0,"site-sidebar-layout":"no-sidebar","site-content-layout":"page-builder","ast-site-content-layout":"full-width-container","site-content-style":"default","site-sidebar-style":"default","ast-global-header-display":"","ast-banner-title-visibility":"","ast-main-header-display":"","ast-hfb-above-header-display":"","ast-hfb-below-header-display":"","ast-hfb-mobile-header-display":"","site-post-title":"disabled","ast-breadcrumbs-content":"","ast-featured-img":"disabled","footer-sml-layout":"","theme-transparent-header-meta":"","adv-header-id-meta":"","stick-header-meta":"","header-above-stick-meta":"","header-main-stick-meta":"","header-below-stick-meta":"","astra-migrate-meta-layouts":"","ast-page-background-enabled":"default","ast-page-background-meta":{"desktop":{"background-color":"","background-image":"","background-repeat":"repeat","background-position":"center center","background-size":"auto","background-attachment":"scroll","background-type":"","background-media":"","overlay-type":"","overlay-color":"","overlay-gradient":""},"tablet":{"background-color":"","background-image":"","background-repeat":"repeat","background-position":"center center","background-size":"auto","background-attachment":"scroll","background-type":"","background-media":"","overlay-type":"","overlay-color":"","overlay-gradient":""},"mobile":{"background-color":"","background-image":"","background-repeat":"repeat","background-position":"center center","background-size":"auto","background-attachment":"scroll","background-type":"","background-media":"","overlay-type":"","overlay-color":"","overlay-gradient":""}},"ast-content-background-meta":{"desktop":{"background-color":"var(--ast-global-color-5)","background-image":"","background-repeat":"repeat","background-position":"center center","background-size":"auto","background-attachment":"scroll","background-type":"","background-media":"","overlay-type":"","overlay-color":"","overlay-gradient":""},"tablet":{"background-color":"var(--ast-global-color-5)","background-image":"","background-repeat":"repeat","background-position":"center center","background-size":"auto","background-attachment":"scroll","background-type":"","background-media":"","overlay-type":"","overlay-color":"","overlay-gradient":""},"mobile":{"background-color":"var(--ast-global-color-5)","background-image":"","background-repeat":"repeat","background-position":"center center","background-size":"auto","background-attachment":"scroll","background-type":"","background-media":"","overlay-type":"","overlay-color":"","overlay-gradient":""}},"footnotes":""},"aioseo_notices":[],"_links":{"self":[{"href":"https:\/\/xn--duyapyaynlar-84be.com\/index.php?rest_route=\/wp\/v2\/pages\/2102"}],"collection":[{"href":"https:\/\/xn--duyapyaynlar-84be.com\/index.php?rest_route=\/wp\/v2\/pages"}],"about":[{"href":"https:\/\/xn--duyapyaynlar-84be.com\/index.php?rest_route=\/wp\/v2\/types\/page"}],"author":[{"embeddable":true,"href":"https:\/\/xn--duyapyaynlar-84be.com\/index.php?rest_route=\/wp\/v2\/users\/1"}],"replies":[{"embeddable":true,"href":"https:\/\/xn--duyapyaynlar-84be.com\/index.php?rest_route=%2Fwp%2Fv2%2Fcomments&post=2102"}],"version-history":[{"count":7,"href":"https:\/\/xn--duyapyaynlar-84be.com\/index.php?rest_route=\/wp\/v2\/pages\/2102\/revisions"}],"predecessor-version":[{"id":2119,"href":"https:\/\/xn--duyapyaynlar-84be.com\/index.php?rest_route=\/wp\/v2\/pages\/2102\/revisions\/2119"}],"wp:attachment":[{"href":"https:\/\/xn--duyapyaynlar-84be.com\/index.php?rest_route=%2Fwp%2Fv2%2Fmedia&parent=2102"}],"curies":[{"name":"wp","href":"https:\/\/api.w.org\/{rel}","templated":true}]}}