{"id":2100,"date":"2024-03-06T14:40:17","date_gmt":"2024-03-06T11:40:17","guid":{"rendered":"https:\/\/xn--duyapyaynlar-84be.com\/?page_id=2100"},"modified":"2024-03-06T14:49:30","modified_gmt":"2024-03-06T11:49:30","slug":"turk-savas-edebiyati","status":"publish","type":"page","link":"https:\/\/xn--duyapyaynlar-84be.com\/?page_id=2100","title":{"rendered":"T\u00fcrk Sava\u015f Edebiyat\u0131"},"content":{"rendered":"\t\t<div data-elementor-type=\"wp-page\" data-elementor-id=\"2100\" class=\"elementor elementor-2100\">\n\t\t\t\t<div class=\"elementor-element elementor-element-2b0c644 e-flex e-con-boxed e-con e-parent\" data-id=\"2b0c644\" data-element_type=\"container\" data-settings=\"{&quot;content_width&quot;:&quot;boxed&quot;}\" data-core-v316-plus=\"true\">\n\t\t\t\t\t<div class=\"e-con-inner\">\n\t\t\t\t<div class=\"elementor-element elementor-element-65332f2 elementor-widget elementor-widget-heading\" data-id=\"65332f2\" data-element_type=\"widget\" data-widget_type=\"heading.default\">\n\t\t\t\t<div class=\"elementor-widget-container\">\n\t\t\t<style>\/*! elementor - v3.19.0 - 28-02-2024 *\/\n.elementor-heading-title{padding:0;margin:0;line-height:1}.elementor-widget-heading .elementor-heading-title[class*=elementor-size-]>a{color:inherit;font-size:inherit;line-height:inherit}.elementor-widget-heading .elementor-heading-title.elementor-size-small{font-size:15px}.elementor-widget-heading .elementor-heading-title.elementor-size-medium{font-size:19px}.elementor-widget-heading .elementor-heading-title.elementor-size-large{font-size:29px}.elementor-widget-heading .elementor-heading-title.elementor-size-xl{font-size:39px}.elementor-widget-heading .elementor-heading-title.elementor-size-xxl{font-size:59px}<\/style><h2 class=\"elementor-heading-title elementor-size-default\">T\u00fcrk Sava\u015f Edebiyat\u0131\n<\/h2>\t\t<\/div>\n\t\t\t\t<\/div>\n\t\t\t\t\t<\/div>\n\t\t\t\t<\/div>\n\t\t<div class=\"elementor-element elementor-element-f3343c3 e-con-full e-flex e-con e-parent\" data-id=\"f3343c3\" data-element_type=\"container\" data-settings=\"{&quot;content_width&quot;:&quot;full&quot;,&quot;background_background&quot;:&quot;classic&quot;}\" data-core-v316-plus=\"true\">\n\t\t<div class=\"elementor-element elementor-element-618a8f0 e-con-full e-flex e-con e-child\" data-id=\"618a8f0\" data-element_type=\"container\" data-settings=\"{&quot;content_width&quot;:&quot;full&quot;}\">\n\t\t\t\t<div class=\"elementor-element elementor-element-1c086d1 elementor-widget elementor-widget-image\" data-id=\"1c086d1\" data-element_type=\"widget\" data-widget_type=\"image.default\">\n\t\t\t\t<div class=\"elementor-widget-container\">\n\t\t\t<style>\/*! elementor - v3.19.0 - 28-02-2024 *\/\n.elementor-widget-image{text-align:center}.elementor-widget-image a{display:inline-block}.elementor-widget-image a img[src$=\".svg\"]{width:48px}.elementor-widget-image img{vertical-align:middle;display:inline-block}<\/style>\t\t\t\t\t\t\t\t\t\t<img fetchpriority=\"high\" decoding=\"async\" width=\"226\" height=\"300\" src=\"https:\/\/xn--duyapyaynlar-84be.com\/wp-content\/uploads\/2024\/03\/Picture9-e1709726161122-226x300.jpg\" class=\"attachment-medium size-medium wp-image-2113\" alt=\"\" srcset=\"https:\/\/xn--duyapyaynlar-84be.com\/wp-content\/uploads\/2024\/03\/Picture9-e1709726161122-226x300.jpg 226w, https:\/\/xn--duyapyaynlar-84be.com\/wp-content\/uploads\/2024\/03\/Picture9-e1709726161122.jpg 425w\" sizes=\"(max-width: 226px) 100vw, 226px\" \/>\t\t\t\t\t\t\t\t\t\t\t\t\t<\/div>\n\t\t\t\t<\/div>\n\t\t\t\t<\/div>\n\t\t<div class=\"elementor-element elementor-element-7ee7620 e-con-full e-flex e-con e-child\" data-id=\"7ee7620\" data-element_type=\"container\" data-settings=\"{&quot;content_width&quot;:&quot;full&quot;}\">\n\t\t\t\t<div class=\"elementor-element elementor-element-d08ae76 elementor-widget elementor-widget-text-editor\" data-id=\"d08ae76\" data-element_type=\"widget\" data-widget_type=\"text-editor.default\">\n\t\t\t\t<div class=\"elementor-widget-container\">\n\t\t\t<style>\/*! elementor - v3.19.0 - 28-02-2024 *\/\n.elementor-widget-text-editor.elementor-drop-cap-view-stacked .elementor-drop-cap{background-color:#69727d;color:#fff}.elementor-widget-text-editor.elementor-drop-cap-view-framed .elementor-drop-cap{color:#69727d;border:3px solid;background-color:transparent}.elementor-widget-text-editor:not(.elementor-drop-cap-view-default) .elementor-drop-cap{margin-top:8px}.elementor-widget-text-editor:not(.elementor-drop-cap-view-default) .elementor-drop-cap-letter{width:1em;height:1em}.elementor-widget-text-editor .elementor-drop-cap{float:left;text-align:center;line-height:1;font-size:50px}.elementor-widget-text-editor .elementor-drop-cap-letter{display:inline-block}<\/style>\t\t\t\t<h4><strong><span style=\"font-style: inherit; text-align: var(--text-align); background-color: var(--ast-global-color-4); color: var(--ast-global-color-3);\">Hal\u00fbk Harun Duman<\/span><\/strong><\/h4><p>\u0130stanbul: DUYAP Medya Yay\u0131nc\u0131l\u0131k, 2019, 546 sayfa+Renkli Resimli. (Ara\u015ft\u0131rma).<\/p><p>Tarihsel k\u00f6kleri binlerce y\u0131l eskiye dayanan T\u00fcrklerin, Sibirya stepleri ve T\u00fcrkistan bozk\u0131rlar\u0131nda ba\u015flayan ya\u015fama ser\u00fcvenleri, zaman i\u00e7inde \u00fc\u00e7 k\u0131taya yay\u0131l\u0131r. \u201cBozk\u0131r\u0131n Efendileri\u201d olarak tarihe ge\u00e7en T\u00fcrkler i\u00e7in &#8220;\u00f6zg\u00fcrl\u00fck&#8221;, &#8220;devlet&#8221; ve &#8220;vatan&#8221; u\u011frunda sava\u015f\u0131lacak de\u011ferlerin ba\u015f\u0131nda gelir. T\u00fcrkler, tarih boyunca sava\u015f\u00e7\u0131 bir ulus olarak ya\u015farlar. Bulunduklar\u0131 co\u011frafyalar\u0131n g\u00fc\u00e7 ko\u015fullar\u0131 onlar\u0131 do\u011fan\u0131n yan\u0131 s\u0131ra, i\u00e7 ve d\u0131\u015f d\u00fc\u015fmanlarla m\u00fccadele i\u00e7ine iter. T\u00fcrklerin sava\u015f\u0131 tarih boyunca bir var olma m\u00fccadelesi olarak alg\u0131lad\u0131klar\u0131 g\u00f6r\u00fcl\u00fcr. Bu nedenle sava\u015flardan s\u00f6z etmeden T\u00fcrk olgusundan ve tarihinden s\u00f6z etmek m\u00fcmk\u00fcn de\u011fildir. Uluslar\u0131n sava\u015flarda elde ettikleri ba\u015far\u0131lar\u0131n arkas\u0131nda bar\u0131\u015f d\u00f6nemlerinde yapt\u0131klar\u0131 asker\u00ee haz\u0131rl\u0131klar \u00f6nemli yer tutar. B\u00fct\u00fcn haz\u0131rl\u0131klar tamamlansa da toplumda sava\u015fma iste\u011fi ve zafer kazanma azmi yoksa yenilgi ka\u00e7\u0131n\u0131lmazd\u0131r. \u0130\u015fte bu hassas noktada, i\u015fin i\u00e7ine sava\u015f d\u0131\u015f\u0131 unsurlar girer. Bunlardan biri de kitleleri harekete ge\u00e7iren, maddi ve manevi a\u00e7\u0131dan moral a\u015f\u0131layan edebiyat ve sanat faaliyetleridir. Orhun Yaz\u0131tlar\u0131ndan (VIII. yy) ba\u015flayan s\u00fcre\u00e7te sava\u015flar T\u00fcrk Edebiyat\u0131\u2019n\u0131n vazge\u00e7ilmez temalar\u0131 olarak kar\u015f\u0131m\u0131za \u00e7\u0131kar. S\u00f6zl\u00fc veya yaz\u0131l\u0131 edebiyat \u00fcr\u00fcnleri bu a\u00e7\u0131dan incelendi\u011finde binlerce sayfa tutacak \u00f6rnek metinlerle kar\u015f\u0131la\u015f\u0131l\u0131r. Destanlar, \u015fiirler, kahramanl\u0131k t\u00fcrk\u00fcleri ve a\u011f\u0131tlarda i\u015flenen sava\u015f, edebiyat\u0131n duygu d\u00fcnyas\u0131nda unutulmaz zenginlikler kazan\u0131r. Bunun gibi \u00f6yk\u00fcler, romanlar, tiyatro eserlerinde sava\u015f, edebiyat\u0131n hayal evreni i\u00e7inde adeta yeniden ya\u015fat\u0131l\u0131r. Sava\u015fa kat\u0131lan ve s\u0131cak \u00e7at\u0131\u015fmalardan etkilenen insanlar\u0131n an\u0131lar\u0131 ise ya\u015fan\u0131lan zorluklar\u0131 yans\u0131tan canl\u0131 tarihlerdir. B\u00fct\u00fcn bu \u00f6rnekler zengin bir T\u00fcrk Sava\u015f Edebiyat\u0131\u2019n\u0131n ortaya \u00e7\u0131kmas\u0131na ve y\u00fczlerce y\u0131l boyunca geli\u015fmesine sebep olur.<\/p><blockquote><p>(Sipari\u015f vermek i\u00e7in 0532 722 23 94, sisterduman@yahoo.com.tr)<\/p><\/blockquote>\t\t\t\t\t\t<\/div>\n\t\t\t\t<\/div>\n\t\t\t\t<\/div>\n\t\t\t\t<\/div>\n\t\t\t\t<\/div>\n\t\t","protected":false},"excerpt":{"rendered":"<p>T\u00fcrk Sava\u015f Edebiyat\u0131 Hal\u00fbk Harun Duman \u0130stanbul: DUYAP Medya Yay\u0131nc\u0131l\u0131k, 2019, 546 sayfa+Renkli Resimli. (Ara\u015ft\u0131rma). Tarihsel k\u00f6kleri binlerce y\u0131l eskiye dayanan T\u00fcrklerin, Sibirya stepleri ve T\u00fcrkistan bozk\u0131rlar\u0131nda ba\u015flayan ya\u015fama ser\u00fcvenleri, zaman i\u00e7inde \u00fc\u00e7 k\u0131taya yay\u0131l\u0131r. \u201cBozk\u0131r\u0131n Efendileri\u201d olarak tarihe ge\u00e7en T\u00fcrkler i\u00e7in &#8220;\u00f6zg\u00fcrl\u00fck&#8221;, &#8220;devlet&#8221; ve &#8220;vatan&#8221; u\u011frunda sava\u015f\u0131lacak de\u011ferlerin ba\u015f\u0131nda gelir. T\u00fcrkler, tarih boyunca sava\u015f\u00e7\u0131 &hellip;<\/p>\n<p class=\"read-more\"> <a class=\"\" href=\"https:\/\/xn--duyapyaynlar-84be.com\/?page_id=2100\"> <span class=\"screen-reader-text\">T\u00fcrk Sava\u015f Edebiyat\u0131<\/span> Devam\u0131 &raquo;<\/a><\/p>\n","protected":false},"author":1,"featured_media":0,"parent":0,"menu_order":0,"comment_status":"closed","ping_status":"closed","template":"","meta":{"om_disable_all_campaigns":false,"_monsterinsights_skip_tracking":false,"_monsterinsights_sitenote_active":false,"_monsterinsights_sitenote_note":"","_monsterinsights_sitenote_category":0,"site-sidebar-layout":"no-sidebar","site-content-layout":"page-builder","ast-site-content-layout":"full-width-container","site-content-style":"default","site-sidebar-style":"default","ast-global-header-display":"","ast-banner-title-visibility":"","ast-main-header-display":"","ast-hfb-above-header-display":"","ast-hfb-below-header-display":"","ast-hfb-mobile-header-display":"","site-post-title":"disabled","ast-breadcrumbs-content":"","ast-featured-img":"disabled","footer-sml-layout":"","theme-transparent-header-meta":"","adv-header-id-meta":"","stick-header-meta":"","header-above-stick-meta":"","header-main-stick-meta":"","header-below-stick-meta":"","astra-migrate-meta-layouts":"","ast-page-background-enabled":"default","ast-page-background-meta":{"desktop":{"background-color":"","background-image":"","background-repeat":"repeat","background-position":"center center","background-size":"auto","background-attachment":"scroll","background-type":"","background-media":"","overlay-type":"","overlay-color":"","overlay-gradient":""},"tablet":{"background-color":"","background-image":"","background-repeat":"repeat","background-position":"center center","background-size":"auto","background-attachment":"scroll","background-type":"","background-media":"","overlay-type":"","overlay-color":"","overlay-gradient":""},"mobile":{"background-color":"","background-image":"","background-repeat":"repeat","background-position":"center center","background-size":"auto","background-attachment":"scroll","background-type":"","background-media":"","overlay-type":"","overlay-color":"","overlay-gradient":""}},"ast-content-background-meta":{"desktop":{"background-color":"var(--ast-global-color-5)","background-image":"","background-repeat":"repeat","background-position":"center center","background-size":"auto","background-attachment":"scroll","background-type":"","background-media":"","overlay-type":"","overlay-color":"","overlay-gradient":""},"tablet":{"background-color":"var(--ast-global-color-5)","background-image":"","background-repeat":"repeat","background-position":"center center","background-size":"auto","background-attachment":"scroll","background-type":"","background-media":"","overlay-type":"","overlay-color":"","overlay-gradient":""},"mobile":{"background-color":"var(--ast-global-color-5)","background-image":"","background-repeat":"repeat","background-position":"center center","background-size":"auto","background-attachment":"scroll","background-type":"","background-media":"","overlay-type":"","overlay-color":"","overlay-gradient":""}},"footnotes":""},"aioseo_notices":[],"_links":{"self":[{"href":"https:\/\/xn--duyapyaynlar-84be.com\/index.php?rest_route=\/wp\/v2\/pages\/2100"}],"collection":[{"href":"https:\/\/xn--duyapyaynlar-84be.com\/index.php?rest_route=\/wp\/v2\/pages"}],"about":[{"href":"https:\/\/xn--duyapyaynlar-84be.com\/index.php?rest_route=\/wp\/v2\/types\/page"}],"author":[{"embeddable":true,"href":"https:\/\/xn--duyapyaynlar-84be.com\/index.php?rest_route=\/wp\/v2\/users\/1"}],"replies":[{"embeddable":true,"href":"https:\/\/xn--duyapyaynlar-84be.com\/index.php?rest_route=%2Fwp%2Fv2%2Fcomments&post=2100"}],"version-history":[{"count":7,"href":"https:\/\/xn--duyapyaynlar-84be.com\/index.php?rest_route=\/wp\/v2\/pages\/2100\/revisions"}],"predecessor-version":[{"id":2122,"href":"https:\/\/xn--duyapyaynlar-84be.com\/index.php?rest_route=\/wp\/v2\/pages\/2100\/revisions\/2122"}],"wp:attachment":[{"href":"https:\/\/xn--duyapyaynlar-84be.com\/index.php?rest_route=%2Fwp%2Fv2%2Fmedia&parent=2100"}],"curies":[{"name":"wp","href":"https:\/\/api.w.org\/{rel}","templated":true}]}}