{"id":1335,"date":"2023-12-14T11:44:26","date_gmt":"2023-12-14T08:44:26","guid":{"rendered":"https:\/\/xn--duyapyaynlar-84be.com\/?page_id=1335"},"modified":"2023-12-25T01:53:56","modified_gmt":"2023-12-24T22:53:56","slug":"sozlu-tarih","status":"publish","type":"page","link":"https:\/\/xn--duyapyaynlar-84be.com\/?page_id=1335","title":{"rendered":"S\u00f6zl\u00fc Tarih"},"content":{"rendered":"\t\t<div data-elementor-type=\"wp-page\" data-elementor-id=\"1335\" class=\"elementor elementor-1335\">\n\t\t\t\t<div class=\"elementor-element elementor-element-68cba12 e-flex e-con-boxed e-con e-parent\" data-id=\"68cba12\" data-element_type=\"container\" data-settings=\"{&quot;content_width&quot;:&quot;boxed&quot;}\" data-core-v316-plus=\"true\">\n\t\t\t\t\t<div class=\"e-con-inner\">\n\t\t\t\t<div class=\"elementor-element elementor-element-e08accd elementor-widget elementor-widget-heading\" data-id=\"e08accd\" data-element_type=\"widget\" data-widget_type=\"heading.default\">\n\t\t\t\t<div class=\"elementor-widget-container\">\n\t\t\t<style>\/*! elementor - v3.19.0 - 28-02-2024 *\/\n.elementor-heading-title{padding:0;margin:0;line-height:1}.elementor-widget-heading .elementor-heading-title[class*=elementor-size-]>a{color:inherit;font-size:inherit;line-height:inherit}.elementor-widget-heading .elementor-heading-title.elementor-size-small{font-size:15px}.elementor-widget-heading .elementor-heading-title.elementor-size-medium{font-size:19px}.elementor-widget-heading .elementor-heading-title.elementor-size-large{font-size:29px}.elementor-widget-heading .elementor-heading-title.elementor-size-xl{font-size:39px}.elementor-widget-heading .elementor-heading-title.elementor-size-xxl{font-size:59px}<\/style><h2 class=\"elementor-heading-title elementor-size-default\">S\u00f6zl\u00fc Tarih<\/h2>\t\t<\/div>\n\t\t\t\t<\/div>\n\t\t\t\t\t<\/div>\n\t\t\t\t<\/div>\n\t\t<div class=\"elementor-element elementor-element-62ce77d e-flex e-con-boxed e-con e-parent\" data-id=\"62ce77d\" data-element_type=\"container\" data-settings=\"{&quot;content_width&quot;:&quot;boxed&quot;}\" data-core-v316-plus=\"true\">\n\t\t\t\t\t<div class=\"e-con-inner\">\n\t\t\t\t<div class=\"elementor-element elementor-element-8a78290 elementor-widget-divider--view-line elementor-widget elementor-widget-divider\" data-id=\"8a78290\" data-element_type=\"widget\" data-widget_type=\"divider.default\">\n\t\t\t\t<div class=\"elementor-widget-container\">\n\t\t\t<style>\/*! elementor - v3.19.0 - 28-02-2024 *\/\n.elementor-widget-divider{--divider-border-style:none;--divider-border-width:1px;--divider-color:#0c0d0e;--divider-icon-size:20px;--divider-element-spacing:10px;--divider-pattern-height:24px;--divider-pattern-size:20px;--divider-pattern-url:none;--divider-pattern-repeat:repeat-x}.elementor-widget-divider .elementor-divider{display:flex}.elementor-widget-divider .elementor-divider__text{font-size:15px;line-height:1;max-width:95%}.elementor-widget-divider .elementor-divider__element{margin:0 var(--divider-element-spacing);flex-shrink:0}.elementor-widget-divider .elementor-icon{font-size:var(--divider-icon-size)}.elementor-widget-divider .elementor-divider-separator{display:flex;margin:0;direction:ltr}.elementor-widget-divider--view-line_icon .elementor-divider-separator,.elementor-widget-divider--view-line_text .elementor-divider-separator{align-items:center}.elementor-widget-divider--view-line_icon .elementor-divider-separator:after,.elementor-widget-divider--view-line_icon .elementor-divider-separator:before,.elementor-widget-divider--view-line_text .elementor-divider-separator:after,.elementor-widget-divider--view-line_text .elementor-divider-separator:before{display:block;content:\"\";border-block-end:0;flex-grow:1;border-block-start:var(--divider-border-width) var(--divider-border-style) var(--divider-color)}.elementor-widget-divider--element-align-left .elementor-divider .elementor-divider-separator>.elementor-divider__svg:first-of-type{flex-grow:0;flex-shrink:100}.elementor-widget-divider--element-align-left .elementor-divider-separator:before{content:none}.elementor-widget-divider--element-align-left .elementor-divider__element{margin-left:0}.elementor-widget-divider--element-align-right .elementor-divider .elementor-divider-separator>.elementor-divider__svg:last-of-type{flex-grow:0;flex-shrink:100}.elementor-widget-divider--element-align-right .elementor-divider-separator:after{content:none}.elementor-widget-divider--element-align-right .elementor-divider__element{margin-right:0}.elementor-widget-divider--element-align-start .elementor-divider .elementor-divider-separator>.elementor-divider__svg:first-of-type{flex-grow:0;flex-shrink:100}.elementor-widget-divider--element-align-start .elementor-divider-separator:before{content:none}.elementor-widget-divider--element-align-start .elementor-divider__element{margin-inline-start:0}.elementor-widget-divider--element-align-end .elementor-divider .elementor-divider-separator>.elementor-divider__svg:last-of-type{flex-grow:0;flex-shrink:100}.elementor-widget-divider--element-align-end .elementor-divider-separator:after{content:none}.elementor-widget-divider--element-align-end .elementor-divider__element{margin-inline-end:0}.elementor-widget-divider:not(.elementor-widget-divider--view-line_text):not(.elementor-widget-divider--view-line_icon) .elementor-divider-separator{border-block-start:var(--divider-border-width) var(--divider-border-style) var(--divider-color)}.elementor-widget-divider--separator-type-pattern{--divider-border-style:none}.elementor-widget-divider--separator-type-pattern.elementor-widget-divider--view-line .elementor-divider-separator,.elementor-widget-divider--separator-type-pattern:not(.elementor-widget-divider--view-line) .elementor-divider-separator:after,.elementor-widget-divider--separator-type-pattern:not(.elementor-widget-divider--view-line) .elementor-divider-separator:before,.elementor-widget-divider--separator-type-pattern:not([class*=elementor-widget-divider--view]) .elementor-divider-separator{width:100%;min-height:var(--divider-pattern-height);-webkit-mask-size:var(--divider-pattern-size) 100%;mask-size:var(--divider-pattern-size) 100%;-webkit-mask-repeat:var(--divider-pattern-repeat);mask-repeat:var(--divider-pattern-repeat);background-color:var(--divider-color);-webkit-mask-image:var(--divider-pattern-url);mask-image:var(--divider-pattern-url)}.elementor-widget-divider--no-spacing{--divider-pattern-size:auto}.elementor-widget-divider--bg-round{--divider-pattern-repeat:round}.rtl .elementor-widget-divider .elementor-divider__text{direction:rtl}.e-con-inner>.elementor-widget-divider,.e-con>.elementor-widget-divider{width:var(--container-widget-width,100%);--flex-grow:var(--container-widget-flex-grow)}<\/style>\t\t<div class=\"elementor-divider\">\n\t\t\t<span class=\"elementor-divider-separator\">\n\t\t\t\t\t\t<\/span>\n\t\t<\/div>\n\t\t\t\t<\/div>\n\t\t\t\t<\/div>\n\t\t\t\t\t<\/div>\n\t\t\t\t<\/div>\n\t\t<div class=\"elementor-element elementor-element-cd702b3 e-flex e-con-boxed e-con e-parent\" data-id=\"cd702b3\" data-element_type=\"container\" data-settings=\"{&quot;content_width&quot;:&quot;boxed&quot;}\" data-core-v316-plus=\"true\">\n\t\t\t\t\t<div class=\"e-con-inner\">\n\t\t\t\t<div class=\"elementor-element elementor-element-bfdf255 elementor-widget elementor-widget-text-editor\" data-id=\"bfdf255\" data-element_type=\"widget\" data-widget_type=\"text-editor.default\">\n\t\t\t\t<div class=\"elementor-widget-container\">\n\t\t\t<style>\/*! elementor - v3.19.0 - 28-02-2024 *\/\n.elementor-widget-text-editor.elementor-drop-cap-view-stacked .elementor-drop-cap{background-color:#69727d;color:#fff}.elementor-widget-text-editor.elementor-drop-cap-view-framed .elementor-drop-cap{color:#69727d;border:3px solid;background-color:transparent}.elementor-widget-text-editor:not(.elementor-drop-cap-view-default) .elementor-drop-cap{margin-top:8px}.elementor-widget-text-editor:not(.elementor-drop-cap-view-default) .elementor-drop-cap-letter{width:1em;height:1em}.elementor-widget-text-editor .elementor-drop-cap{float:left;text-align:center;line-height:1;font-size:50px}.elementor-widget-text-editor .elementor-drop-cap-letter{display:inline-block}<\/style>\t\t\t\t<ul>\n<li>\n<h4><strong>Binlerce y\u0131ld\u0131r tarihe tan\u0131kl\u0131k eden ta\u015flar, a\u011fa\u00e7lar ve di\u011fer maddi unsurlar bir \u015fekilde varl\u0131klar\u0131n\u0131 s\u00fcrd\u00fcrmektedirler. Bilim adamlar\u0131 k\u00fc\u00e7\u00fck bir ta\u015f par\u00e7as\u0131ndan; hatta ta\u015flar \u00fczerindeki \u015fekillerden, yaz\u0131lardan yola \u00e7\u0131karak insanl\u0131k tarihini ayd\u0131nlatan ipu\u00e7lar\u0131 elde etmektedir. Buna kar\u015f\u0131 tarihi yapan ve geli\u015fmesini sa\u011flayan insano\u011flu \u00f6l\u00fcnce b\u00fct\u00fcn bilgi ve birikimi bir anda kendisiyle birlikte yok olmaktad\u0131r. Bilindi\u011fi gibi tarih ara\u015ft\u0131rmalar\u0131 belgeye dayanan bilgilerden olu\u015fur.<\/strong>&nbsp;<\/h4><\/li>\n<li>\n<h4><strong>Ancak her d\u00f6nem veya olay i\u00e7in belge bulmak m\u00fcmk\u00fcn de\u011fildir. An\u0131lar yerine g\u00f6re tarihe tan\u0131kl\u0131k eden belge de\u011ferinde \u00f6nem kazan\u0131rlar. Bu a\u00e7\u0131dan an\u0131lar, tarihi olaylar\u0131 ayd\u0131nlatmada kullan\u0131lacak \u201cyard\u0131mc\u0131\u201d eserler aras\u0131nda ilk s\u0131rada yer al\u0131rlar. Bunun gibi, an\u0131 kitaplar\u0131nda anlat\u0131lanlar\u0131n tarihi bilgi ve belgelerle uyu\u015fmas\u0131, tarih\u00e7i taraf\u0131ndan aran\u0131lan hususlar aras\u0131nda yer al\u0131r. \u00d6zellikle XIX. yy.da yayg\u0131nla\u015fan an\u0131 yazma faaliyeti, bu bak\u0131mdan yaln\u0131z tarih\u00e7ilerin de\u011fil, b\u00fct\u00fcn sosyal bilimcilerin ilgisini \u00e7eker. S\u00f6zl\u00fc olsun yaz\u0131l\u0131 olsun an\u0131lar\u0131 de\u011ferli k\u0131lan en temel \u00f6zellik belgeyle tespit edilemeyecek olaylar\u0131 i\u00e7ermesidir. Bu nedenle tarihi ara\u015ft\u0131rmalar\u0131 ayd\u0131nlatan, yaz\u0131ld\u0131\u011f\u0131 d\u00f6nemin olaylar\u0131 ve insanlar\u0131na \u0131\u015f\u0131k tutan an\u0131lar\u0131n de\u011feri fazlad\u0131r. An\u0131lar ne kadar ki\u015fisel olursa olsun, toplumsal y\u00f6n\u00fc y\u00fcksek olan anlat\u0131lard\u0131r. DUYAP MEDYA YAYINCILIK yapt\u0131\u011f\u0131 ve yapaca\u011f\u0131 yeni yay\u0131nlarla \u00fclkemizin s\u00f6zl\u00fc tarihine \u0131\u015f\u0131k tutmay\u0131 bir hedef olarak belirlemi\u015ftir.<\/strong><\/h4>\n<\/li>\n<\/ul>\t\t\t\t\t\t<\/div>\n\t\t\t\t<\/div>\n\t\t\t\t\t<\/div>\n\t\t\t\t<\/div>\n\t\t\t\t<\/div>\n\t\t","protected":false},"excerpt":{"rendered":"<p>S\u00f6zl\u00fc Tarih Binlerce y\u0131ld\u0131r tarihe tan\u0131kl\u0131k eden ta\u015flar, a\u011fa\u00e7lar ve di\u011fer maddi unsurlar bir \u015fekilde varl\u0131klar\u0131n\u0131 s\u00fcrd\u00fcrmektedirler. Bilim adamlar\u0131 k\u00fc\u00e7\u00fck bir ta\u015f par\u00e7as\u0131ndan; hatta ta\u015flar \u00fczerindeki \u015fekillerden, yaz\u0131lardan yola \u00e7\u0131karak insanl\u0131k tarihini ayd\u0131nlatan ipu\u00e7lar\u0131 elde etmektedir. Buna kar\u015f\u0131 tarihi yapan ve geli\u015fmesini sa\u011flayan insano\u011flu \u00f6l\u00fcnce b\u00fct\u00fcn bilgi ve birikimi bir anda kendisiyle birlikte yok olmaktad\u0131r. &hellip;<\/p>\n<p class=\"read-more\"> <a class=\"\" href=\"https:\/\/xn--duyapyaynlar-84be.com\/?page_id=1335\"> <span class=\"screen-reader-text\">S\u00f6zl\u00fc Tarih<\/span> Devam\u0131 &raquo;<\/a><\/p>\n","protected":false},"author":1,"featured_media":0,"parent":0,"menu_order":0,"comment_status":"closed","ping_status":"closed","template":"","meta":{"om_disable_all_campaigns":false,"_monsterinsights_skip_tracking":false,"_monsterinsights_sitenote_active":false,"_monsterinsights_sitenote_note":"","_monsterinsights_sitenote_category":0,"site-sidebar-layout":"no-sidebar","site-content-layout":"page-builder","ast-site-content-layout":"full-width-container","site-content-style":"default","site-sidebar-style":"default","ast-global-header-display":"","ast-banner-title-visibility":"","ast-main-header-display":"","ast-hfb-above-header-display":"","ast-hfb-below-header-display":"","ast-hfb-mobile-header-display":"","site-post-title":"disabled","ast-breadcrumbs-content":"","ast-featured-img":"disabled","footer-sml-layout":"","theme-transparent-header-meta":"","adv-header-id-meta":"","stick-header-meta":"","header-above-stick-meta":"","header-main-stick-meta":"","header-below-stick-meta":"","astra-migrate-meta-layouts":"","ast-page-background-enabled":"default","ast-page-background-meta":{"desktop":{"background-color":"","background-image":"","background-repeat":"repeat","background-position":"center center","background-size":"auto","background-attachment":"scroll","background-type":"","background-media":"","overlay-type":"","overlay-color":"","overlay-gradient":""},"tablet":{"background-color":"","background-image":"","background-repeat":"repeat","background-position":"center center","background-size":"auto","background-attachment":"scroll","background-type":"","background-media":"","overlay-type":"","overlay-color":"","overlay-gradient":""},"mobile":{"background-color":"","background-image":"","background-repeat":"repeat","background-position":"center center","background-size":"auto","background-attachment":"scroll","background-type":"","background-media":"","overlay-type":"","overlay-color":"","overlay-gradient":""}},"ast-content-background-meta":{"desktop":{"background-color":"var(--ast-global-color-5)","background-image":"","background-repeat":"repeat","background-position":"center center","background-size":"auto","background-attachment":"scroll","background-type":"","background-media":"","overlay-type":"","overlay-color":"","overlay-gradient":""},"tablet":{"background-color":"var(--ast-global-color-5)","background-image":"","background-repeat":"repeat","background-position":"center center","background-size":"auto","background-attachment":"scroll","background-type":"","background-media":"","overlay-type":"","overlay-color":"","overlay-gradient":""},"mobile":{"background-color":"var(--ast-global-color-5)","background-image":"","background-repeat":"repeat","background-position":"center center","background-size":"auto","background-attachment":"scroll","background-type":"","background-media":"","overlay-type":"","overlay-color":"","overlay-gradient":""}},"footnotes":""},"aioseo_notices":[],"_links":{"self":[{"href":"https:\/\/xn--duyapyaynlar-84be.com\/index.php?rest_route=\/wp\/v2\/pages\/1335"}],"collection":[{"href":"https:\/\/xn--duyapyaynlar-84be.com\/index.php?rest_route=\/wp\/v2\/pages"}],"about":[{"href":"https:\/\/xn--duyapyaynlar-84be.com\/index.php?rest_route=\/wp\/v2\/types\/page"}],"author":[{"embeddable":true,"href":"https:\/\/xn--duyapyaynlar-84be.com\/index.php?rest_route=\/wp\/v2\/users\/1"}],"replies":[{"embeddable":true,"href":"https:\/\/xn--duyapyaynlar-84be.com\/index.php?rest_route=%2Fwp%2Fv2%2Fcomments&post=1335"}],"version-history":[{"count":19,"href":"https:\/\/xn--duyapyaynlar-84be.com\/index.php?rest_route=\/wp\/v2\/pages\/1335\/revisions"}],"predecessor-version":[{"id":1858,"href":"https:\/\/xn--duyapyaynlar-84be.com\/index.php?rest_route=\/wp\/v2\/pages\/1335\/revisions\/1858"}],"wp:attachment":[{"href":"https:\/\/xn--duyapyaynlar-84be.com\/index.php?rest_route=%2Fwp%2Fv2%2Fmedia&parent=1335"}],"curies":[{"name":"wp","href":"https:\/\/api.w.org\/{rel}","templated":true}]}}