{"id":1120,"date":"2023-12-10T04:12:42","date_gmt":"2023-12-10T01:12:42","guid":{"rendered":"https:\/\/xn--duyapyaynlar-84be.com\/?page_id=1120"},"modified":"2024-01-02T02:43:10","modified_gmt":"2024-01-01T23:43:10","slug":"ayten-taftali","status":"publish","type":"page","link":"https:\/\/xn--duyapyaynlar-84be.com\/?page_id=1120","title":{"rendered":"Ayten TAFTALI"},"content":{"rendered":"\t\t<div data-elementor-type=\"wp-page\" data-elementor-id=\"1120\" class=\"elementor elementor-1120\">\n\t\t\t\t<div class=\"elementor-element elementor-element-0ccbca3 e-flex e-con-boxed e-con e-parent\" data-id=\"0ccbca3\" data-element_type=\"container\" data-settings=\"{&quot;content_width&quot;:&quot;boxed&quot;}\" data-core-v316-plus=\"true\">\n\t\t\t\t\t<div class=\"e-con-inner\">\n\t\t\t\t<div class=\"elementor-element elementor-element-98dfa6c elementor-widget elementor-widget-heading\" data-id=\"98dfa6c\" data-element_type=\"widget\" data-widget_type=\"heading.default\">\n\t\t\t\t<div class=\"elementor-widget-container\">\n\t\t\t<style>\/*! elementor - v3.19.0 - 28-02-2024 *\/\n.elementor-heading-title{padding:0;margin:0;line-height:1}.elementor-widget-heading .elementor-heading-title[class*=elementor-size-]>a{color:inherit;font-size:inherit;line-height:inherit}.elementor-widget-heading .elementor-heading-title.elementor-size-small{font-size:15px}.elementor-widget-heading .elementor-heading-title.elementor-size-medium{font-size:19px}.elementor-widget-heading .elementor-heading-title.elementor-size-large{font-size:29px}.elementor-widget-heading .elementor-heading-title.elementor-size-xl{font-size:39px}.elementor-widget-heading .elementor-heading-title.elementor-size-xxl{font-size:59px}<\/style><h2 class=\"elementor-heading-title elementor-size-default\">Ayten TAFTALI\n\n<\/h2>\t\t<\/div>\n\t\t\t\t<\/div>\n\t\t\t\t\t<\/div>\n\t\t\t\t<\/div>\n\t\t<div class=\"elementor-element elementor-element-ef61e19 e-flex e-con-boxed e-con e-parent\" data-id=\"ef61e19\" data-element_type=\"container\" data-settings=\"{&quot;content_width&quot;:&quot;boxed&quot;}\" data-core-v316-plus=\"true\">\n\t\t\t\t\t<div class=\"e-con-inner\">\n\t\t<div class=\"elementor-element elementor-element-51de066 e-con-full e-flex e-con e-child\" data-id=\"51de066\" data-element_type=\"container\" data-settings=\"{&quot;content_width&quot;:&quot;full&quot;}\">\n\t\t\t\t<div class=\"elementor-element elementor-element-54876dd elementor-widget elementor-widget-text-editor\" data-id=\"54876dd\" data-element_type=\"widget\" data-widget_type=\"text-editor.default\">\n\t\t\t\t<div class=\"elementor-widget-container\">\n\t\t\t<style>\/*! elementor - v3.19.0 - 28-02-2024 *\/\n.elementor-widget-text-editor.elementor-drop-cap-view-stacked .elementor-drop-cap{background-color:#69727d;color:#fff}.elementor-widget-text-editor.elementor-drop-cap-view-framed .elementor-drop-cap{color:#69727d;border:3px solid;background-color:transparent}.elementor-widget-text-editor:not(.elementor-drop-cap-view-default) .elementor-drop-cap{margin-top:8px}.elementor-widget-text-editor:not(.elementor-drop-cap-view-default) .elementor-drop-cap-letter{width:1em;height:1em}.elementor-widget-text-editor .elementor-drop-cap{float:left;text-align:center;line-height:1;font-size:50px}.elementor-widget-text-editor .elementor-drop-cap-letter{display:inline-block}<\/style>\t\t\t\t<p><b>&nbsp; Erzurum yakla\u015f\u0131k alt\u0131 bin y\u0131la dayanan tarihi ve T\u00fcrkiye Cumhuriyeti&#8217;nin kurulu\u015funda oynad\u0131\u011f\u0131 e\u015fsiz ve \u00f6nemli rol ile tan\u0131nan m\u00fcstesna bir \u015fehrimizdir.<\/b><b> 1928 y\u0131l\u0131nda Erzurum\u2019da do\u011fan Ayten Taftal\u0131 e\u011fitimini Erzurum\u2019da tamamlar. Ayten <\/b><b>Taftal\u0131\u2019n\u0131n<\/b><b> anlatt\u0131klar\u0131 1940-1990 d\u00f6nemini <\/b><b>kapsar.<\/b><\/p>\n<blockquote>(S\u00f6zl\u00fc tarih projesi i\u00e7inde yer almak istiyorsan\u0131z l\u00fctfen bizimle ileti\u015fime ge\u00e7in. -&gt; <span style=\"color: #000000;\"><a style=\"color: #000000;\" href=\"https:\/\/xn--duyapyaynlar-84be.com\/?page_id=184\">T\u0131klay\u0131n\u0131z<\/a>.)<\/span><\/blockquote>\t\t\t\t\t\t<\/div>\n\t\t\t\t<\/div>\n\t\t\t\t<\/div>\n\t\t<div class=\"elementor-element elementor-element-bcc41f7 e-con-full e-flex e-con e-child\" data-id=\"bcc41f7\" data-element_type=\"container\" data-settings=\"{&quot;content_width&quot;:&quot;full&quot;}\">\n\t\t\t\t<div class=\"elementor-element elementor-element-fb6b8c2 elementor-widget elementor-widget-video\" data-id=\"fb6b8c2\" data-element_type=\"widget\" data-settings=\"{&quot;youtube_url&quot;:&quot;https:\\\/\\\/www.youtube.com\\\/watch?v=L4fzjsbd9rc&quot;,&quot;video_type&quot;:&quot;youtube&quot;,&quot;controls&quot;:&quot;yes&quot;}\" data-widget_type=\"video.default\">\n\t\t\t\t<div class=\"elementor-widget-container\">\n\t\t\t<style>\/*! elementor - v3.19.0 - 28-02-2024 *\/\n.elementor-widget-video .elementor-widget-container{overflow:hidden;transform:translateZ(0)}.elementor-widget-video .elementor-wrapper{aspect-ratio:var(--video-aspect-ratio)}.elementor-widget-video .elementor-wrapper iframe,.elementor-widget-video .elementor-wrapper video{height:100%;width:100%;display:flex;border:none;background-color:#000}@supports not (aspect-ratio:1\/1){.elementor-widget-video .elementor-wrapper{position:relative;overflow:hidden;height:0;padding-bottom:calc(100% \/ var(--video-aspect-ratio))}.elementor-widget-video .elementor-wrapper iframe,.elementor-widget-video .elementor-wrapper video{position:absolute;top:0;right:0;bottom:0;left:0}}.elementor-widget-video .elementor-open-inline .elementor-custom-embed-image-overlay{position:absolute;top:0;right:0;bottom:0;left:0;background-size:cover;background-position:50%}.elementor-widget-video .elementor-custom-embed-image-overlay{cursor:pointer;text-align:center}.elementor-widget-video .elementor-custom-embed-image-overlay:hover .elementor-custom-embed-play i{opacity:1}.elementor-widget-video .elementor-custom-embed-image-overlay img{display:block;width:100%;aspect-ratio:var(--video-aspect-ratio);-o-object-fit:cover;object-fit:cover;-o-object-position:center center;object-position:center center}@supports not (aspect-ratio:1\/1){.elementor-widget-video .elementor-custom-embed-image-overlay{position:relative;overflow:hidden;height:0;padding-bottom:calc(100% \/ var(--video-aspect-ratio))}.elementor-widget-video .elementor-custom-embed-image-overlay img{position:absolute;top:0;right:0;bottom:0;left:0}}.elementor-widget-video .e-hosted-video .elementor-video{-o-object-fit:cover;object-fit:cover}.e-con-inner>.elementor-widget-video,.e-con>.elementor-widget-video{width:var(--container-widget-width);--flex-grow:var(--container-widget-flex-grow)}<\/style>\t\t<div class=\"elementor-wrapper elementor-open-inline\">\n\t\t\t<div class=\"elementor-video\"><\/div>\t\t<\/div>\n\t\t\t\t<\/div>\n\t\t\t\t<\/div>\n\t\t\t\t<\/div>\n\t\t\t\t\t<\/div>\n\t\t\t\t<\/div>\n\t\t\t\t<\/div>\n\t\t","protected":false},"excerpt":{"rendered":"<p>Ayten TAFTALI &nbsp; Erzurum yakla\u015f\u0131k alt\u0131 bin y\u0131la dayanan tarihi ve T\u00fcrkiye Cumhuriyeti&#8217;nin kurulu\u015funda oynad\u0131\u011f\u0131 e\u015fsiz ve \u00f6nemli rol ile tan\u0131nan m\u00fcstesna bir \u015fehrimizdir. 1928 y\u0131l\u0131nda Erzurum\u2019da do\u011fan Ayten Taftal\u0131 e\u011fitimini Erzurum\u2019da tamamlar. Ayten Taftal\u0131\u2019n\u0131n anlatt\u0131klar\u0131 1940-1990 d\u00f6nemini kapsar. (S\u00f6zl\u00fc tarih projesi i\u00e7inde yer almak istiyorsan\u0131z l\u00fctfen bizimle ileti\u015fime ge\u00e7in. -&gt; T\u0131klay\u0131n\u0131z.) https:\/\/www.youtube.com\/watch?v=L4fzjsbd9rc<\/p>\n","protected":false},"author":1,"featured_media":0,"parent":0,"menu_order":0,"comment_status":"closed","ping_status":"closed","template":"","meta":{"om_disable_all_campaigns":false,"_monsterinsights_skip_tracking":false,"_monsterinsights_sitenote_active":false,"_monsterinsights_sitenote_note":"","_monsterinsights_sitenote_category":0,"site-sidebar-layout":"no-sidebar","site-content-layout":"page-builder","ast-site-content-layout":"full-width-container","site-content-style":"default","site-sidebar-style":"default","ast-global-header-display":"","ast-banner-title-visibility":"","ast-main-header-display":"","ast-hfb-above-header-display":"","ast-hfb-below-header-display":"","ast-hfb-mobile-header-display":"","site-post-title":"disabled","ast-breadcrumbs-content":"","ast-featured-img":"disabled","footer-sml-layout":"","theme-transparent-header-meta":"","adv-header-id-meta":"","stick-header-meta":"","header-above-stick-meta":"","header-main-stick-meta":"","header-below-stick-meta":"","astra-migrate-meta-layouts":"","ast-page-background-enabled":"default","ast-page-background-meta":{"desktop":{"background-color":"","background-image":"","background-repeat":"repeat","background-position":"center center","background-size":"auto","background-attachment":"scroll","background-type":"","background-media":"","overlay-type":"","overlay-color":"","overlay-gradient":""},"tablet":{"background-color":"","background-image":"","background-repeat":"repeat","background-position":"center center","background-size":"auto","background-attachment":"scroll","background-type":"","background-media":"","overlay-type":"","overlay-color":"","overlay-gradient":""},"mobile":{"background-color":"","background-image":"","background-repeat":"repeat","background-position":"center center","background-size":"auto","background-attachment":"scroll","background-type":"","background-media":"","overlay-type":"","overlay-color":"","overlay-gradient":""}},"ast-content-background-meta":{"desktop":{"background-color":"var(--ast-global-color-5)","background-image":"","background-repeat":"repeat","background-position":"center center","background-size":"auto","background-attachment":"scroll","background-type":"","background-media":"","overlay-type":"","overlay-color":"","overlay-gradient":""},"tablet":{"background-color":"var(--ast-global-color-5)","background-image":"","background-repeat":"repeat","background-position":"center center","background-size":"auto","background-attachment":"scroll","background-type":"","background-media":"","overlay-type":"","overlay-color":"","overlay-gradient":""},"mobile":{"background-color":"var(--ast-global-color-5)","background-image":"","background-repeat":"repeat","background-position":"center center","background-size":"auto","background-attachment":"scroll","background-type":"","background-media":"","overlay-type":"","overlay-color":"","overlay-gradient":""}},"footnotes":""},"aioseo_notices":[],"_links":{"self":[{"href":"https:\/\/xn--duyapyaynlar-84be.com\/index.php?rest_route=\/wp\/v2\/pages\/1120"}],"collection":[{"href":"https:\/\/xn--duyapyaynlar-84be.com\/index.php?rest_route=\/wp\/v2\/pages"}],"about":[{"href":"https:\/\/xn--duyapyaynlar-84be.com\/index.php?rest_route=\/wp\/v2\/types\/page"}],"author":[{"embeddable":true,"href":"https:\/\/xn--duyapyaynlar-84be.com\/index.php?rest_route=\/wp\/v2\/users\/1"}],"replies":[{"embeddable":true,"href":"https:\/\/xn--duyapyaynlar-84be.com\/index.php?rest_route=%2Fwp%2Fv2%2Fcomments&post=1120"}],"version-history":[{"count":28,"href":"https:\/\/xn--duyapyaynlar-84be.com\/index.php?rest_route=\/wp\/v2\/pages\/1120\/revisions"}],"predecessor-version":[{"id":2050,"href":"https:\/\/xn--duyapyaynlar-84be.com\/index.php?rest_route=\/wp\/v2\/pages\/1120\/revisions\/2050"}],"wp:attachment":[{"href":"https:\/\/xn--duyapyaynlar-84be.com\/index.php?rest_route=%2Fwp%2Fv2%2Fmedia&parent=1120"}],"curies":[{"name":"wp","href":"https:\/\/api.w.org\/{rel}","templated":true}]}}